{"id":9832,"date":"2024-11-21T14:21:37","date_gmt":"2024-11-21T13:21:37","guid":{"rendered":"https:\/\/skaven.dk\/surfen-kitesurfen\/"},"modified":"2026-02-09T09:40:46","modified_gmt":"2026-02-09T08:40:46","slug":"surfen-kitesurfen","status":"publish","type":"page","link":"https:\/\/skaven.dk\/de\/surfen-kitesurfen\/","title":{"rendered":"Surfen \/ Kitesurfen"},"content":{"rendered":"\t\t<div data-elementor-type=\"wp-page\" data-elementor-id=\"9832\" class=\"elementor elementor-9832 elementor-9055\" data-elementor-post-type=\"page\">\n\t\t\t\t<div class=\"elementor-element elementor-element-f693fee e-con-full e-flex e-con e-parent\" data-id=\"f693fee\" data-element_type=\"container\" data-e-type=\"container\">\n\t\t\t\t<div class=\"elementor-element elementor-element-1668c36d elementor-widget elementor-widget-template\" data-id=\"1668c36d\" data-element_type=\"widget\" data-e-type=\"widget\" data-widget_type=\"template.default\">\n\t\t\t\t<div class=\"elementor-widget-container\">\n\t\t\t\t\t\t\t<div class=\"elementor-template\">\n\t\t\t\t\t<div data-elementor-type=\"container\" data-elementor-id=\"9929\" class=\"elementor elementor-9929 elementor-6542\" data-elementor-post-type=\"elementor_library\">\n\t\t\t\t<div class=\"elementor-element elementor-element-2bc4b5ab white e-flex e-con-boxed e-con e-parent\" data-id=\"2bc4b5ab\" data-element_type=\"container\" data-e-type=\"container\" data-settings=\"{&quot;background_background&quot;:&quot;classic&quot;}\">\n\t\t\t\t\t<div class=\"e-con-inner\">\n\t\t\t\t<div class=\"elementor-element elementor-element-1d645c29 elementor-icon-list--layout-inline elementor-align-center elementor-list-item-link-full_width elementor-widget elementor-widget-icon-list\" data-id=\"1d645c29\" data-element_type=\"widget\" data-e-type=\"widget\" data-widget_type=\"icon-list.default\">\n\t\t\t\t<div class=\"elementor-widget-container\">\n\t\t\t\t\t\t\t<ul class=\"elementor-icon-list-items elementor-inline-items\">\n\t\t\t\t\t\t\t<li class=\"elementor-icon-list-item elementor-inline-item\">\n\t\t\t\t\t\t\t\t\t\t<span class=\"elementor-icon-list-text\"><a href=\"tel:+45 97 37 40 69\" aria-label=\"Telefon nummer\">+45 97 37 40 69<\/a><\/span>\n\t\t\t\t\t\t\t\t\t<\/li>\n\t\t\t\t\t\t\t\t<li class=\"elementor-icon-list-item elementor-inline-item\">\n\t\t\t\t\t\t\t\t\t\t<span class=\"elementor-icon-list-text\"><a href=\"mailto:info@skaven.dk\" aria-label=\"Email adresse\">info@skaven.dk<\/a><\/span>\n\t\t\t\t\t\t\t\t\t<\/li>\n\t\t\t\t\t\t<\/ul>\n\t\t\t\t\t\t<\/div>\n\t\t\t\t<\/div>\n\t\t\t\t\t<\/div>\n\t\t\t\t<\/div>\n\t\t\t\t<\/div>\n\t\t\t\t<\/div>\n\t\t\t\t\t\t<\/div>\n\t\t\t\t<\/div>\n\t\t\t\t<\/div>\n\t\t<div class=\"elementor-element elementor-element-2066a410 e-flex e-con-boxed e-con e-parent\" data-id=\"2066a410\" data-element_type=\"container\" data-e-type=\"container\">\n\t\t\t\t\t<div class=\"e-con-inner\">\n\t\t<div class=\"elementor-element elementor-element-1e7840a1 e-con-full e-flex e-con e-child\" data-id=\"1e7840a1\" data-element_type=\"container\" data-e-type=\"container\">\n\t\t\t\t<div class=\"elementor-element elementor-element-5058fe2d elementor-widget elementor-widget-text-editor\" data-id=\"5058fe2d\" data-element_type=\"widget\" data-e-type=\"widget\" data-widget_type=\"text-editor.default\">\n\t\t\t\t<div class=\"elementor-widget-container\">\n\t\t\t\t\t\t\t\t\t<h2>Surfen und Kiten am Skaven Beach<\/h2>\n<p>Willkommen in Skaven Strand, der Heimat eines der besten Surfspots in Nordeuropa. Skaven Strand ist aufgrund des flachen Wassers und des fast immer guten Windes ein ideales Gebiet f\u00fcr Surfer und Kitesurfer. Skaven Strand wird jedes Jahr von Tausenden von Surfern besucht, sowohl von Anf\u00e4ngern als auch von Profis. Die Surfer sind sehr zufrieden mit dem Platz, den sie am Strand und auf dem Wasser haben. Am Skaven Strand haben Surfer auch hervorragende Unterkunftsm\u00f6glichkeiten. Skaven Strand Camping og Sommerhusudlejning bietet rund 40 Ferienh\u00e4user, die alle nur 1000 Meter vom Ringk\u00f8bing Fjord entfernt sind. Der Campingplatz liegt direkt am Wasser und Strand.<\/p><\/p>\n\t\t\t\t\t\t\t\t<\/div>\n\t\t\t\t<\/div>\n\t\t\t\t<\/div>\n\t\t<div class=\"elementor-element elementor-element-364ce4d3 e-con-full e-flex e-con e-child\" data-id=\"364ce4d3\" data-element_type=\"container\" data-e-type=\"container\">\n\t\t\t\t<div class=\"elementor-element elementor-element-433b87ff dark elementor-widget elementor-widget-sidebar\" data-id=\"433b87ff\" data-element_type=\"widget\" data-e-type=\"widget\" data-widget_type=\"sidebar.default\">\n\t\t\t\t<div class=\"elementor-widget-container\">\n\t\t\t\t\t<aside id=\"text-10\" class=\"widget-odd widget-first widget-1 widget inner-padding widget_text\"><h2 class=\"widget-title\">Vil du h\u00f8re mere?<\/h2>\t\t\t<div class=\"textwidget\"><p>Udfyld formularen og vi vender tilbage til dig hurtigst muligt.<\/p>\n<\/div>\n\t\t<\/aside><aside id=\"forminator_widget-2\" class=\"widget-even widget-last widget-2 widget inner-padding widget_forminator_widget\"><form id=\"forminator-module-66\" class=\"forminator-custom-form forminator-custom-form-66\" method=\"post\" data-forminator-render=\"0\" data-uid=\"69f7813d9c369\"><div role=\"alert\" aria-live=\"polite\" class=\"forminator-response-message forminator-error\" aria-hidden=\"true\"><\/div><\/form><\/aside>\t\t\t\t<\/div>\n\t\t\t\t<\/div>\n\t\t\t\t<\/div>\n\t\t\t\t\t<\/div>\n\t\t\t\t<\/div>\n\t\t<div class=\"elementor-element elementor-element-42154a5f light e-flex e-con-boxed e-con e-parent\" data-id=\"42154a5f\" data-element_type=\"container\" data-e-type=\"container\">\n\t\t\t\t\t<div class=\"e-con-inner\">\n\t\t\t\t<div class=\"elementor-element elementor-element-d352d50 elementor-widget elementor-widget-gallery\" data-id=\"d352d50\" data-element_type=\"widget\" data-e-type=\"widget\" data-settings=\"{&quot;gap&quot;:{&quot;unit&quot;:&quot;px&quot;,&quot;size&quot;:15,&quot;sizes&quot;:[]},&quot;aspect_ratio&quot;:&quot;1:1&quot;,&quot;columns_tablet&quot;:3,&quot;columns_mobile&quot;:2,&quot;gap_tablet&quot;:{&quot;unit&quot;:&quot;px&quot;,&quot;size&quot;:15,&quot;sizes&quot;:[]},&quot;gap_mobile&quot;:{&quot;unit&quot;:&quot;px&quot;,&quot;size&quot;:15,&quot;sizes&quot;:[]},&quot;lazyload&quot;:&quot;yes&quot;,&quot;gallery_layout&quot;:&quot;grid&quot;,&quot;columns&quot;:4,&quot;gap_laptop&quot;:{&quot;unit&quot;:&quot;px&quot;,&quot;size&quot;:10,&quot;sizes&quot;:[]},&quot;link_to&quot;:&quot;file&quot;,&quot;content_hover_animation&quot;:&quot;fade-in&quot;}\" data-widget_type=\"gallery.default\">\n\t\t\t\t<div class=\"elementor-widget-container\">\n\t\t\t\t\t\t\t<div class=\"elementor-gallery__container\">\n\t\t\t\t\t\t\t<a class=\"e-gallery-item elementor-gallery-item elementor-animated-content\" href=\"https:\/\/skaven.dk\/wp-content\/uploads\/2026\/02\/f62c0705-356a-4d5e-915d-a0f700ac6875.jpg\" data-elementor-open-lightbox=\"yes\" data-elementor-lightbox-slideshow=\"d352d50\" data-e-action-hash=\"#elementor-action%3Aaction%3Dlightbox%26settings%3DeyJpZCI6MTAyODMsInVybCI6Imh0dHBzOlwvXC9za2F2ZW4uZGtcL3dwLWNvbnRlbnRcL3VwbG9hZHNcLzIwMjZcLzAyXC9mNjJjMDcwNS0zNTZhLTRkNWUtOTE1ZC1hMGY3MDBhYzY4NzUuanBnIiwic2xpZGVzaG93IjoiZDM1MmQ1MCJ9\" data-rel=\"-image-0\" data-rl_title=\"\" data-rl_caption=\"\" title=\"\">\n\t\t\t\t\t<div class=\"e-gallery-image elementor-gallery-item__image\" data-thumbnail=\"https:\/\/skaven.dk\/wp-content\/uploads\/2026\/02\/f62c0705-356a-4d5e-915d-a0f700ac6875.jpg\" data-width=\"2048\" data-height=\"1152\" aria-label=\"\" role=\"img\" ><\/div>\n\t\t\t\t\t\t\t\t\t\t\t\t\t\t<\/a>\n\t\t\t\t\t\t\t<a class=\"e-gallery-item elementor-gallery-item elementor-animated-content\" href=\"https:\/\/skaven.dk\/wp-content\/uploads\/2026\/02\/8448d67b-9df1-4e3a-a295-7b1ef79568e5.jpg\" data-elementor-open-lightbox=\"yes\" data-elementor-lightbox-slideshow=\"d352d50\" data-e-action-hash=\"#elementor-action%3Aaction%3Dlightbox%26settings%3DeyJpZCI6MTAyNzcsInVybCI6Imh0dHBzOlwvXC9za2F2ZW4uZGtcL3dwLWNvbnRlbnRcL3VwbG9hZHNcLzIwMjZcLzAyXC84NDQ4ZDY3Yi05ZGYxLTRlM2EtYTI5NS03YjFlZjc5NTY4ZTUuanBnIiwic2xpZGVzaG93IjoiZDM1MmQ1MCJ9\" data-rel=\"-image-1\" data-rl_title=\"\" data-rl_caption=\"\" title=\"\">\n\t\t\t\t\t<div class=\"e-gallery-image elementor-gallery-item__image\" data-thumbnail=\"https:\/\/skaven.dk\/wp-content\/uploads\/2026\/02\/8448d67b-9df1-4e3a-a295-7b1ef79568e5.jpg\" data-width=\"2048\" data-height=\"1152\" aria-label=\"\" role=\"img\" ><\/div>\n\t\t\t\t\t\t\t\t\t\t\t\t\t\t<\/a>\n\t\t\t\t\t\t\t<a class=\"e-gallery-item elementor-gallery-item elementor-animated-content\" href=\"https:\/\/skaven.dk\/wp-content\/uploads\/2026\/02\/48858739-4e58-4c44-b5b8-b9a3b7ea6f8e.jpg\" data-elementor-open-lightbox=\"yes\" data-elementor-lightbox-slideshow=\"d352d50\" data-e-action-hash=\"#elementor-action%3Aaction%3Dlightbox%26settings%3DeyJpZCI6MTAyODAsInVybCI6Imh0dHBzOlwvXC9za2F2ZW4uZGtcL3dwLWNvbnRlbnRcL3VwbG9hZHNcLzIwMjZcLzAyXC80ODg1ODczOS00ZTU4LTRjNDQtYjViOC1iOWEzYjdlYTZmOGUuanBnIiwic2xpZGVzaG93IjoiZDM1MmQ1MCJ9\" data-rel=\"-image-2\" data-rl_title=\"\" data-rl_caption=\"\" title=\"\">\n\t\t\t\t\t<div class=\"e-gallery-image elementor-gallery-item__image\" data-thumbnail=\"https:\/\/skaven.dk\/wp-content\/uploads\/2026\/02\/48858739-4e58-4c44-b5b8-b9a3b7ea6f8e.jpg\" data-width=\"2048\" data-height=\"1152\" aria-label=\"\" role=\"img\" ><\/div>\n\t\t\t\t\t\t\t\t\t\t\t\t\t\t<\/a>\n\t\t\t\t\t\t\t<a class=\"e-gallery-item elementor-gallery-item elementor-animated-content\" href=\"https:\/\/skaven.dk\/wp-content\/uploads\/2025\/01\/image00002.jpg\" data-elementor-open-lightbox=\"yes\" data-elementor-lightbox-slideshow=\"d352d50\" data-e-action-hash=\"#elementor-action%3Aaction%3Dlightbox%26settings%3DeyJpZCI6OTYxNCwidXJsIjoiaHR0cHM6XC9cL3NrYXZlbi5ka1wvd3AtY29udGVudFwvdXBsb2Fkc1wvMjAyNVwvMDFcL2ltYWdlMDAwMDIuanBnIiwic2xpZGVzaG93IjoiZDM1MmQ1MCJ9\" data-rel=\"-image-3\" data-rl_title=\"\" data-rl_caption=\"\" title=\"\">\n\t\t\t\t\t<div class=\"e-gallery-image elementor-gallery-item__image\" data-thumbnail=\"https:\/\/skaven.dk\/wp-content\/uploads\/2025\/01\/image00002.jpg\" data-width=\"1536\" data-height=\"2048\" aria-label=\"\" role=\"img\" ><\/div>\n\t\t\t\t\t\t\t\t\t\t\t\t\t\t<\/a>\n\t\t\t\t\t\t\t<a class=\"e-gallery-item elementor-gallery-item elementor-animated-content\" href=\"https:\/\/skaven.dk\/wp-content\/uploads\/2025\/01\/image00005.jpg\" data-elementor-open-lightbox=\"yes\" data-elementor-lightbox-slideshow=\"d352d50\" data-e-action-hash=\"#elementor-action%3Aaction%3Dlightbox%26settings%3DeyJpZCI6OTYxMSwidXJsIjoiaHR0cHM6XC9cL3NrYXZlbi5ka1wvd3AtY29udGVudFwvdXBsb2Fkc1wvMjAyNVwvMDFcL2ltYWdlMDAwMDUuanBnIiwic2xpZGVzaG93IjoiZDM1MmQ1MCJ9\" data-rel=\"-image-4\" data-rl_title=\"\" data-rl_caption=\"\" title=\"\">\n\t\t\t\t\t<div class=\"e-gallery-image elementor-gallery-item__image\" data-thumbnail=\"https:\/\/skaven.dk\/wp-content\/uploads\/2025\/01\/image00005.jpg\" data-width=\"1536\" data-height=\"2048\" aria-label=\"\" role=\"img\" ><\/div>\n\t\t\t\t\t\t\t\t\t\t\t\t\t\t<\/a>\n\t\t\t\t\t\t\t<a class=\"e-gallery-item elementor-gallery-item elementor-animated-content\" href=\"https:\/\/skaven.dk\/wp-content\/uploads\/2024\/11\/IMG_1775.jpg\" data-elementor-open-lightbox=\"yes\" data-elementor-lightbox-slideshow=\"d352d50\" data-e-action-hash=\"#elementor-action%3Aaction%3Dlightbox%26settings%3DeyJpZCI6OTI4OSwidXJsIjoiaHR0cHM6XC9cL3NrYXZlbi5ka1wvd3AtY29udGVudFwvdXBsb2Fkc1wvMjAyNFwvMTFcL0lNR18xNzc1LmpwZyIsInNsaWRlc2hvdyI6ImQzNTJkNTAifQ%3D%3D\" data-rel=\"-image-5\" data-rl_title=\"\" data-rl_caption=\"\" title=\"\">\n\t\t\t\t\t<div class=\"e-gallery-image elementor-gallery-item__image\" data-thumbnail=\"https:\/\/skaven.dk\/wp-content\/uploads\/2024\/11\/IMG_1775.jpg\" data-width=\"1536\" data-height=\"2048\" aria-label=\"\" role=\"img\" ><\/div>\n\t\t\t\t\t\t\t\t\t\t\t\t\t\t<\/a>\n\t\t\t\t\t\t\t<a class=\"e-gallery-item elementor-gallery-item elementor-animated-content\" href=\"https:\/\/skaven.dk\/wp-content\/uploads\/2024\/11\/IMG_1991.jpg\" data-elementor-open-lightbox=\"yes\" data-elementor-lightbox-slideshow=\"d352d50\" data-e-action-hash=\"#elementor-action%3Aaction%3Dlightbox%26settings%3DeyJpZCI6OTMwMSwidXJsIjoiaHR0cHM6XC9cL3NrYXZlbi5ka1wvd3AtY29udGVudFwvdXBsb2Fkc1wvMjAyNFwvMTFcL0lNR18xOTkxLmpwZyIsInNsaWRlc2hvdyI6ImQzNTJkNTAifQ%3D%3D\" data-rel=\"-image-6\" data-rl_title=\"\" data-rl_caption=\"\" title=\"\">\n\t\t\t\t\t<div class=\"e-gallery-image elementor-gallery-item__image\" data-thumbnail=\"https:\/\/skaven.dk\/wp-content\/uploads\/2024\/11\/IMG_1991.jpg\" data-width=\"1536\" data-height=\"2048\" aria-label=\"\" role=\"img\" ><\/div>\n\t\t\t\t\t\t\t\t\t\t\t\t\t\t<\/a>\n\t\t\t\t\t<\/div>\n\t\t\t\t\t<\/div>\n\t\t\t\t<\/div>\n\t\t\t\t\t<\/div>\n\t\t\t\t<\/div>\n\t\t<div class=\"elementor-element elementor-element-e423aab e-con-full e-flex e-con e-parent\" data-id=\"e423aab\" data-element_type=\"container\" data-e-type=\"container\">\n\t\t\t\t<div class=\"elementor-element elementor-element-34bccb85 elementor-widget elementor-widget-template\" data-id=\"34bccb85\" data-element_type=\"widget\" data-e-type=\"widget\" data-widget_type=\"template.default\">\n\t\t\t\t<div class=\"elementor-widget-container\">\n\t\t\t\t\t\t\t<div class=\"elementor-template\">\n\t\t\t\t\t<div data-elementor-type=\"container\" data-elementor-id=\"10083\" class=\"elementor elementor-10083 elementor-5165\" data-elementor-post-type=\"elementor_library\">\n\t\t\t\t<div class=\"elementor-element elementor-element-293089d overlay white e-flex e-con-boxed e-con e-parent\" data-id=\"293089d\" data-element_type=\"container\" data-e-type=\"container\" data-settings=\"{&quot;background_background&quot;:&quot;classic&quot;}\">\n\t\t\t\t\t<div class=\"e-con-inner\">\n\t\t\t\t<div class=\"elementor-element elementor-element-cb9870c elementor-widget__width-initial elementor-widget elementor-widget-text-editor\" data-id=\"cb9870c\" data-element_type=\"widget\" data-e-type=\"widget\" data-widget_type=\"text-editor.default\">\n\t\t\t\t<div class=\"elementor-widget-container\">\n\t\t\t\t\t\t\t\t\t<h6 style=\"text-align: center;\">Kontaktieren Sie uns heute<\/h6>\n<h3 style=\"text-align: center;\">M\u00f6chten Sie mehr erfahren?<\/h3>\n<p style=\"text-align: center;\">Wir helfen Ihnen gerne, den richtigen Stellplatz oder das richtige Ferienhaus f\u00fcr Ihren n\u00e4chsten Urlaub zu finden.<\/p>\n<p style=\"text-align: center;\">Rufen Sie uns an unter <a href=\"tel:+45 97 37 40 69\" aria-label=\"Telefon nummer\">+45 97 37 40 69<\/a> oder senden Sie eine E-Mail an <a href=\"mailto:info@skaven.dk\" aria-label=\"Email adresse\">info@skaven.dk<\/a>. Wir werden Ihre Anfrage so schnell wie m\u00f6glich beantworten. <\/p>\n\t\t\t\t\t\t\t\t<\/div>\n\t\t\t\t<\/div>\n\t\t\t\t<div class=\"elementor-element elementor-element-ffaa54e elementor-align-center cta elementor-widget elementor-widget-button\" data-id=\"ffaa54e\" data-element_type=\"widget\" data-e-type=\"widget\" data-widget_type=\"button.default\">\n\t\t\t\t<div class=\"elementor-widget-container\">\n\t\t\t\t\t\t\t\t\t<div class=\"elementor-button-wrapper\">\n\t\t\t\t\t<a class=\"elementor-button elementor-button-link elementor-size-sm\" href=\"https:\/\/skaven.dk\/kontakt\/\">\n\t\t\t\t\t\t<span class=\"elementor-button-content-wrapper\">\n\t\t\t\t\t\t\t\t\t<span class=\"elementor-button-text\">Kontaktieren Sie uns heute<\/span>\n\t\t\t\t\t<\/span>\n\t\t\t\t\t<\/a>\n\t\t\t\t<\/div>\n\t\t\t\t\t\t\t\t<\/div>\n\t\t\t\t<\/div>\n\t\t\t\t\t<\/div>\n\t\t\t\t<\/div>\n\t\t\t\t<\/div>\n\t\t\t\t<\/div>\n\t\t\t\t\t\t<\/div>\n\t\t\t\t<\/div>\n\t\t\t\t<\/div>\n\t\t\t\t<\/div>\n\t\t","protected":false},"excerpt":{"rendered":"<p>Surfen und Kiten am Skaven Beach Willkommen in Skaven Strand, der Heimat eines der besten Surfspots in Nordeuropa. Skaven Strand ist aufgrund des flachen Wassers und des fast immer guten Windes ein ideales Gebiet f\u00fcr Surfer und Kitesurfer. Skaven Strand wird jedes Jahr von Tausenden von Surfern besucht, sowohl von Anf\u00e4ngern als auch von Profis. &#8230; <a title=\"Surfen \/ Kitesurfen\" class=\"read-more\" href=\"https:\/\/skaven.dk\/de\/surfen-kitesurfen\/\" aria-label=\"Mehr Informationen \u00fcber Surfen \/ Kitesurfen\">Weiterlesen &#8230;<\/a><\/p>\n","protected":false},"author":5,"featured_media":0,"parent":0,"menu_order":1003,"comment_status":"closed","ping_status":"closed","template":"","meta":{"_acf_changed":false,"footnotes":""},"categories":[],"class_list":["post-9832","page","type-page","status-publish"],"acf":[],"yoast_head":"<!-- This site is optimized with the Yoast SEO plugin v27.5 - https:\/\/yoast.com\/product\/yoast-seo-wordpress\/ -->\n<title>Surfen \/ Kitesurfen | Skaven Strand Camping og Sommerhusudlejning<\/title>\n<meta name=\"robots\" content=\"index, follow, max-snippet:-1, max-image-preview:large, max-video-preview:-1\" \/>\n<link rel=\"canonical\" href=\"https:\/\/skaven.dk\/de\/surfen-kitesurfen\/\" \/>\n<meta property=\"og:locale\" content=\"de_DE\" \/>\n<meta property=\"og:type\" content=\"article\" \/>\n<meta property=\"og:title\" content=\"Surfen \/ Kitesurfen | Skaven Strand Camping og Sommerhusudlejning\" \/>\n<meta property=\"og:description\" content=\"Surfen und Kiten am Skaven Beach Willkommen in Skaven Strand, der Heimat eines der besten Surfspots in Nordeuropa. Skaven Strand ist aufgrund des flachen Wassers und des fast immer guten Windes ein ideales Gebiet f\u00fcr Surfer und Kitesurfer. Skaven Strand wird jedes Jahr von Tausenden von Surfern besucht, sowohl von Anf\u00e4ngern als auch von Profis. ... Weiterlesen ...\" \/>\n<meta property=\"og:url\" content=\"https:\/\/skaven.dk\/de\/surfen-kitesurfen\/\" \/>\n<meta property=\"og:site_name\" content=\"Skaven Strand Camping og Sommerhusudlejning\" \/>\n<meta property=\"article:modified_time\" content=\"2026-02-09T08:40:46+00:00\" \/>\n<meta name=\"twitter:card\" content=\"summary_large_image\" \/>\n<meta name=\"twitter:label1\" content=\"Gesch\u00e4tzte Lesezeit\" \/>\n\t<meta name=\"twitter:data1\" content=\"1\u00a0Minute\" \/>\n<script type=\"application\/ld+json\" class=\"yoast-schema-graph\">{\"@context\":\"https:\\\/\\\/schema.org\",\"@graph\":[{\"@type\":\"WebPage\",\"@id\":\"https:\\\/\\\/skaven.dk\\\/de\\\/surfen-kitesurfen\\\/\",\"url\":\"https:\\\/\\\/skaven.dk\\\/de\\\/surfen-kitesurfen\\\/\",\"name\":\"Surfen \\\/ Kitesurfen | Skaven Strand Camping og Sommerhusudlejning\",\"isPartOf\":{\"@id\":\"https:\\\/\\\/skaven.dk\\\/de\\\/#website\"},\"datePublished\":\"2024-11-21T13:21:37+00:00\",\"dateModified\":\"2026-02-09T08:40:46+00:00\",\"breadcrumb\":{\"@id\":\"https:\\\/\\\/skaven.dk\\\/de\\\/surfen-kitesurfen\\\/#breadcrumb\"},\"inLanguage\":\"de\",\"potentialAction\":[{\"@type\":\"ReadAction\",\"target\":[\"https:\\\/\\\/skaven.dk\\\/de\\\/surfen-kitesurfen\\\/\"]}]},{\"@type\":\"BreadcrumbList\",\"@id\":\"https:\\\/\\\/skaven.dk\\\/de\\\/surfen-kitesurfen\\\/#breadcrumb\",\"itemListElement\":[{\"@type\":\"ListItem\",\"position\":1,\"name\":\"Forside\",\"item\":\"https:\\\/\\\/skaven.dk\\\/de\\\/hauptseite\\\/\"},{\"@type\":\"ListItem\",\"position\":2,\"name\":\"Surfen \\\/ Kitesurfen\"}]},{\"@type\":\"WebSite\",\"@id\":\"https:\\\/\\\/skaven.dk\\\/de\\\/#website\",\"url\":\"https:\\\/\\\/skaven.dk\\\/de\\\/\",\"name\":\"Skaven Strand Camping og Sommerhusudlejning\",\"description\":\"Skaven Strand Camping og Sommerhusudlejning: campinghytter p\u00e5 hyggelig campingpladsen smukt beliggende i Vestjylland\",\"publisher\":{\"@id\":\"https:\\\/\\\/skaven.dk\\\/de\\\/#organization\"},\"potentialAction\":[{\"@type\":\"SearchAction\",\"target\":{\"@type\":\"EntryPoint\",\"urlTemplate\":\"https:\\\/\\\/skaven.dk\\\/de\\\/?s={search_term_string}\"},\"query-input\":{\"@type\":\"PropertyValueSpecification\",\"valueRequired\":true,\"valueName\":\"search_term_string\"}}],\"inLanguage\":\"de\"},{\"@type\":\"Organization\",\"@id\":\"https:\\\/\\\/skaven.dk\\\/de\\\/#organization\",\"name\":\"Skaven Strand Camping og Sommerhusudlejning\",\"url\":\"https:\\\/\\\/skaven.dk\\\/de\\\/\",\"logo\":{\"@type\":\"ImageObject\",\"inLanguage\":\"de\",\"@id\":\"https:\\\/\\\/skaven.dk\\\/de\\\/#\\\/schema\\\/logo\\\/image\\\/\",\"url\":\"https:\\\/\\\/skaven.dk\\\/wp-content\\\/uploads\\\/2024\\\/11\\\/logo.svg\",\"contentUrl\":\"https:\\\/\\\/skaven.dk\\\/wp-content\\\/uploads\\\/2024\\\/11\\\/logo.svg\",\"width\":1592,\"height\":233,\"caption\":\"Skaven Strand Camping og Sommerhusudlejning\"},\"image\":{\"@id\":\"https:\\\/\\\/skaven.dk\\\/de\\\/#\\\/schema\\\/logo\\\/image\\\/\"}}]}<\/script>\n<!-- \/ Yoast SEO plugin. -->","yoast_head_json":{"title":"Surfen \/ Kitesurfen | Skaven Strand Camping og Sommerhusudlejning","robots":{"index":"index","follow":"follow","max-snippet":"max-snippet:-1","max-image-preview":"max-image-preview:large","max-video-preview":"max-video-preview:-1"},"canonical":"https:\/\/skaven.dk\/de\/surfen-kitesurfen\/","og_locale":"de_DE","og_type":"article","og_title":"Surfen \/ Kitesurfen | Skaven Strand Camping og Sommerhusudlejning","og_description":"Surfen und Kiten am Skaven Beach Willkommen in Skaven Strand, der Heimat eines der besten Surfspots in Nordeuropa. Skaven Strand ist aufgrund des flachen Wassers und des fast immer guten Windes ein ideales Gebiet f\u00fcr Surfer und Kitesurfer. Skaven Strand wird jedes Jahr von Tausenden von Surfern besucht, sowohl von Anf\u00e4ngern als auch von Profis. ... Weiterlesen ...","og_url":"https:\/\/skaven.dk\/de\/surfen-kitesurfen\/","og_site_name":"Skaven Strand Camping og Sommerhusudlejning","article_modified_time":"2026-02-09T08:40:46+00:00","twitter_card":"summary_large_image","twitter_misc":{"Gesch\u00e4tzte Lesezeit":"1\u00a0Minute"},"schema":{"@context":"https:\/\/schema.org","@graph":[{"@type":"WebPage","@id":"https:\/\/skaven.dk\/de\/surfen-kitesurfen\/","url":"https:\/\/skaven.dk\/de\/surfen-kitesurfen\/","name":"Surfen \/ Kitesurfen | Skaven Strand Camping og Sommerhusudlejning","isPartOf":{"@id":"https:\/\/skaven.dk\/de\/#website"},"datePublished":"2024-11-21T13:21:37+00:00","dateModified":"2026-02-09T08:40:46+00:00","breadcrumb":{"@id":"https:\/\/skaven.dk\/de\/surfen-kitesurfen\/#breadcrumb"},"inLanguage":"de","potentialAction":[{"@type":"ReadAction","target":["https:\/\/skaven.dk\/de\/surfen-kitesurfen\/"]}]},{"@type":"BreadcrumbList","@id":"https:\/\/skaven.dk\/de\/surfen-kitesurfen\/#breadcrumb","itemListElement":[{"@type":"ListItem","position":1,"name":"Forside","item":"https:\/\/skaven.dk\/de\/hauptseite\/"},{"@type":"ListItem","position":2,"name":"Surfen \/ Kitesurfen"}]},{"@type":"WebSite","@id":"https:\/\/skaven.dk\/de\/#website","url":"https:\/\/skaven.dk\/de\/","name":"Skaven Strand Camping og Sommerhusudlejning","description":"Skaven Strand Camping og Sommerhusudlejning: campinghytter p\u00e5 hyggelig campingpladsen smukt beliggende i Vestjylland","publisher":{"@id":"https:\/\/skaven.dk\/de\/#organization"},"potentialAction":[{"@type":"SearchAction","target":{"@type":"EntryPoint","urlTemplate":"https:\/\/skaven.dk\/de\/?s={search_term_string}"},"query-input":{"@type":"PropertyValueSpecification","valueRequired":true,"valueName":"search_term_string"}}],"inLanguage":"de"},{"@type":"Organization","@id":"https:\/\/skaven.dk\/de\/#organization","name":"Skaven Strand Camping og Sommerhusudlejning","url":"https:\/\/skaven.dk\/de\/","logo":{"@type":"ImageObject","inLanguage":"de","@id":"https:\/\/skaven.dk\/de\/#\/schema\/logo\/image\/","url":"https:\/\/skaven.dk\/wp-content\/uploads\/2024\/11\/logo.svg","contentUrl":"https:\/\/skaven.dk\/wp-content\/uploads\/2024\/11\/logo.svg","width":1592,"height":233,"caption":"Skaven Strand Camping og Sommerhusudlejning"},"image":{"@id":"https:\/\/skaven.dk\/de\/#\/schema\/logo\/image\/"}}]}},"_links":{"self":[{"href":"https:\/\/skaven.dk\/de\/wp-json\/wp\/v2\/pages\/9832","targetHints":{"allow":["GET"]}}],"collection":[{"href":"https:\/\/skaven.dk\/de\/wp-json\/wp\/v2\/pages"}],"about":[{"href":"https:\/\/skaven.dk\/de\/wp-json\/wp\/v2\/types\/page"}],"author":[{"embeddable":true,"href":"https:\/\/skaven.dk\/de\/wp-json\/wp\/v2\/users\/5"}],"replies":[{"embeddable":true,"href":"https:\/\/skaven.dk\/de\/wp-json\/wp\/v2\/comments?post=9832"}],"version-history":[{"count":3,"href":"https:\/\/skaven.dk\/de\/wp-json\/wp\/v2\/pages\/9832\/revisions"}],"predecessor-version":[{"id":10287,"href":"https:\/\/skaven.dk\/de\/wp-json\/wp\/v2\/pages\/9832\/revisions\/10287"}],"wp:attachment":[{"href":"https:\/\/skaven.dk\/de\/wp-json\/wp\/v2\/media?parent=9832"}],"wp:term":[{"taxonomy":"category","embeddable":true,"href":"https:\/\/skaven.dk\/de\/wp-json\/wp\/v2\/categories?post=9832"}],"curies":[{"name":"wp","href":"https:\/\/api.w.org\/{rel}","templated":true}]}}