{"id":9850,"date":"2025-01-17T10:27:52","date_gmt":"2025-01-17T09:27:52","guid":{"rendered":"https:\/\/skaven.dk\/sitzplatzuebersicht\/"},"modified":"2025-03-19T11:10:34","modified_gmt":"2025-03-19T10:10:34","slug":"sitzplatzuebersicht","status":"publish","type":"page","link":"https:\/\/skaven.dk\/de\/sitzplatzuebersicht\/","title":{"rendered":"Sitzplatz\u00fcbersicht"},"content":{"rendered":"\t\t<div data-elementor-type=\"wp-page\" data-elementor-id=\"9850\" class=\"elementor elementor-9850 elementor-9783\" data-elementor-post-type=\"page\">\n\t\t\t\t<div class=\"elementor-element elementor-element-3012258 e-con-full e-flex e-con e-parent\" data-id=\"3012258\" data-element_type=\"container\" data-e-type=\"container\">\n\t\t\t\t<div class=\"elementor-element elementor-element-74e57dce elementor-widget elementor-widget-template\" data-id=\"74e57dce\" data-element_type=\"widget\" data-e-type=\"widget\" data-widget_type=\"template.default\">\n\t\t\t\t<div class=\"elementor-widget-container\">\n\t\t\t\t\t\t\t<div class=\"elementor-template\">\n\t\t\t\t\t<div data-elementor-type=\"container\" data-elementor-id=\"9929\" class=\"elementor elementor-9929 elementor-6542\" data-elementor-post-type=\"elementor_library\">\n\t\t\t\t<div class=\"elementor-element elementor-element-2bc4b5ab white e-flex e-con-boxed e-con e-parent\" data-id=\"2bc4b5ab\" data-element_type=\"container\" data-e-type=\"container\" data-settings=\"{&quot;background_background&quot;:&quot;classic&quot;}\">\n\t\t\t\t\t<div class=\"e-con-inner\">\n\t\t\t\t<div class=\"elementor-element elementor-element-1d645c29 elementor-icon-list--layout-inline elementor-align-center elementor-list-item-link-full_width elementor-widget elementor-widget-icon-list\" data-id=\"1d645c29\" data-element_type=\"widget\" data-e-type=\"widget\" data-widget_type=\"icon-list.default\">\n\t\t\t\t<div class=\"elementor-widget-container\">\n\t\t\t\t\t\t\t<ul class=\"elementor-icon-list-items elementor-inline-items\">\n\t\t\t\t\t\t\t<li class=\"elementor-icon-list-item elementor-inline-item\">\n\t\t\t\t\t\t\t\t\t\t<span class=\"elementor-icon-list-text\"><a href=\"tel:+45 97 37 40 69\" aria-label=\"Telefon nummer\">+45 97 37 40 69<\/a><\/span>\n\t\t\t\t\t\t\t\t\t<\/li>\n\t\t\t\t\t\t\t\t<li class=\"elementor-icon-list-item elementor-inline-item\">\n\t\t\t\t\t\t\t\t\t\t<span class=\"elementor-icon-list-text\"><a href=\"mailto:info@skaven.dk\" aria-label=\"Email adresse\">info@skaven.dk<\/a><\/span>\n\t\t\t\t\t\t\t\t\t<\/li>\n\t\t\t\t\t\t<\/ul>\n\t\t\t\t\t\t<\/div>\n\t\t\t\t<\/div>\n\t\t\t\t\t<\/div>\n\t\t\t\t<\/div>\n\t\t\t\t<\/div>\n\t\t\t\t<\/div>\n\t\t\t\t\t\t<\/div>\n\t\t\t\t<\/div>\n\t\t\t\t<\/div>\n\t\t<div class=\"elementor-element elementor-element-55ad730d e-flex e-con-boxed e-con e-parent\" data-id=\"55ad730d\" data-element_type=\"container\" data-e-type=\"container\">\n\t\t\t\t\t<div class=\"e-con-inner\">\n\t\t<div class=\"elementor-element elementor-element-2cf16ddb e-con-full e-flex e-con e-child\" data-id=\"2cf16ddb\" data-element_type=\"container\" data-e-type=\"container\">\n\t\t\t\t<div class=\"elementor-element elementor-element-8673a60 elementor-widget elementor-widget-text-editor\" data-id=\"8673a60\" data-element_type=\"widget\" data-e-type=\"widget\" data-widget_type=\"text-editor.default\">\n\t\t\t\t<div class=\"elementor-widget-container\">\n\t\t\t\t\t\t\t\t\t<h2>Sitzplatz\u00fcbersicht<\/h2>\n<p><span data-contrast=\"none\">Skaven Strand Camping ist eine fantastische Ferienanlage in malerischer Umgebung am beliebten Skaven Strand. Der Campingplatz bietet eine breite Palette an Einrichtungen und Aktivit\u00e4ten und ist damit die ideale Wahl f\u00fcr Familien und Wanderer, die die d\u00e4nische K\u00fcste genie\u00dfen m\u00f6chten.<\/span><span data-ccp-props=\"{\"134233117\":false,\"134233118\":false,\"335557856\":16777215,\"335559738\":0,\"335559739\":0}\"> <\/span><\/p>\n<p>Hier sehen Sie eine \u00dcbersicht \u00fcber unseren Campingplatz<\/p>\n\t\t\t\t\t\t\t\t<\/div>\n\t\t\t\t<\/div>\n\t\t\t\t<div class=\"elementor-element elementor-element-d21e478 elementor-widget elementor-widget-image\" data-id=\"d21e478\" data-element_type=\"widget\" data-e-type=\"widget\" data-widget_type=\"image.default\">\n\t\t\t\t<div class=\"elementor-widget-container\">\n\t\t\t\t\t\t\t\t\t\t\t\t\t\t\t<img fetchpriority=\"high\" decoding=\"async\" width=\"952\" height=\"629\" src=\"https:\/\/skaven.dk\/wp-content\/uploads\/2025\/01\/pladsoversigt.jpg\" class=\"attachment-large size-large wp-image-9802\" alt=\"\" srcset=\"https:\/\/skaven.dk\/wp-content\/uploads\/2025\/01\/pladsoversigt.jpg 952w, https:\/\/skaven.dk\/wp-content\/uploads\/2025\/01\/pladsoversigt-500x330.jpg 500w, https:\/\/skaven.dk\/wp-content\/uploads\/2025\/01\/pladsoversigt-768x507.jpg 768w\" sizes=\"(max-width: 952px) 100vw, 952px\" \/>\t\t\t\t\t\t\t\t\t\t\t\t\t\t\t<\/div>\n\t\t\t\t<\/div>\n\t\t\t\t<div class=\"elementor-element elementor-element-c291d99 elementor-widget elementor-widget-button\" data-id=\"c291d99\" data-element_type=\"widget\" data-e-type=\"widget\" data-widget_type=\"button.default\">\n\t\t\t\t<div class=\"elementor-widget-container\">\n\t\t\t\t\t\t\t\t\t<div class=\"elementor-button-wrapper\">\n\t\t\t\t\t<a class=\"elementor-button elementor-button-link elementor-size-sm\" href=\"https:\/\/camping.skaven.dk\/daybooking\/step1?cId=248&#038;lc=da&#038;wid=1\">\n\t\t\t\t\t\t<span class=\"elementor-button-content-wrapper\">\n\t\t\t\t\t\t\t\t\t<span class=\"elementor-button-text\">Camping buchen<\/span>\n\t\t\t\t\t<\/span>\n\t\t\t\t\t<\/a>\n\t\t\t\t<\/div>\n\t\t\t\t\t\t\t\t<\/div>\n\t\t\t\t<\/div>\n\t\t\t\t<\/div>\n\t\t<div class=\"elementor-element elementor-element-1c9ed40e e-con-full e-flex e-con e-child\" data-id=\"1c9ed40e\" data-element_type=\"container\" data-e-type=\"container\">\n\t\t\t\t<div class=\"elementor-element elementor-element-2a36750a dark elementor-widget elementor-widget-sidebar\" data-id=\"2a36750a\" data-element_type=\"widget\" data-e-type=\"widget\" data-widget_type=\"sidebar.default\">\n\t\t\t\t<div class=\"elementor-widget-container\">\n\t\t\t\t\t<aside id=\"text-10\" class=\"widget-odd widget-first widget-1 widget inner-padding widget_text\"><h2 class=\"widget-title\">Vil du h\u00f8re mere?<\/h2>\t\t\t<div class=\"textwidget\"><p>Udfyld formularen og vi vender tilbage til dig hurtigst muligt.<\/p>\n<\/div>\n\t\t<\/aside><aside id=\"forminator_widget-2\" class=\"widget-even widget-last widget-2 widget inner-padding widget_forminator_widget\"><form id=\"forminator-module-66\" class=\"forminator-custom-form forminator-custom-form-66\" method=\"post\" data-forminator-render=\"0\" data-uid=\"69f7578fa479f\"><div role=\"alert\" aria-live=\"polite\" class=\"forminator-response-message forminator-error\" aria-hidden=\"true\"><\/div><\/form><\/aside>\t\t\t\t<\/div>\n\t\t\t\t<\/div>\n\t\t\t\t<\/div>\n\t\t\t\t\t<\/div>\n\t\t\t\t<\/div>\n\t\t<div class=\"elementor-element elementor-element-641b3491 light e-flex e-con-boxed e-con e-parent\" data-id=\"641b3491\" data-element_type=\"container\" data-e-type=\"container\">\n\t\t\t\t\t<div class=\"e-con-inner\">\n\t\t\t\t<div class=\"elementor-element elementor-element-5a8fcb71 elementor-widget elementor-widget-gallery\" data-id=\"5a8fcb71\" data-element_type=\"widget\" data-e-type=\"widget\" data-settings=\"{&quot;gap&quot;:{&quot;unit&quot;:&quot;px&quot;,&quot;size&quot;:15,&quot;sizes&quot;:[]},&quot;aspect_ratio&quot;:&quot;1:1&quot;,&quot;columns_tablet&quot;:3,&quot;columns_mobile&quot;:2,&quot;gap_tablet&quot;:{&quot;unit&quot;:&quot;px&quot;,&quot;size&quot;:15,&quot;sizes&quot;:[]},&quot;gap_mobile&quot;:{&quot;unit&quot;:&quot;px&quot;,&quot;size&quot;:15,&quot;sizes&quot;:[]},&quot;lazyload&quot;:&quot;yes&quot;,&quot;gallery_layout&quot;:&quot;grid&quot;,&quot;columns&quot;:4,&quot;gap_laptop&quot;:{&quot;unit&quot;:&quot;px&quot;,&quot;size&quot;:10,&quot;sizes&quot;:[]},&quot;link_to&quot;:&quot;file&quot;,&quot;content_hover_animation&quot;:&quot;fade-in&quot;}\" data-widget_type=\"gallery.default\">\n\t\t\t\t<div class=\"elementor-widget-container\">\n\t\t\t\t\t\t\t<div class=\"elementor-gallery__container\">\n\t\t\t\t\t\t\t<a class=\"e-gallery-item elementor-gallery-item elementor-animated-content\" href=\"https:\/\/skaven.dk\/wp-content\/uploads\/2024\/11\/DSC06108-forside.jpg\" data-elementor-open-lightbox=\"yes\" data-elementor-lightbox-slideshow=\"5a8fcb71\" data-e-action-hash=\"#elementor-action%3Aaction%3Dlightbox%26settings%3DeyJpZCI6OTI1MywidXJsIjoiaHR0cHM6XC9cL3NrYXZlbi5ka1wvd3AtY29udGVudFwvdXBsb2Fkc1wvMjAyNFwvMTFcL0RTQzA2MTA4LWZvcnNpZGUuanBnIiwic2xpZGVzaG93IjoiNWE4ZmNiNzEifQ%3D%3D\" data-rel=\"-image-0\" data-rl_title=\"\" data-rl_caption=\"\" title=\"\">\n\t\t\t\t\t<div class=\"e-gallery-image elementor-gallery-item__image\" data-thumbnail=\"https:\/\/skaven.dk\/wp-content\/uploads\/2024\/11\/DSC06108-forside.jpg\" data-width=\"2048\" data-height=\"1365\" aria-label=\"\" role=\"img\" ><\/div>\n\t\t\t\t\t\t\t\t\t\t\t\t\t\t<\/a>\n\t\t\t\t\t\t\t<a class=\"e-gallery-item elementor-gallery-item elementor-animated-content\" href=\"https:\/\/skaven.dk\/wp-content\/uploads\/2024\/11\/DSC06100-forside.jpg\" data-elementor-open-lightbox=\"yes\" data-elementor-lightbox-slideshow=\"5a8fcb71\" data-e-action-hash=\"#elementor-action%3Aaction%3Dlightbox%26settings%3DeyJpZCI6OTI1MSwidXJsIjoiaHR0cHM6XC9cL3NrYXZlbi5ka1wvd3AtY29udGVudFwvdXBsb2Fkc1wvMjAyNFwvMTFcL0RTQzA2MTAwLWZvcnNpZGUuanBnIiwic2xpZGVzaG93IjoiNWE4ZmNiNzEifQ%3D%3D\" data-rel=\"-image-1\" data-rl_title=\"\" data-rl_caption=\"\" title=\"\">\n\t\t\t\t\t<div class=\"e-gallery-image elementor-gallery-item__image\" data-thumbnail=\"https:\/\/skaven.dk\/wp-content\/uploads\/2024\/11\/DSC06100-forside.jpg\" data-width=\"2048\" data-height=\"1365\" aria-label=\"\" role=\"img\" ><\/div>\n\t\t\t\t\t\t\t\t\t\t\t\t\t\t<\/a>\n\t\t\t\t\t\t\t<a class=\"e-gallery-item elementor-gallery-item elementor-animated-content\" href=\"https:\/\/skaven.dk\/wp-content\/uploads\/2024\/11\/DSC06202-butik.jpg\" data-elementor-open-lightbox=\"yes\" data-elementor-lightbox-slideshow=\"5a8fcb71\" data-e-action-hash=\"#elementor-action%3Aaction%3Dlightbox%26settings%3DeyJpZCI6OTI2MywidXJsIjoiaHR0cHM6XC9cL3NrYXZlbi5ka1wvd3AtY29udGVudFwvdXBsb2Fkc1wvMjAyNFwvMTFcL0RTQzA2MjAyLWJ1dGlrLmpwZyIsInNsaWRlc2hvdyI6IjVhOGZjYjcxIn0%3D\" data-rel=\"-image-2\" data-rl_title=\"\" data-rl_caption=\"\" title=\"\">\n\t\t\t\t\t<div class=\"e-gallery-image elementor-gallery-item__image\" data-thumbnail=\"https:\/\/skaven.dk\/wp-content\/uploads\/2024\/11\/DSC06202-butik.jpg\" data-width=\"2048\" data-height=\"1365\" aria-label=\"\" role=\"img\" ><\/div>\n\t\t\t\t\t\t\t\t\t\t\t\t\t\t<\/a>\n\t\t\t\t\t\t\t<a class=\"e-gallery-item elementor-gallery-item elementor-animated-content\" href=\"https:\/\/skaven.dk\/wp-content\/uploads\/2024\/11\/DJI_0347-Havn.jpg\" data-elementor-open-lightbox=\"yes\" data-elementor-lightbox-slideshow=\"5a8fcb71\" data-e-action-hash=\"#elementor-action%3Aaction%3Dlightbox%26settings%3DeyJpZCI6OTI0NSwidXJsIjoiaHR0cHM6XC9cL3NrYXZlbi5ka1wvd3AtY29udGVudFwvdXBsb2Fkc1wvMjAyNFwvMTFcL0RKSV8wMzQ3LUhhdm4uanBnIiwic2xpZGVzaG93IjoiNWE4ZmNiNzEifQ%3D%3D\" data-rel=\"-image-3\" data-rl_title=\"\" data-rl_caption=\"\" title=\"\">\n\t\t\t\t\t<div class=\"e-gallery-image elementor-gallery-item__image\" data-thumbnail=\"https:\/\/skaven.dk\/wp-content\/uploads\/2024\/11\/DJI_0347-Havn.jpg\" data-width=\"2048\" data-height=\"1365\" aria-label=\"\" role=\"img\" ><\/div>\n\t\t\t\t\t\t\t\t\t\t\t\t\t\t<\/a>\n\t\t\t\t\t<\/div>\n\t\t\t\t\t<\/div>\n\t\t\t\t<\/div>\n\t\t\t\t\t<\/div>\n\t\t\t\t<\/div>\n\t\t<div class=\"elementor-element elementor-element-517e9d3f e-con-full e-flex e-con e-parent\" data-id=\"517e9d3f\" data-element_type=\"container\" data-e-type=\"container\">\n\t\t\t\t<div class=\"elementor-element elementor-element-2c4761d0 elementor-widget elementor-widget-template\" data-id=\"2c4761d0\" data-element_type=\"widget\" data-e-type=\"widget\" data-widget_type=\"template.default\">\n\t\t\t\t<div class=\"elementor-widget-container\">\n\t\t\t\t\t\t\t<div class=\"elementor-template\">\n\t\t\t\t\t<div data-elementor-type=\"container\" data-elementor-id=\"10083\" class=\"elementor elementor-10083 elementor-5165\" data-elementor-post-type=\"elementor_library\">\n\t\t\t\t<div class=\"elementor-element elementor-element-293089d overlay white e-flex e-con-boxed e-con e-parent\" data-id=\"293089d\" data-element_type=\"container\" data-e-type=\"container\" data-settings=\"{&quot;background_background&quot;:&quot;classic&quot;}\">\n\t\t\t\t\t<div class=\"e-con-inner\">\n\t\t\t\t<div class=\"elementor-element elementor-element-cb9870c elementor-widget__width-initial elementor-widget elementor-widget-text-editor\" data-id=\"cb9870c\" data-element_type=\"widget\" data-e-type=\"widget\" data-widget_type=\"text-editor.default\">\n\t\t\t\t<div class=\"elementor-widget-container\">\n\t\t\t\t\t\t\t\t\t<h6 style=\"text-align: center;\">Kontaktieren Sie uns heute<\/h6>\n<h3 style=\"text-align: center;\">M\u00f6chten Sie mehr erfahren?<\/h3>\n<p style=\"text-align: center;\">Wir helfen Ihnen gerne, den richtigen Stellplatz oder das richtige Ferienhaus f\u00fcr Ihren n\u00e4chsten Urlaub zu finden.<\/p>\n<p style=\"text-align: center;\">Rufen Sie uns an unter <a href=\"tel:+45 97 37 40 69\" aria-label=\"Telefon nummer\">+45 97 37 40 69<\/a> oder senden Sie eine E-Mail an <a href=\"mailto:info@skaven.dk\" aria-label=\"Email adresse\">info@skaven.dk<\/a>. Wir werden Ihre Anfrage so schnell wie m\u00f6glich beantworten. <\/p>\n\t\t\t\t\t\t\t\t<\/div>\n\t\t\t\t<\/div>\n\t\t\t\t<div class=\"elementor-element elementor-element-ffaa54e elementor-align-center cta elementor-widget elementor-widget-button\" data-id=\"ffaa54e\" data-element_type=\"widget\" data-e-type=\"widget\" data-widget_type=\"button.default\">\n\t\t\t\t<div class=\"elementor-widget-container\">\n\t\t\t\t\t\t\t\t\t<div class=\"elementor-button-wrapper\">\n\t\t\t\t\t<a class=\"elementor-button elementor-button-link elementor-size-sm\" href=\"https:\/\/skaven.dk\/kontakt\/\">\n\t\t\t\t\t\t<span class=\"elementor-button-content-wrapper\">\n\t\t\t\t\t\t\t\t\t<span class=\"elementor-button-text\">Kontaktieren Sie uns heute<\/span>\n\t\t\t\t\t<\/span>\n\t\t\t\t\t<\/a>\n\t\t\t\t<\/div>\n\t\t\t\t\t\t\t\t<\/div>\n\t\t\t\t<\/div>\n\t\t\t\t\t<\/div>\n\t\t\t\t<\/div>\n\t\t\t\t<\/div>\n\t\t\t\t<\/div>\n\t\t\t\t\t\t<\/div>\n\t\t\t\t<\/div>\n\t\t\t\t<\/div>\n\t\t\t\t<\/div>\n\t\t","protected":false},"excerpt":{"rendered":"<p>Sitzplatz\u00fcbersicht Skaven Strand Camping ist eine fantastische Ferienanlage in malerischer Umgebung am beliebten Skaven Strand. Der Campingplatz bietet eine breite Palette an Einrichtungen und Aktivit\u00e4ten und ist damit die ideale Wahl f\u00fcr Familien und Wanderer, die die d\u00e4nische K\u00fcste genie\u00dfen m\u00f6chten. Hier sehen Sie eine \u00dcbersicht \u00fcber unseren Campingplatz Camping buchen<\/p>\n","protected":false},"author":5,"featured_media":0,"parent":0,"menu_order":0,"comment_status":"closed","ping_status":"closed","template":"","meta":{"_acf_changed":false,"footnotes":""},"categories":[],"class_list":["post-9850","page","type-page","status-publish"],"acf":[],"yoast_head":"<!-- This site is optimized with the Yoast SEO plugin v27.5 - https:\/\/yoast.com\/product\/yoast-seo-wordpress\/ -->\n<title>Sitzplatz\u00fcbersicht | Skaven Strand Camping og Sommerhusudlejning<\/title>\n<meta name=\"robots\" content=\"index, follow, max-snippet:-1, max-image-preview:large, max-video-preview:-1\" \/>\n<link rel=\"canonical\" href=\"https:\/\/skaven.dk\/de\/sitzplatzuebersicht\/\" \/>\n<meta property=\"og:locale\" content=\"de_DE\" \/>\n<meta property=\"og:type\" content=\"article\" \/>\n<meta property=\"og:title\" content=\"Sitzplatz\u00fcbersicht | Skaven Strand Camping og Sommerhusudlejning\" \/>\n<meta property=\"og:description\" content=\"Sitzplatz\u00fcbersicht Skaven Strand Camping ist eine fantastische Ferienanlage in malerischer Umgebung am beliebten Skaven Strand. Der Campingplatz bietet eine breite Palette an Einrichtungen und Aktivit\u00e4ten und ist damit die ideale Wahl f\u00fcr Familien und Wanderer, die die d\u00e4nische K\u00fcste genie\u00dfen m\u00f6chten. Hier sehen Sie eine \u00dcbersicht \u00fcber unseren Campingplatz Camping buchen\" \/>\n<meta property=\"og:url\" content=\"https:\/\/skaven.dk\/de\/sitzplatzuebersicht\/\" \/>\n<meta property=\"og:site_name\" content=\"Skaven Strand Camping og Sommerhusudlejning\" \/>\n<meta property=\"article:modified_time\" content=\"2025-03-19T10:10:34+00:00\" \/>\n<meta property=\"og:image\" content=\"https:\/\/skaven.dk\/wp-content\/uploads\/2025\/01\/pladsoversigt.jpg\" \/>\n\t<meta property=\"og:image:width\" content=\"952\" \/>\n\t<meta property=\"og:image:height\" content=\"629\" \/>\n\t<meta property=\"og:image:type\" content=\"image\/jpeg\" \/>\n<meta name=\"twitter:card\" content=\"summary_large_image\" \/>\n<script type=\"application\/ld+json\" class=\"yoast-schema-graph\">{\"@context\":\"https:\\\/\\\/schema.org\",\"@graph\":[{\"@type\":\"WebPage\",\"@id\":\"https:\\\/\\\/skaven.dk\\\/de\\\/sitzplatzuebersicht\\\/\",\"url\":\"https:\\\/\\\/skaven.dk\\\/de\\\/sitzplatzuebersicht\\\/\",\"name\":\"Sitzplatz\u00fcbersicht | Skaven Strand Camping og Sommerhusudlejning\",\"isPartOf\":{\"@id\":\"https:\\\/\\\/skaven.dk\\\/de\\\/#website\"},\"primaryImageOfPage\":{\"@id\":\"https:\\\/\\\/skaven.dk\\\/de\\\/sitzplatzuebersicht\\\/#primaryimage\"},\"image\":{\"@id\":\"https:\\\/\\\/skaven.dk\\\/de\\\/sitzplatzuebersicht\\\/#primaryimage\"},\"thumbnailUrl\":\"https:\\\/\\\/skaven.dk\\\/wp-content\\\/uploads\\\/2025\\\/01\\\/pladsoversigt.jpg\",\"datePublished\":\"2025-01-17T09:27:52+00:00\",\"dateModified\":\"2025-03-19T10:10:34+00:00\",\"breadcrumb\":{\"@id\":\"https:\\\/\\\/skaven.dk\\\/de\\\/sitzplatzuebersicht\\\/#breadcrumb\"},\"inLanguage\":\"de\",\"potentialAction\":[{\"@type\":\"ReadAction\",\"target\":[\"https:\\\/\\\/skaven.dk\\\/de\\\/sitzplatzuebersicht\\\/\"]}]},{\"@type\":\"ImageObject\",\"inLanguage\":\"de\",\"@id\":\"https:\\\/\\\/skaven.dk\\\/de\\\/sitzplatzuebersicht\\\/#primaryimage\",\"url\":\"https:\\\/\\\/skaven.dk\\\/wp-content\\\/uploads\\\/2025\\\/01\\\/pladsoversigt.jpg\",\"contentUrl\":\"https:\\\/\\\/skaven.dk\\\/wp-content\\\/uploads\\\/2025\\\/01\\\/pladsoversigt.jpg\"},{\"@type\":\"BreadcrumbList\",\"@id\":\"https:\\\/\\\/skaven.dk\\\/de\\\/sitzplatzuebersicht\\\/#breadcrumb\",\"itemListElement\":[{\"@type\":\"ListItem\",\"position\":1,\"name\":\"Forside\",\"item\":\"https:\\\/\\\/skaven.dk\\\/de\\\/hauptseite\\\/\"},{\"@type\":\"ListItem\",\"position\":2,\"name\":\"Sitzplatz\u00fcbersicht\"}]},{\"@type\":\"WebSite\",\"@id\":\"https:\\\/\\\/skaven.dk\\\/de\\\/#website\",\"url\":\"https:\\\/\\\/skaven.dk\\\/de\\\/\",\"name\":\"Skaven Strand Camping og Sommerhusudlejning\",\"description\":\"Skaven Strand Camping og Sommerhusudlejning: campinghytter p\u00e5 hyggelig campingpladsen smukt beliggende i Vestjylland\",\"publisher\":{\"@id\":\"https:\\\/\\\/skaven.dk\\\/de\\\/#organization\"},\"potentialAction\":[{\"@type\":\"SearchAction\",\"target\":{\"@type\":\"EntryPoint\",\"urlTemplate\":\"https:\\\/\\\/skaven.dk\\\/de\\\/?s={search_term_string}\"},\"query-input\":{\"@type\":\"PropertyValueSpecification\",\"valueRequired\":true,\"valueName\":\"search_term_string\"}}],\"inLanguage\":\"de\"},{\"@type\":\"Organization\",\"@id\":\"https:\\\/\\\/skaven.dk\\\/de\\\/#organization\",\"name\":\"Skaven Strand Camping og Sommerhusudlejning\",\"url\":\"https:\\\/\\\/skaven.dk\\\/de\\\/\",\"logo\":{\"@type\":\"ImageObject\",\"inLanguage\":\"de\",\"@id\":\"https:\\\/\\\/skaven.dk\\\/de\\\/#\\\/schema\\\/logo\\\/image\\\/\",\"url\":\"https:\\\/\\\/skaven.dk\\\/wp-content\\\/uploads\\\/2024\\\/11\\\/logo.svg\",\"contentUrl\":\"https:\\\/\\\/skaven.dk\\\/wp-content\\\/uploads\\\/2024\\\/11\\\/logo.svg\",\"width\":1592,\"height\":233,\"caption\":\"Skaven Strand Camping og Sommerhusudlejning\"},\"image\":{\"@id\":\"https:\\\/\\\/skaven.dk\\\/de\\\/#\\\/schema\\\/logo\\\/image\\\/\"}}]}<\/script>\n<!-- \/ Yoast SEO plugin. -->","yoast_head_json":{"title":"Sitzplatz\u00fcbersicht | Skaven Strand Camping og Sommerhusudlejning","robots":{"index":"index","follow":"follow","max-snippet":"max-snippet:-1","max-image-preview":"max-image-preview:large","max-video-preview":"max-video-preview:-1"},"canonical":"https:\/\/skaven.dk\/de\/sitzplatzuebersicht\/","og_locale":"de_DE","og_type":"article","og_title":"Sitzplatz\u00fcbersicht | Skaven Strand Camping og Sommerhusudlejning","og_description":"Sitzplatz\u00fcbersicht Skaven Strand Camping ist eine fantastische Ferienanlage in malerischer Umgebung am beliebten Skaven Strand. Der Campingplatz bietet eine breite Palette an Einrichtungen und Aktivit\u00e4ten und ist damit die ideale Wahl f\u00fcr Familien und Wanderer, die die d\u00e4nische K\u00fcste genie\u00dfen m\u00f6chten. Hier sehen Sie eine \u00dcbersicht \u00fcber unseren Campingplatz Camping buchen","og_url":"https:\/\/skaven.dk\/de\/sitzplatzuebersicht\/","og_site_name":"Skaven Strand Camping og Sommerhusudlejning","article_modified_time":"2025-03-19T10:10:34+00:00","og_image":[{"width":952,"height":629,"url":"https:\/\/skaven.dk\/wp-content\/uploads\/2025\/01\/pladsoversigt.jpg","type":"image\/jpeg"}],"twitter_card":"summary_large_image","schema":{"@context":"https:\/\/schema.org","@graph":[{"@type":"WebPage","@id":"https:\/\/skaven.dk\/de\/sitzplatzuebersicht\/","url":"https:\/\/skaven.dk\/de\/sitzplatzuebersicht\/","name":"Sitzplatz\u00fcbersicht | Skaven Strand Camping og Sommerhusudlejning","isPartOf":{"@id":"https:\/\/skaven.dk\/de\/#website"},"primaryImageOfPage":{"@id":"https:\/\/skaven.dk\/de\/sitzplatzuebersicht\/#primaryimage"},"image":{"@id":"https:\/\/skaven.dk\/de\/sitzplatzuebersicht\/#primaryimage"},"thumbnailUrl":"https:\/\/skaven.dk\/wp-content\/uploads\/2025\/01\/pladsoversigt.jpg","datePublished":"2025-01-17T09:27:52+00:00","dateModified":"2025-03-19T10:10:34+00:00","breadcrumb":{"@id":"https:\/\/skaven.dk\/de\/sitzplatzuebersicht\/#breadcrumb"},"inLanguage":"de","potentialAction":[{"@type":"ReadAction","target":["https:\/\/skaven.dk\/de\/sitzplatzuebersicht\/"]}]},{"@type":"ImageObject","inLanguage":"de","@id":"https:\/\/skaven.dk\/de\/sitzplatzuebersicht\/#primaryimage","url":"https:\/\/skaven.dk\/wp-content\/uploads\/2025\/01\/pladsoversigt.jpg","contentUrl":"https:\/\/skaven.dk\/wp-content\/uploads\/2025\/01\/pladsoversigt.jpg"},{"@type":"BreadcrumbList","@id":"https:\/\/skaven.dk\/de\/sitzplatzuebersicht\/#breadcrumb","itemListElement":[{"@type":"ListItem","position":1,"name":"Forside","item":"https:\/\/skaven.dk\/de\/hauptseite\/"},{"@type":"ListItem","position":2,"name":"Sitzplatz\u00fcbersicht"}]},{"@type":"WebSite","@id":"https:\/\/skaven.dk\/de\/#website","url":"https:\/\/skaven.dk\/de\/","name":"Skaven Strand Camping og Sommerhusudlejning","description":"Skaven Strand Camping og Sommerhusudlejning: campinghytter p\u00e5 hyggelig campingpladsen smukt beliggende i Vestjylland","publisher":{"@id":"https:\/\/skaven.dk\/de\/#organization"},"potentialAction":[{"@type":"SearchAction","target":{"@type":"EntryPoint","urlTemplate":"https:\/\/skaven.dk\/de\/?s={search_term_string}"},"query-input":{"@type":"PropertyValueSpecification","valueRequired":true,"valueName":"search_term_string"}}],"inLanguage":"de"},{"@type":"Organization","@id":"https:\/\/skaven.dk\/de\/#organization","name":"Skaven Strand Camping og Sommerhusudlejning","url":"https:\/\/skaven.dk\/de\/","logo":{"@type":"ImageObject","inLanguage":"de","@id":"https:\/\/skaven.dk\/de\/#\/schema\/logo\/image\/","url":"https:\/\/skaven.dk\/wp-content\/uploads\/2024\/11\/logo.svg","contentUrl":"https:\/\/skaven.dk\/wp-content\/uploads\/2024\/11\/logo.svg","width":1592,"height":233,"caption":"Skaven Strand Camping og Sommerhusudlejning"},"image":{"@id":"https:\/\/skaven.dk\/de\/#\/schema\/logo\/image\/"}}]}},"_links":{"self":[{"href":"https:\/\/skaven.dk\/de\/wp-json\/wp\/v2\/pages\/9850","targetHints":{"allow":["GET"]}}],"collection":[{"href":"https:\/\/skaven.dk\/de\/wp-json\/wp\/v2\/pages"}],"about":[{"href":"https:\/\/skaven.dk\/de\/wp-json\/wp\/v2\/types\/page"}],"author":[{"embeddable":true,"href":"https:\/\/skaven.dk\/de\/wp-json\/wp\/v2\/users\/5"}],"replies":[{"embeddable":true,"href":"https:\/\/skaven.dk\/de\/wp-json\/wp\/v2\/comments?post=9850"}],"version-history":[{"count":1,"href":"https:\/\/skaven.dk\/de\/wp-json\/wp\/v2\/pages\/9850\/revisions"}],"predecessor-version":[{"id":9851,"href":"https:\/\/skaven.dk\/de\/wp-json\/wp\/v2\/pages\/9850\/revisions\/9851"}],"wp:attachment":[{"href":"https:\/\/skaven.dk\/de\/wp-json\/wp\/v2\/media?parent=9850"}],"wp:term":[{"taxonomy":"category","embeddable":true,"href":"https:\/\/skaven.dk\/de\/wp-json\/wp\/v2\/categories?post=9850"}],"curies":[{"name":"wp","href":"https:\/\/api.w.org\/{rel}","templated":true}]}}