{"id":9863,"date":"2024-11-21T14:21:37","date_gmt":"2024-11-21T13:21:37","guid":{"rendered":"https:\/\/skaven.dk\/ueber-uns\/"},"modified":"2025-03-19T11:11:16","modified_gmt":"2025-03-19T10:11:16","slug":"ueber-uns","status":"publish","type":"page","link":"https:\/\/skaven.dk\/de\/ueber-uns\/","title":{"rendered":"\u00dcber uns"},"content":{"rendered":"\t\t<div data-elementor-type=\"wp-page\" data-elementor-id=\"9863\" class=\"elementor elementor-9863 elementor-9060\" data-elementor-post-type=\"page\">\n\t\t\t\t<div class=\"elementor-element elementor-element-211ef840 e-con-full e-flex e-con e-parent\" data-id=\"211ef840\" data-element_type=\"container\" data-e-type=\"container\">\n\t\t\t\t<div class=\"elementor-element elementor-element-3c69fadc elementor-widget elementor-widget-template\" data-id=\"3c69fadc\" data-element_type=\"widget\" data-e-type=\"widget\" data-widget_type=\"template.default\">\n\t\t\t\t<div class=\"elementor-widget-container\">\n\t\t\t\t\t\t\t<div class=\"elementor-template\">\n\t\t\t\t\t<div data-elementor-type=\"container\" data-elementor-id=\"9929\" class=\"elementor elementor-9929 elementor-6542\" data-elementor-post-type=\"elementor_library\">\n\t\t\t\t<div class=\"elementor-element elementor-element-2bc4b5ab white e-flex e-con-boxed e-con e-parent\" data-id=\"2bc4b5ab\" data-element_type=\"container\" data-e-type=\"container\" data-settings=\"{&quot;background_background&quot;:&quot;classic&quot;}\">\n\t\t\t\t\t<div class=\"e-con-inner\">\n\t\t\t\t<div class=\"elementor-element elementor-element-1d645c29 elementor-icon-list--layout-inline elementor-align-center elementor-list-item-link-full_width elementor-widget elementor-widget-icon-list\" data-id=\"1d645c29\" data-element_type=\"widget\" data-e-type=\"widget\" data-widget_type=\"icon-list.default\">\n\t\t\t\t<div class=\"elementor-widget-container\">\n\t\t\t\t\t\t\t<ul class=\"elementor-icon-list-items elementor-inline-items\">\n\t\t\t\t\t\t\t<li class=\"elementor-icon-list-item elementor-inline-item\">\n\t\t\t\t\t\t\t\t\t\t<span class=\"elementor-icon-list-text\"><a href=\"tel:+45 97 37 40 69\" aria-label=\"Telefon nummer\">+45 97 37 40 69<\/a><\/span>\n\t\t\t\t\t\t\t\t\t<\/li>\n\t\t\t\t\t\t\t\t<li class=\"elementor-icon-list-item elementor-inline-item\">\n\t\t\t\t\t\t\t\t\t\t<span class=\"elementor-icon-list-text\"><a href=\"mailto:info@skaven.dk\" aria-label=\"Email adresse\">info@skaven.dk<\/a><\/span>\n\t\t\t\t\t\t\t\t\t<\/li>\n\t\t\t\t\t\t<\/ul>\n\t\t\t\t\t\t<\/div>\n\t\t\t\t<\/div>\n\t\t\t\t\t<\/div>\n\t\t\t\t<\/div>\n\t\t\t\t<\/div>\n\t\t\t\t<\/div>\n\t\t\t\t\t\t<\/div>\n\t\t\t\t<\/div>\n\t\t\t\t<\/div>\n\t\t<div class=\"elementor-element elementor-element-281cc3a1 e-flex e-con-boxed e-con e-parent\" data-id=\"281cc3a1\" data-element_type=\"container\" data-e-type=\"container\">\n\t\t\t\t\t<div class=\"e-con-inner\">\n\t\t<div class=\"elementor-element elementor-element-50b3c6ac e-con-full e-flex e-con e-child\" data-id=\"50b3c6ac\" data-element_type=\"container\" data-e-type=\"container\">\n\t\t\t\t<div class=\"elementor-element elementor-element-64dc321c elementor-widget elementor-widget-text-editor\" data-id=\"64dc321c\" data-element_type=\"widget\" data-e-type=\"widget\" data-widget_type=\"text-editor.default\">\n\t\t\t\t<div class=\"elementor-widget-container\">\n\t\t\t\t\t\t\t\t\t<h2>\u00dcber Skaven Strand Camping und Ferienhausvermietung<\/h2>\n<p><span data-contrast=\"none\">Skaven Strand Camping ist eine fantastische Ferienanlage in malerischer Umgebung am beliebten Skaven Strand. Der Campingplatz bietet eine breite Palette an Einrichtungen und Aktivit\u00e4ten und ist damit die ideale Wahl f\u00fcr Familien und Wanderer, die die d\u00e4nische K\u00fcste genie\u00dfen m\u00f6chten.<\/span><span data-ccp-props=\"{\"134233117\":false,\"134233118\":false,\"335557856\":16777215,\"335559738\":0,\"335559739\":0}\"> <\/span><\/p>\n<p><b><span data-contrast=\"none\">Kitesurfen<\/span><\/b><span data-contrast=\"none\">Eine der gro\u00dfen Attraktionen des Skaven Strand Camping sind die hervorragenden M\u00f6glichkeiten zum Kitesurfen. Die windigen Bedingungen am Strand machen ihn zu einem perfekten Ort f\u00fcr Anf\u00e4nger und erfahrene Kitesurfer, die sich auf dem Wasser messen m\u00f6chten. <\/span><span data-ccp-props=\"{\"134233117\":false,\"134233118\":false,\"335557856\":16777215,\"335559738\":0,\"335559739\":0}\"> <\/span><\/p>\n<p><b><span data-contrast=\"none\">Schwimmbad : : Der Campingplatz verf\u00fcgt \u00fcber ein einladendes Schwimmbad.<\/span><\/b><span data-contrast=\"none\">Swimmingpool: Der Campingplatz verf\u00fcgt \u00fcber einen einladenden Swimmingpool, in dem sich sowohl Kinder als auch Erwachsene entspannen und ein erfrischendes Bad nehmen k\u00f6nnen.<\/span><span data-ccp-props=\"{\"134233117\":false,\"134233118\":false,\"335557856\":16777215,\"335559738\":0,\"335559739\":0}\"> <\/span><\/p>\n<p><b><span data-contrast=\"none\">Kleiner Lebensmittelladen<\/span><\/b><span data-contrast=\"none\">F\u00fcr Ihren Komfort bietet Skaven Strand Camping einen kleinen Lebensmittelladen, in dem Sie alles finden, was Sie f\u00fcr Ihren Urlaub brauchen, von Lebensmitteln bis hin zu kleinen Dingen des t\u00e4glichen Bedarfs.<\/span><span data-ccp-props=\"{\"134233117\":false,\"134233118\":false,\"335557856\":16777215,\"335559738\":0,\"335559739\":0}\"> <\/span><\/p>\n<p><b><span data-contrast=\"none\">Fr\u00fchst\u00fcck<\/span><\/b><span data-contrast=\"none\">Ein perfekter Start in den Tag ist das frisch gebackene Fr\u00fchst\u00fccksbrot, das Sie auf dem Campingplatz kaufen k\u00f6nnen. So k\u00f6nnen Sie schnell und einfach ein leckeres Fr\u00fchst\u00fcck zu sich nehmen, bevor Sie zu den Abenteuern des Tages aufbrechen. <\/span><span data-ccp-props=\"{\"134233117\":false,\"134233118\":false,\"335557856\":16777215,\"335559738\":0,\"335559739\":0}\"> <\/span><\/p>\n<p><strong>Grill\/Caf\u00e9:<\/strong> Wir betreiben einen gem\u00fctlichen Grill und ein Caf\u00e9, wo wir k\u00f6stliche Grillgerichte, frische Sandwiches und leckeren Kuchen anbieten. Es ist f\u00fcr jeden etwas dabei! <\/p>\n<p><b><span data-contrast=\"none\">Leckeres Bier von der lokalen Brauerei R\u00e6kkerm\u00f8lle<\/span><\/b><span data-contrast=\"none\">F\u00fcr Bierliebhaber: Sie k\u00f6nnen das lokale Bier von R\u00e6kkerm\u00f8lle Bryghus probieren. Das k\u00f6stliche Bier macht es Ihnen noch leichter, sich zu entspannen und die friedliche Atmosph\u00e4re des Campingplatzes zu genie\u00dfen. <\/span><span data-ccp-props=\"{\"134233117\":false,\"134233118\":false,\"335557856\":16777215,\"335559738\":0,\"335559739\":0}\"> <\/span><\/p>\n<p><b><span data-contrast=\"none\">Eiscreme von Kastberg Ismager<\/span><\/b><span data-contrast=\"none\">Als Kr\u00f6nung des Ganzen bietet Skaven Strand Camping k\u00f6stliches Eis vom \u00f6rtlichen Kastberg Ismager an. Die perfekte Art, sich an einem hei\u00dfen Sommertag abzuk\u00fchlen. <\/span><span data-ccp-props=\"{\"134233117\":false,\"134233118\":false,\"335557856\":16777215,\"335559738\":0,\"335559739\":0}\"> <\/span><\/p>\n<p><b><span data-contrast=\"none\">Gro\u00dfer familienfreundlicher Stellplatz<\/span><\/b><span data-contrast=\"none\">Der Campingplatz verf\u00fcgt \u00fcber 250 Einheiten, darunter sowohl gro\u00dfe als auch kleine H\u00fctten. Ob Sie eine gro\u00dfe Familienh\u00fctte oder eine kleinere Einheit w\u00fcnschen, Sie k\u00f6nnen die Art der Unterkunft w\u00e4hlen, die am besten zu den Bed\u00fcrfnissen Ihrer Familie passt. <\/span><span data-ccp-props=\"{\"134233117\":false,\"134233118\":false,\"335557856\":16777215,\"335559738\":0,\"335559739\":0}\"> <\/span><\/p>\n<p><b><span data-contrast=\"none\">Eigener Angelsee<\/span><\/b><span data-contrast=\"none\">F\u00fcr die Liebhaber des Angelns bietet der Campingplatz einen eigenen Angelsee, in dem Sie Ihr Gl\u00fcck versuchen und vielleicht einen frischen Fang f\u00fcr das Abendessen machen k\u00f6nnen.<\/span><span data-ccp-props=\"{\"134233117\":false,\"134233118\":false,\"335557856\":16777215,\"335559738\":0,\"335559739\":0}\"> <\/span><\/p>\n<p><b><span data-contrast=\"none\">Tolle Spielpl\u00e4tze<\/span><\/b><span data-contrast=\"none\">Es gibt auch mehrere tolle Spielpl\u00e4tze in der Umgebung, die Kinder lieben werden. So k\u00f6nnen die Kinder in einer sicheren Umgebung spielen und entdecken, w\u00e4hrend die Erwachsenen sich entspannen k\u00f6nnen. <\/span><span data-ccp-props=\"{\"134233117\":false,\"134233118\":false,\"335557856\":16777215,\"335559738\":0,\"335559739\":0}\"> <\/span><\/p>\n<p><span data-contrast=\"none\">Das Gastgeberpaar <\/span><b><span data-contrast=\"none\">Flemming und Helene<\/span><\/b><span data-contrast=\"none\">  freuen sich darauf, Sie auf dem Skaven Strand Camping willkommen zu hei\u00dfen. Sie tun ihr Bestes, um sicherzustellen, dass Sie einen fantastischen Urlaub verbringen und Erinnerungen f\u00fcrs Leben schaffen. <\/span><span data-ccp-props=\"{\"134233117\":false,\"134233118\":false,\"335557856\":16777215,\"335559738\":0,\"335559739\":0}\"> <\/span><\/p>\n<p><span data-contrast=\"none\">Alles in allem ist Skaven Strand Camping die ideale Wahl f\u00fcr alle, die einen erholsamen Urlaub mit Aktivit\u00e4ten f\u00fcr die ganze Familie, sch\u00f6ner Natur und einer Atmosph\u00e4re der Ruhe und Gem\u00fctlichkeit suchen.<\/span><span data-ccp-props=\"{\"134233117\":false,\"134233118\":false,\"335557856\":16777215,\"335559738\":0,\"335559739\":0}\"> <\/span><\/p>\n\t\t\t\t\t\t\t\t<\/div>\n\t\t\t\t<\/div>\n\t\t\t\t<\/div>\n\t\t<div class=\"elementor-element elementor-element-54aae66b e-con-full e-flex e-con e-child\" data-id=\"54aae66b\" data-element_type=\"container\" data-e-type=\"container\">\n\t\t\t\t<div class=\"elementor-element elementor-element-45415a88 dark elementor-widget elementor-widget-sidebar\" data-id=\"45415a88\" data-element_type=\"widget\" data-e-type=\"widget\" data-widget_type=\"sidebar.default\">\n\t\t\t\t<div class=\"elementor-widget-container\">\n\t\t\t\t\t<aside id=\"text-10\" class=\"widget-odd widget-first widget-1 widget inner-padding widget_text\"><h2 class=\"widget-title\">Vil du h\u00f8re mere?<\/h2>\t\t\t<div class=\"textwidget\"><p>Udfyld formularen og vi vender tilbage til dig hurtigst muligt.<\/p>\n<\/div>\n\t\t<\/aside><aside id=\"forminator_widget-2\" class=\"widget-even widget-last widget-2 widget inner-padding widget_forminator_widget\"><form id=\"forminator-module-66\" class=\"forminator-custom-form forminator-custom-form-66\" method=\"post\" data-forminator-render=\"0\" data-uid=\"69f76473657e3\"><div role=\"alert\" aria-live=\"polite\" class=\"forminator-response-message forminator-error\" aria-hidden=\"true\"><\/div><\/form><\/aside>\t\t\t\t<\/div>\n\t\t\t\t<\/div>\n\t\t\t\t<\/div>\n\t\t\t\t\t<\/div>\n\t\t\t\t<\/div>\n\t\t<div class=\"elementor-element elementor-element-30f149b3 light e-flex e-con-boxed e-con e-parent\" data-id=\"30f149b3\" data-element_type=\"container\" data-e-type=\"container\">\n\t\t\t\t\t<div class=\"e-con-inner\">\n\t\t\t\t<div class=\"elementor-element elementor-element-2671b0c5 elementor-widget elementor-widget-gallery\" data-id=\"2671b0c5\" data-element_type=\"widget\" data-e-type=\"widget\" data-settings=\"{&quot;gap&quot;:{&quot;unit&quot;:&quot;px&quot;,&quot;size&quot;:15,&quot;sizes&quot;:[]},&quot;aspect_ratio&quot;:&quot;1:1&quot;,&quot;columns_tablet&quot;:3,&quot;columns_mobile&quot;:2,&quot;gap_tablet&quot;:{&quot;unit&quot;:&quot;px&quot;,&quot;size&quot;:15,&quot;sizes&quot;:[]},&quot;gap_mobile&quot;:{&quot;unit&quot;:&quot;px&quot;,&quot;size&quot;:15,&quot;sizes&quot;:[]},&quot;lazyload&quot;:&quot;yes&quot;,&quot;gallery_layout&quot;:&quot;grid&quot;,&quot;columns&quot;:4,&quot;gap_laptop&quot;:{&quot;unit&quot;:&quot;px&quot;,&quot;size&quot;:10,&quot;sizes&quot;:[]},&quot;link_to&quot;:&quot;file&quot;,&quot;content_hover_animation&quot;:&quot;fade-in&quot;}\" data-widget_type=\"gallery.default\">\n\t\t\t\t<div class=\"elementor-widget-container\">\n\t\t\t\t\t\t\t<div class=\"elementor-gallery__container\">\n\t\t\t\t\t\t\t<a class=\"e-gallery-item elementor-gallery-item elementor-animated-content\" href=\"https:\/\/skaven.dk\/wp-content\/uploads\/2024\/11\/DSC06108-forside.jpg\" data-elementor-open-lightbox=\"yes\" data-elementor-lightbox-slideshow=\"2671b0c5\" data-e-action-hash=\"#elementor-action%3Aaction%3Dlightbox%26settings%3DeyJpZCI6OTI1MywidXJsIjoiaHR0cHM6XC9cL3NrYXZlbi5ka1wvd3AtY29udGVudFwvdXBsb2Fkc1wvMjAyNFwvMTFcL0RTQzA2MTA4LWZvcnNpZGUuanBnIiwic2xpZGVzaG93IjoiMjY3MWIwYzUifQ%3D%3D\" data-rel=\"-image-0\" data-rl_title=\"\" data-rl_caption=\"\" title=\"\">\n\t\t\t\t\t<div class=\"e-gallery-image elementor-gallery-item__image\" data-thumbnail=\"https:\/\/skaven.dk\/wp-content\/uploads\/2024\/11\/DSC06108-forside.jpg\" data-width=\"2048\" data-height=\"1365\" aria-label=\"\" role=\"img\" ><\/div>\n\t\t\t\t\t\t\t\t\t\t\t\t\t\t<\/a>\n\t\t\t\t\t\t\t<a class=\"e-gallery-item elementor-gallery-item elementor-animated-content\" href=\"https:\/\/skaven.dk\/wp-content\/uploads\/2024\/11\/DSC06100-forside.jpg\" data-elementor-open-lightbox=\"yes\" data-elementor-lightbox-slideshow=\"2671b0c5\" data-e-action-hash=\"#elementor-action%3Aaction%3Dlightbox%26settings%3DeyJpZCI6OTI1MSwidXJsIjoiaHR0cHM6XC9cL3NrYXZlbi5ka1wvd3AtY29udGVudFwvdXBsb2Fkc1wvMjAyNFwvMTFcL0RTQzA2MTAwLWZvcnNpZGUuanBnIiwic2xpZGVzaG93IjoiMjY3MWIwYzUifQ%3D%3D\" data-rel=\"-image-1\" data-rl_title=\"\" data-rl_caption=\"\" title=\"\">\n\t\t\t\t\t<div class=\"e-gallery-image elementor-gallery-item__image\" data-thumbnail=\"https:\/\/skaven.dk\/wp-content\/uploads\/2024\/11\/DSC06100-forside.jpg\" data-width=\"2048\" data-height=\"1365\" aria-label=\"\" role=\"img\" ><\/div>\n\t\t\t\t\t\t\t\t\t\t\t\t\t\t<\/a>\n\t\t\t\t\t\t\t<a class=\"e-gallery-item elementor-gallery-item elementor-animated-content\" href=\"https:\/\/skaven.dk\/wp-content\/uploads\/2024\/11\/DSC06202-butik.jpg\" data-elementor-open-lightbox=\"yes\" data-elementor-lightbox-slideshow=\"2671b0c5\" data-e-action-hash=\"#elementor-action%3Aaction%3Dlightbox%26settings%3DeyJpZCI6OTI2MywidXJsIjoiaHR0cHM6XC9cL3NrYXZlbi5ka1wvd3AtY29udGVudFwvdXBsb2Fkc1wvMjAyNFwvMTFcL0RTQzA2MjAyLWJ1dGlrLmpwZyIsInNsaWRlc2hvdyI6IjI2NzFiMGM1In0%3D\" data-rel=\"-image-2\" data-rl_title=\"\" data-rl_caption=\"\" title=\"\">\n\t\t\t\t\t<div class=\"e-gallery-image elementor-gallery-item__image\" data-thumbnail=\"https:\/\/skaven.dk\/wp-content\/uploads\/2024\/11\/DSC06202-butik.jpg\" data-width=\"2048\" data-height=\"1365\" aria-label=\"\" role=\"img\" ><\/div>\n\t\t\t\t\t\t\t\t\t\t\t\t\t\t<\/a>\n\t\t\t\t\t\t\t<a class=\"e-gallery-item elementor-gallery-item elementor-animated-content\" href=\"https:\/\/skaven.dk\/wp-content\/uploads\/2024\/11\/DJI_0347-Havn.jpg\" data-elementor-open-lightbox=\"yes\" data-elementor-lightbox-slideshow=\"2671b0c5\" data-e-action-hash=\"#elementor-action%3Aaction%3Dlightbox%26settings%3DeyJpZCI6OTI0NSwidXJsIjoiaHR0cHM6XC9cL3NrYXZlbi5ka1wvd3AtY29udGVudFwvdXBsb2Fkc1wvMjAyNFwvMTFcL0RKSV8wMzQ3LUhhdm4uanBnIiwic2xpZGVzaG93IjoiMjY3MWIwYzUifQ%3D%3D\" data-rel=\"-image-3\" data-rl_title=\"\" data-rl_caption=\"\" title=\"\">\n\t\t\t\t\t<div class=\"e-gallery-image elementor-gallery-item__image\" data-thumbnail=\"https:\/\/skaven.dk\/wp-content\/uploads\/2024\/11\/DJI_0347-Havn.jpg\" data-width=\"2048\" data-height=\"1365\" aria-label=\"\" role=\"img\" ><\/div>\n\t\t\t\t\t\t\t\t\t\t\t\t\t\t<\/a>\n\t\t\t\t\t<\/div>\n\t\t\t\t\t<\/div>\n\t\t\t\t<\/div>\n\t\t\t\t\t<\/div>\n\t\t\t\t<\/div>\n\t\t<div class=\"elementor-element elementor-element-422bdb7f e-con-full e-flex e-con e-parent\" data-id=\"422bdb7f\" data-element_type=\"container\" data-e-type=\"container\">\n\t\t\t\t<div class=\"elementor-element elementor-element-733968ed elementor-widget elementor-widget-template\" data-id=\"733968ed\" data-element_type=\"widget\" data-e-type=\"widget\" data-widget_type=\"template.default\">\n\t\t\t\t<div class=\"elementor-widget-container\">\n\t\t\t\t\t\t\t<div class=\"elementor-template\">\n\t\t\t\t\t<div data-elementor-type=\"container\" data-elementor-id=\"10083\" class=\"elementor elementor-10083 elementor-5165\" data-elementor-post-type=\"elementor_library\">\n\t\t\t\t<div class=\"elementor-element elementor-element-293089d overlay white e-flex e-con-boxed e-con e-parent\" data-id=\"293089d\" data-element_type=\"container\" data-e-type=\"container\" data-settings=\"{&quot;background_background&quot;:&quot;classic&quot;}\">\n\t\t\t\t\t<div class=\"e-con-inner\">\n\t\t\t\t<div class=\"elementor-element elementor-element-cb9870c elementor-widget__width-initial elementor-widget elementor-widget-text-editor\" data-id=\"cb9870c\" data-element_type=\"widget\" data-e-type=\"widget\" data-widget_type=\"text-editor.default\">\n\t\t\t\t<div class=\"elementor-widget-container\">\n\t\t\t\t\t\t\t\t\t<h6 style=\"text-align: center;\">Kontaktieren Sie uns heute<\/h6>\n<h3 style=\"text-align: center;\">M\u00f6chten Sie mehr erfahren?<\/h3>\n<p style=\"text-align: center;\">Wir helfen Ihnen gerne, den richtigen Stellplatz oder das richtige Ferienhaus f\u00fcr Ihren n\u00e4chsten Urlaub zu finden.<\/p>\n<p style=\"text-align: center;\">Rufen Sie uns an unter <a href=\"tel:+45 97 37 40 69\" aria-label=\"Telefon nummer\">+45 97 37 40 69<\/a> oder senden Sie eine E-Mail an <a href=\"mailto:info@skaven.dk\" aria-label=\"Email adresse\">info@skaven.dk<\/a>. Wir werden Ihre Anfrage so schnell wie m\u00f6glich beantworten. <\/p>\n\t\t\t\t\t\t\t\t<\/div>\n\t\t\t\t<\/div>\n\t\t\t\t<div class=\"elementor-element elementor-element-ffaa54e elementor-align-center cta elementor-widget elementor-widget-button\" data-id=\"ffaa54e\" data-element_type=\"widget\" data-e-type=\"widget\" data-widget_type=\"button.default\">\n\t\t\t\t<div class=\"elementor-widget-container\">\n\t\t\t\t\t\t\t\t\t<div class=\"elementor-button-wrapper\">\n\t\t\t\t\t<a class=\"elementor-button elementor-button-link elementor-size-sm\" href=\"https:\/\/skaven.dk\/kontakt\/\">\n\t\t\t\t\t\t<span class=\"elementor-button-content-wrapper\">\n\t\t\t\t\t\t\t\t\t<span class=\"elementor-button-text\">Kontaktieren Sie uns heute<\/span>\n\t\t\t\t\t<\/span>\n\t\t\t\t\t<\/a>\n\t\t\t\t<\/div>\n\t\t\t\t\t\t\t\t<\/div>\n\t\t\t\t<\/div>\n\t\t\t\t\t<\/div>\n\t\t\t\t<\/div>\n\t\t\t\t<\/div>\n\t\t\t\t<\/div>\n\t\t\t\t\t\t<\/div>\n\t\t\t\t<\/div>\n\t\t\t\t<\/div>\n\t\t\t\t<\/div>\n\t\t","protected":false},"excerpt":{"rendered":"<p>\u00dcber Skaven Strand Camping und Ferienhausvermietung Skaven Strand Camping ist eine fantastische Ferienanlage in malerischer Umgebung am beliebten Skaven Strand. Der Campingplatz bietet eine breite Palette an Einrichtungen und Aktivit\u00e4ten und ist damit die ideale Wahl f\u00fcr Familien und Wanderer, die die d\u00e4nische K\u00fcste genie\u00dfen m\u00f6chten. KitesurfenEine der gro\u00dfen Attraktionen des Skaven Strand Camping sind &#8230; <a title=\"\u00dcber uns\" class=\"read-more\" href=\"https:\/\/skaven.dk\/de\/ueber-uns\/\" aria-label=\"Mehr Informationen \u00fcber \u00dcber uns\">Weiterlesen &#8230;<\/a><\/p>\n","protected":false},"author":5,"featured_media":0,"parent":0,"menu_order":1008,"comment_status":"closed","ping_status":"closed","template":"","meta":{"_acf_changed":false,"footnotes":""},"categories":[],"class_list":["post-9863","page","type-page","status-publish"],"acf":[],"yoast_head":"<!-- This site is optimized with the Yoast SEO plugin v27.5 - https:\/\/yoast.com\/product\/yoast-seo-wordpress\/ -->\n<title>\u00dcber uns | Skaven Strand Camping og Sommerhusudlejning<\/title>\n<meta name=\"robots\" content=\"index, follow, max-snippet:-1, max-image-preview:large, max-video-preview:-1\" \/>\n<link rel=\"canonical\" href=\"https:\/\/skaven.dk\/de\/ueber-uns\/\" \/>\n<meta property=\"og:locale\" content=\"de_DE\" \/>\n<meta property=\"og:type\" content=\"article\" \/>\n<meta property=\"og:title\" content=\"\u00dcber uns | Skaven Strand Camping og Sommerhusudlejning\" \/>\n<meta property=\"og:description\" content=\"\u00dcber Skaven Strand Camping und Ferienhausvermietung Skaven Strand Camping ist eine fantastische Ferienanlage in malerischer Umgebung am beliebten Skaven Strand. Der Campingplatz bietet eine breite Palette an Einrichtungen und Aktivit\u00e4ten und ist damit die ideale Wahl f\u00fcr Familien und Wanderer, die die d\u00e4nische K\u00fcste genie\u00dfen m\u00f6chten. KitesurfenEine der gro\u00dfen Attraktionen des Skaven Strand Camping sind ... Weiterlesen ...\" \/>\n<meta property=\"og:url\" content=\"https:\/\/skaven.dk\/de\/ueber-uns\/\" \/>\n<meta property=\"og:site_name\" content=\"Skaven Strand Camping og Sommerhusudlejning\" \/>\n<meta property=\"article:modified_time\" content=\"2025-03-19T10:11:16+00:00\" \/>\n<meta name=\"twitter:card\" content=\"summary_large_image\" \/>\n<meta name=\"twitter:label1\" content=\"Gesch\u00e4tzte Lesezeit\" \/>\n\t<meta name=\"twitter:data1\" content=\"3\u00a0Minuten\" \/>\n<script type=\"application\/ld+json\" class=\"yoast-schema-graph\">{\"@context\":\"https:\\\/\\\/schema.org\",\"@graph\":[{\"@type\":\"WebPage\",\"@id\":\"https:\\\/\\\/skaven.dk\\\/de\\\/ueber-uns\\\/\",\"url\":\"https:\\\/\\\/skaven.dk\\\/de\\\/ueber-uns\\\/\",\"name\":\"\u00dcber uns | Skaven Strand Camping og Sommerhusudlejning\",\"isPartOf\":{\"@id\":\"https:\\\/\\\/skaven.dk\\\/de\\\/#website\"},\"datePublished\":\"2024-11-21T13:21:37+00:00\",\"dateModified\":\"2025-03-19T10:11:16+00:00\",\"breadcrumb\":{\"@id\":\"https:\\\/\\\/skaven.dk\\\/de\\\/ueber-uns\\\/#breadcrumb\"},\"inLanguage\":\"de\",\"potentialAction\":[{\"@type\":\"ReadAction\",\"target\":[\"https:\\\/\\\/skaven.dk\\\/de\\\/ueber-uns\\\/\"]}]},{\"@type\":\"BreadcrumbList\",\"@id\":\"https:\\\/\\\/skaven.dk\\\/de\\\/ueber-uns\\\/#breadcrumb\",\"itemListElement\":[{\"@type\":\"ListItem\",\"position\":1,\"name\":\"Forside\",\"item\":\"https:\\\/\\\/skaven.dk\\\/de\\\/hauptseite\\\/\"},{\"@type\":\"ListItem\",\"position\":2,\"name\":\"\u00dcber uns\"}]},{\"@type\":\"WebSite\",\"@id\":\"https:\\\/\\\/skaven.dk\\\/de\\\/#website\",\"url\":\"https:\\\/\\\/skaven.dk\\\/de\\\/\",\"name\":\"Skaven Strand Camping og Sommerhusudlejning\",\"description\":\"Skaven Strand Camping og Sommerhusudlejning: campinghytter p\u00e5 hyggelig campingpladsen smukt beliggende i Vestjylland\",\"publisher\":{\"@id\":\"https:\\\/\\\/skaven.dk\\\/de\\\/#organization\"},\"potentialAction\":[{\"@type\":\"SearchAction\",\"target\":{\"@type\":\"EntryPoint\",\"urlTemplate\":\"https:\\\/\\\/skaven.dk\\\/de\\\/?s={search_term_string}\"},\"query-input\":{\"@type\":\"PropertyValueSpecification\",\"valueRequired\":true,\"valueName\":\"search_term_string\"}}],\"inLanguage\":\"de\"},{\"@type\":\"Organization\",\"@id\":\"https:\\\/\\\/skaven.dk\\\/de\\\/#organization\",\"name\":\"Skaven Strand Camping og Sommerhusudlejning\",\"url\":\"https:\\\/\\\/skaven.dk\\\/de\\\/\",\"logo\":{\"@type\":\"ImageObject\",\"inLanguage\":\"de\",\"@id\":\"https:\\\/\\\/skaven.dk\\\/de\\\/#\\\/schema\\\/logo\\\/image\\\/\",\"url\":\"https:\\\/\\\/skaven.dk\\\/wp-content\\\/uploads\\\/2024\\\/11\\\/logo.svg\",\"contentUrl\":\"https:\\\/\\\/skaven.dk\\\/wp-content\\\/uploads\\\/2024\\\/11\\\/logo.svg\",\"width\":1592,\"height\":233,\"caption\":\"Skaven Strand Camping og Sommerhusudlejning\"},\"image\":{\"@id\":\"https:\\\/\\\/skaven.dk\\\/de\\\/#\\\/schema\\\/logo\\\/image\\\/\"}}]}<\/script>\n<!-- \/ Yoast SEO plugin. -->","yoast_head_json":{"title":"\u00dcber uns | Skaven Strand Camping og Sommerhusudlejning","robots":{"index":"index","follow":"follow","max-snippet":"max-snippet:-1","max-image-preview":"max-image-preview:large","max-video-preview":"max-video-preview:-1"},"canonical":"https:\/\/skaven.dk\/de\/ueber-uns\/","og_locale":"de_DE","og_type":"article","og_title":"\u00dcber uns | Skaven Strand Camping og Sommerhusudlejning","og_description":"\u00dcber Skaven Strand Camping und Ferienhausvermietung Skaven Strand Camping ist eine fantastische Ferienanlage in malerischer Umgebung am beliebten Skaven Strand. Der Campingplatz bietet eine breite Palette an Einrichtungen und Aktivit\u00e4ten und ist damit die ideale Wahl f\u00fcr Familien und Wanderer, die die d\u00e4nische K\u00fcste genie\u00dfen m\u00f6chten. KitesurfenEine der gro\u00dfen Attraktionen des Skaven Strand Camping sind ... Weiterlesen ...","og_url":"https:\/\/skaven.dk\/de\/ueber-uns\/","og_site_name":"Skaven Strand Camping og Sommerhusudlejning","article_modified_time":"2025-03-19T10:11:16+00:00","twitter_card":"summary_large_image","twitter_misc":{"Gesch\u00e4tzte Lesezeit":"3\u00a0Minuten"},"schema":{"@context":"https:\/\/schema.org","@graph":[{"@type":"WebPage","@id":"https:\/\/skaven.dk\/de\/ueber-uns\/","url":"https:\/\/skaven.dk\/de\/ueber-uns\/","name":"\u00dcber uns | Skaven Strand Camping og Sommerhusudlejning","isPartOf":{"@id":"https:\/\/skaven.dk\/de\/#website"},"datePublished":"2024-11-21T13:21:37+00:00","dateModified":"2025-03-19T10:11:16+00:00","breadcrumb":{"@id":"https:\/\/skaven.dk\/de\/ueber-uns\/#breadcrumb"},"inLanguage":"de","potentialAction":[{"@type":"ReadAction","target":["https:\/\/skaven.dk\/de\/ueber-uns\/"]}]},{"@type":"BreadcrumbList","@id":"https:\/\/skaven.dk\/de\/ueber-uns\/#breadcrumb","itemListElement":[{"@type":"ListItem","position":1,"name":"Forside","item":"https:\/\/skaven.dk\/de\/hauptseite\/"},{"@type":"ListItem","position":2,"name":"\u00dcber uns"}]},{"@type":"WebSite","@id":"https:\/\/skaven.dk\/de\/#website","url":"https:\/\/skaven.dk\/de\/","name":"Skaven Strand Camping og Sommerhusudlejning","description":"Skaven Strand Camping og Sommerhusudlejning: campinghytter p\u00e5 hyggelig campingpladsen smukt beliggende i Vestjylland","publisher":{"@id":"https:\/\/skaven.dk\/de\/#organization"},"potentialAction":[{"@type":"SearchAction","target":{"@type":"EntryPoint","urlTemplate":"https:\/\/skaven.dk\/de\/?s={search_term_string}"},"query-input":{"@type":"PropertyValueSpecification","valueRequired":true,"valueName":"search_term_string"}}],"inLanguage":"de"},{"@type":"Organization","@id":"https:\/\/skaven.dk\/de\/#organization","name":"Skaven Strand Camping og Sommerhusudlejning","url":"https:\/\/skaven.dk\/de\/","logo":{"@type":"ImageObject","inLanguage":"de","@id":"https:\/\/skaven.dk\/de\/#\/schema\/logo\/image\/","url":"https:\/\/skaven.dk\/wp-content\/uploads\/2024\/11\/logo.svg","contentUrl":"https:\/\/skaven.dk\/wp-content\/uploads\/2024\/11\/logo.svg","width":1592,"height":233,"caption":"Skaven Strand Camping og Sommerhusudlejning"},"image":{"@id":"https:\/\/skaven.dk\/de\/#\/schema\/logo\/image\/"}}]}},"_links":{"self":[{"href":"https:\/\/skaven.dk\/de\/wp-json\/wp\/v2\/pages\/9863","targetHints":{"allow":["GET"]}}],"collection":[{"href":"https:\/\/skaven.dk\/de\/wp-json\/wp\/v2\/pages"}],"about":[{"href":"https:\/\/skaven.dk\/de\/wp-json\/wp\/v2\/types\/page"}],"author":[{"embeddable":true,"href":"https:\/\/skaven.dk\/de\/wp-json\/wp\/v2\/users\/5"}],"replies":[{"embeddable":true,"href":"https:\/\/skaven.dk\/de\/wp-json\/wp\/v2\/comments?post=9863"}],"version-history":[{"count":1,"href":"https:\/\/skaven.dk\/de\/wp-json\/wp\/v2\/pages\/9863\/revisions"}],"predecessor-version":[{"id":9864,"href":"https:\/\/skaven.dk\/de\/wp-json\/wp\/v2\/pages\/9863\/revisions\/9864"}],"wp:attachment":[{"href":"https:\/\/skaven.dk\/de\/wp-json\/wp\/v2\/media?parent=9863"}],"wp:term":[{"taxonomy":"category","embeddable":true,"href":"https:\/\/skaven.dk\/de\/wp-json\/wp\/v2\/categories?post=9863"}],"curies":[{"name":"wp","href":"https:\/\/api.w.org\/{rel}","templated":true}]}}