{"id":9865,"date":"2024-11-21T14:21:37","date_gmt":"2024-11-21T13:21:37","guid":{"rendered":"https:\/\/skaven.dk\/camping-informationen\/"},"modified":"2025-03-19T11:34:25","modified_gmt":"2025-03-19T10:34:25","slug":"camping-informationen","status":"publish","type":"page","link":"https:\/\/skaven.dk\/de\/camping-informationen\/","title":{"rendered":"Camping Informationen"},"content":{"rendered":"\t\t<div data-elementor-type=\"wp-page\" data-elementor-id=\"9865\" class=\"elementor elementor-9865 elementor-9053\" data-elementor-post-type=\"page\">\n\t\t\t\t<div class=\"elementor-element elementor-element-45278ef1 e-con-full e-flex e-con e-parent\" data-id=\"45278ef1\" data-element_type=\"container\" data-e-type=\"container\">\n\t\t\t\t<div class=\"elementor-element elementor-element-397f0351 elementor-widget elementor-widget-template\" data-id=\"397f0351\" data-element_type=\"widget\" data-e-type=\"widget\" data-widget_type=\"template.default\">\n\t\t\t\t<div class=\"elementor-widget-container\">\n\t\t\t\t\t\t\t<div class=\"elementor-template\">\n\t\t\t\t\t<div data-elementor-type=\"container\" data-elementor-id=\"9929\" class=\"elementor elementor-9929 elementor-6542\" data-elementor-post-type=\"elementor_library\">\n\t\t\t\t<div class=\"elementor-element elementor-element-2bc4b5ab white e-flex e-con-boxed e-con e-parent\" data-id=\"2bc4b5ab\" data-element_type=\"container\" data-e-type=\"container\" data-settings=\"{&quot;background_background&quot;:&quot;classic&quot;}\">\n\t\t\t\t\t<div class=\"e-con-inner\">\n\t\t\t\t<div class=\"elementor-element elementor-element-1d645c29 elementor-icon-list--layout-inline elementor-align-center elementor-list-item-link-full_width elementor-widget elementor-widget-icon-list\" data-id=\"1d645c29\" data-element_type=\"widget\" data-e-type=\"widget\" data-widget_type=\"icon-list.default\">\n\t\t\t\t<div class=\"elementor-widget-container\">\n\t\t\t\t\t\t\t<ul class=\"elementor-icon-list-items elementor-inline-items\">\n\t\t\t\t\t\t\t<li class=\"elementor-icon-list-item elementor-inline-item\">\n\t\t\t\t\t\t\t\t\t\t<span class=\"elementor-icon-list-text\"><a href=\"tel:+45 97 37 40 69\" aria-label=\"Telefon nummer\">+45 97 37 40 69<\/a><\/span>\n\t\t\t\t\t\t\t\t\t<\/li>\n\t\t\t\t\t\t\t\t<li class=\"elementor-icon-list-item elementor-inline-item\">\n\t\t\t\t\t\t\t\t\t\t<span class=\"elementor-icon-list-text\"><a href=\"mailto:info@skaven.dk\" aria-label=\"Email adresse\">info@skaven.dk<\/a><\/span>\n\t\t\t\t\t\t\t\t\t<\/li>\n\t\t\t\t\t\t<\/ul>\n\t\t\t\t\t\t<\/div>\n\t\t\t\t<\/div>\n\t\t\t\t\t<\/div>\n\t\t\t\t<\/div>\n\t\t\t\t<\/div>\n\t\t\t\t<\/div>\n\t\t\t\t\t\t<\/div>\n\t\t\t\t<\/div>\n\t\t\t\t<\/div>\n\t\t<div class=\"elementor-element elementor-element-622031dd e-flex e-con-boxed e-con e-parent\" data-id=\"622031dd\" data-element_type=\"container\" data-e-type=\"container\">\n\t\t\t\t\t<div class=\"e-con-inner\">\n\t\t<div class=\"elementor-element elementor-element-3eb26b17 e-con-full e-flex e-con e-child\" data-id=\"3eb26b17\" data-element_type=\"container\" data-e-type=\"container\">\n\t\t\t\t<div class=\"elementor-element elementor-element-23fd2c8a elementor-widget elementor-widget-text-editor\" data-id=\"23fd2c8a\" data-element_type=\"widget\" data-e-type=\"widget\" data-widget_type=\"text-editor.default\">\n\t\t\t\t<div class=\"elementor-widget-container\">\n\t\t\t\t\t\t\t\t\t<h2>Camping &amp; Caravaning<\/h2>\n<p>Sch\u00f6ner Familiencampingplatz direkt am Strand am Ringk\u00f8bing Fjord. Tolle Einrichtungen \u00fcberall, darunter.   <span data-olk-copy-source=\"MessageBody\">Sauna, Fernsehraum, Spielzimmer mit Billardtisch, Airhockey und Tischtennis.<\/span>  Die Lage am Fjord, einem der besten Surf- und Kite-Reviere in Nordeuropa, sowohl f\u00fcr Anf\u00e4nger als auch f\u00fcr Fortgeschrittene, und die kurze Entfernung zum neuen Nationalpark Skjern \u00c5 sorgen daf\u00fcr, dass wir jedes Jahr von vielen Naturliebhabern und Surfern besucht werden.<\/p>\n<p>Skaven Strand hat auch einen kleinen Jachthafen, in dem Sie Fisch von lokalen Anglern kaufen k\u00f6nnen. Wenn Sie gerne angeln, gibt es hier viele M\u00f6glichkeiten. Angelseen, der Fjord und die Nordsee sind ganz in der N\u00e4he.  <\/p>\n<p>Wir hei\u00dfen alle unsere G\u00e4ste in unserem kleinen Juwel willkommen und w\u00fcnschen Ihnen einen sch\u00f6nen Urlaub.<\/p>\n<h3>Fakten und Zahlen<\/h3>\n<p>Der Campingplatz ist insgesamt 5,8 Hektar gro\u00df und verf\u00fcgt \u00fcber 250 Stellpl\u00e4tze, einen Sportplatz, Spielpl\u00e4tze, 3 Sanit\u00e4rgeb\u00e4ude, ein beheiztes Schwimmbad, sch\u00f6ne Au\u00dfenanlagen und herrliche gesch\u00fctzte Heidefl\u00e4chen.<\/p>\n<p>Fl\u00e4che des Campingplatzes: 5,8 ha<br \/>Anzahl der Einheiten: 250<br \/>Einheiten in Quadratmetern: 120-150<br \/>Beheiztes Schwimmbad: 160 Quadratmeter<br \/>Sanit\u00e4rgeb\u00e4ude: 3<br \/>Familienb\u00e4der: 11<br \/>Behindertengerechte Zimmer: 2<br \/>Umkleider\u00e4ume: 2<br \/>Spielpl\u00e4tze: 2<br \/>Drahtloses Internet: ja<\/p>\n<h3>Reiseverpflegung<\/h3>\n<p><strong>Buchen Sie Ihren Platz online.<\/strong><\/p>\n<p>Sitzplatzreservierungen m\u00fcssen online vorgenommen werden, indem Sie uns unter der Telefonnummer <a href=\"tel:97%2037%2040%2069\">97 37 40 69<\/a> oder per E-Mail <a href=\"mailto:info@skaven.dk\">info@skaven.dk kontaktieren .<\/a><\/p>\n<h3>Wegbeschreibung<\/h3>\n<p><a href=\"https:\/\/www.google.com\/maps\/place\/Skavenvej%2032,%206880%20Tarm\" target=\"_blank\" rel=\"noopener\">Finden Sie den Weg hierher<\/a>.<\/p>\n\t\t\t\t\t\t\t\t<\/div>\n\t\t\t\t<\/div>\n\t\t\t\t<div class=\"elementor-element elementor-element-b69e44d elementor-widget elementor-widget-button\" data-id=\"b69e44d\" data-element_type=\"widget\" data-e-type=\"widget\" data-widget_type=\"button.default\">\n\t\t\t\t<div class=\"elementor-widget-container\">\n\t\t\t\t\t\t\t\t\t<div class=\"elementor-button-wrapper\">\n\t\t\t\t\t<a class=\"elementor-button elementor-button-link elementor-size-sm\" href=\"https:\/\/skaven.dk\/priser\/\">\n\t\t\t\t\t\t<span class=\"elementor-button-content-wrapper\">\n\t\t\t\t\t\t\t\t\t<span class=\"elementor-button-text\">Siehe Preise<\/span>\n\t\t\t\t\t<\/span>\n\t\t\t\t\t<\/a>\n\t\t\t\t<\/div>\n\t\t\t\t\t\t\t\t<\/div>\n\t\t\t\t<\/div>\n\t\t\t\t<\/div>\n\t\t<div class=\"elementor-element elementor-element-67a8e4e0 e-con-full e-flex e-con e-child\" data-id=\"67a8e4e0\" data-element_type=\"container\" data-e-type=\"container\">\n\t\t\t\t<div class=\"elementor-element elementor-element-60a1d939 dark elementor-widget elementor-widget-sidebar\" data-id=\"60a1d939\" data-element_type=\"widget\" data-e-type=\"widget\" data-widget_type=\"sidebar.default\">\n\t\t\t\t<div class=\"elementor-widget-container\">\n\t\t\t\t\t<aside id=\"text-10\" class=\"widget-odd widget-first widget-1 widget inner-padding widget_text\"><h2 class=\"widget-title\">Vil du h\u00f8re mere?<\/h2>\t\t\t<div class=\"textwidget\"><p>Udfyld formularen og vi vender tilbage til dig hurtigst muligt.<\/p>\n<\/div>\n\t\t<\/aside><aside id=\"forminator_widget-2\" class=\"widget-even widget-last widget-2 widget inner-padding widget_forminator_widget\"><form id=\"forminator-module-66\" class=\"forminator-custom-form forminator-custom-form-66\" method=\"post\" data-forminator-render=\"0\" data-uid=\"69f7722ae269c\"><div role=\"alert\" aria-live=\"polite\" class=\"forminator-response-message forminator-error\" aria-hidden=\"true\"><\/div><\/form><\/aside>\t\t\t\t<\/div>\n\t\t\t\t<\/div>\n\t\t\t\t<\/div>\n\t\t\t\t\t<\/div>\n\t\t\t\t<\/div>\n\t\t<div class=\"elementor-element elementor-element-76fcba73 light e-flex e-con-boxed e-con e-parent\" data-id=\"76fcba73\" data-element_type=\"container\" data-e-type=\"container\">\n\t\t\t\t\t<div class=\"e-con-inner\">\n\t\t\t\t<div class=\"elementor-element elementor-element-cc4e5ab elementor-widget elementor-widget-n-accordion\" data-id=\"cc4e5ab\" data-element_type=\"widget\" data-e-type=\"widget\" data-settings=\"{&quot;default_state&quot;:&quot;expanded&quot;,&quot;max_items_expended&quot;:&quot;one&quot;,&quot;n_accordion_animation_duration&quot;:{&quot;unit&quot;:&quot;ms&quot;,&quot;size&quot;:400,&quot;sizes&quot;:[]}}\" data-widget_type=\"nested-accordion.default\">\n\t\t\t\t<div class=\"elementor-widget-container\">\n\t\t\t\t\t\t\t<div class=\"e-n-accordion\" aria-label=\"Accordion. Open links with Enter or Space, close with Escape, and navigate with Arrow Keys\">\n\t\t\t\t\t\t<details id=\"e-n-accordion-item-2140\" class=\"e-n-accordion-item\" open>\n\t\t\t\t<summary class=\"e-n-accordion-item-title\" data-accordion-index=\"1\" tabindex=\"0\" aria-expanded=\"true\" aria-controls=\"e-n-accordion-item-2140\" >\n\t\t\t\t\t<span class='e-n-accordion-item-title-header'><div class=\"e-n-accordion-item-title-text\"> Meine Aktivit\u00e4ten <\/div><\/span>\n\t\t\t\t\t\t\t<span class='e-n-accordion-item-title-icon'>\n\t\t\t<span class='e-opened' ><svg aria-hidden=\"true\" class=\"e-font-icon-svg e-fas-minus\" viewBox=\"0 0 448 512\" xmlns=\"http:\/\/www.w3.org\/2000\/svg\"><path d=\"M416 208H32c-17.67 0-32 14.33-32 32v32c0 17.67 14.33 32 32 32h384c17.67 0 32-14.33 32-32v-32c0-17.67-14.33-32-32-32z\"><\/path><\/svg><\/span>\n\t\t\t<span class='e-closed'><svg aria-hidden=\"true\" class=\"e-font-icon-svg e-fas-plus\" viewBox=\"0 0 448 512\" xmlns=\"http:\/\/www.w3.org\/2000\/svg\"><path d=\"M416 208H272V64c0-17.67-14.33-32-32-32h-32c-17.67 0-32 14.33-32 32v144H32c-17.67 0-32 14.33-32 32v32c0 17.67 14.33 32 32 32h144v144c0 17.67 14.33 32 32 32h32c17.67 0 32-14.33 32-32V304h144c17.67 0 32-14.33 32-32v-32c0-17.67-14.33-32-32-32z\"><\/path><\/svg><\/span>\n\t\t<\/span>\n\n\t\t\t\t\t\t<\/summary>\n\t\t\t\t<div role=\"region\" aria-labelledby=\"e-n-accordion-item-2140\" class=\"elementor-element elementor-element-3068a04 e-con-full e-flex e-con e-child\" data-id=\"3068a04\" data-element_type=\"container\" data-e-type=\"container\">\n\t\t\t\t<div class=\"elementor-element elementor-element-1c45d69 elementor-widget elementor-widget-text-editor\" data-id=\"1c45d69\" data-element_type=\"widget\" data-e-type=\"widget\" data-widget_type=\"text-editor.default\">\n\t\t\t\t<div class=\"elementor-widget-container\">\n\t\t\t\t\t\t\t\t\t<h3>Meine Aktivit\u00e4ten<\/h3><p>Im Kalender k\u00f6nnen Sie sehen, wann wir verschiedene Veranstaltungen organisieren.<br \/>Diese Veranstaltungen sind nur f\u00fcr G\u00e4ste des Campingplatzes.<\/p><p>&#8211; <strong>D. 29.03.2025<\/strong> Er\u00f6ffnungsveranstaltung mit Fahnenhissung, gemeinsamem Singen und Morgenkaffee.<\/p><p>&#8211; <strong>D. 19.4.2025<\/strong> Osterlauf und Osterjagd<\/p><p>&#8211; <strong>D. 25.04.2025<\/strong> Rumverkostung<\/p><p>&#8211; <strong>D. 05.03.2025<\/strong> Arbeitstag + Lagerfeuer und Steine \u200b\u200bbemalen f\u00fcr die Kinder<\/p><p>&#8211; <strong>D. 31.5.2025<\/strong> Flohmarkt, mit Spieltag und Tortenrennen f\u00fcr die Kinder<\/p><p>&#8211; <strong>D. 14.06.2025<\/strong> Bierverkostung<\/p><p>&#8211; <strong>D. 21.06.2025<\/strong> Angelwettbewerb mit Rauchen<\/p><p>Die Damen und Kinder gehen an den Strand, sammeln und fotografieren die Dinge<\/p><p>&#8211; <strong>D. 07.12.2025<\/strong> Poolparty<\/p><p>&#8211; <strong>Jeden Mittwoch im Juli 2025<\/strong> Spielen Sie auf dem Ballfeld (Fu\u00dfball, Fu\u00dfball usw.)<\/p><p>&#8211; <strong>D. 16.08.2025<\/strong> Flohmarkt mit Musik und Sommerfest am Abend im Western-Stil<\/p><p>(Country-Musik und Square Dance)<\/p><p>&#8211; <strong>D. 06.09-2025<\/strong> Angelwettbewerb<\/p><p>Der Backwettbewerb f\u00fcr Kinder<\/p><p>&#8211; <strong>D. 19.9.2025<\/strong> Gemeinsames Essen (bringen Sie Ihr eigenes Essen mit) + Bankgesch\u00e4fte am Abend<\/p><p>&#8211; <strong>D. 10.04.2025<\/strong> Weinprobe und Tapas<\/p><p>&#8211; <strong>D. 10.11.2025<\/strong> Gemeinsames Abendessen mit gebratenen Aalen<\/p><p><strong>Freitagsbar<\/strong><\/p><p>An jedem ersten Freitag im Monat gibt es eine Freitagsbar + gemeinsames Essen, z.B. sm\u00f8rrebr\u00f8d mit Anmeldung (die Speisekarte wird n\u00e4chste Woche ver\u00f6ffentlicht) \u2013 Wir beginnen am 4. April. Es besteht die M\u00f6glichkeit, Brettspiele und Karten zu spielen.<\/p><p>Einladungen und weitere Informationen zu den einzelnen Aktivit\u00e4ten werden laufend ver\u00f6ffentlicht.<\/p><p>Viele Gr\u00fc\u00dfe vom Aktivit\u00e4tenausschuss und Helene &amp; Flemming<\/p>\t\t\t\t\t\t\t\t<\/div>\n\t\t\t\t<\/div>\n\t\t\t\t<\/div>\n\t\t\t\t\t<\/details>\n\t\t\t\t\t\t<details id=\"e-n-accordion-item-2141\" class=\"e-n-accordion-item\" >\n\t\t\t\t<summary class=\"e-n-accordion-item-title\" data-accordion-index=\"2\" tabindex=\"-1\" aria-expanded=\"false\" aria-controls=\"e-n-accordion-item-2141\" >\n\t\t\t\t\t<span class='e-n-accordion-item-title-header'><div class=\"e-n-accordion-item-title-text\"> Fahrradverleih <\/div><\/span>\n\t\t\t\t\t\t\t<span class='e-n-accordion-item-title-icon'>\n\t\t\t<span class='e-opened' ><svg aria-hidden=\"true\" class=\"e-font-icon-svg e-fas-minus\" viewBox=\"0 0 448 512\" xmlns=\"http:\/\/www.w3.org\/2000\/svg\"><path d=\"M416 208H32c-17.67 0-32 14.33-32 32v32c0 17.67 14.33 32 32 32h384c17.67 0 32-14.33 32-32v-32c0-17.67-14.33-32-32-32z\"><\/path><\/svg><\/span>\n\t\t\t<span class='e-closed'><svg aria-hidden=\"true\" class=\"e-font-icon-svg e-fas-plus\" viewBox=\"0 0 448 512\" xmlns=\"http:\/\/www.w3.org\/2000\/svg\"><path d=\"M416 208H272V64c0-17.67-14.33-32-32-32h-32c-17.67 0-32 14.33-32 32v144H32c-17.67 0-32 14.33-32 32v32c0 17.67 14.33 32 32 32h144v144c0 17.67 14.33 32 32 32h32c17.67 0 32-14.33 32-32V304h144c17.67 0 32-14.33 32-32v-32c0-17.67-14.33-32-32-32z\"><\/path><\/svg><\/span>\n\t\t<\/span>\n\n\t\t\t\t\t\t<\/summary>\n\t\t\t\t<div role=\"region\" aria-labelledby=\"e-n-accordion-item-2141\" class=\"elementor-element elementor-element-d098734 e-con-full e-flex e-con e-child\" data-id=\"d098734\" data-element_type=\"container\" data-e-type=\"container\">\n\t\t\t\t<div class=\"elementor-element elementor-element-4216089 elementor-widget elementor-widget-text-editor\" data-id=\"4216089\" data-element_type=\"widget\" data-e-type=\"widget\" data-widget_type=\"text-editor.default\">\n\t\t\t\t<div class=\"elementor-widget-container\">\n\t\t\t\t\t\t\t\t\t<h3>Fahrradverleih<\/h3>\n<p>Auf dem Skaven Strand Camping k\u00f6nnen Sie Fahrr\u00e4der mieten. Es gibt sowohl Fahrr\u00e4der f\u00fcr Erwachsene als auch f\u00fcr Kinder. <\/p>\n<p>100 kr. pro Tag. 400 DKK f\u00fcr 1 Woche. <\/p>\n\t\t\t\t\t\t\t\t<\/div>\n\t\t\t\t<\/div>\n\t\t\t\t<\/div>\n\t\t\t\t\t<\/details>\n\t\t\t\t\t<\/div>\n\t\t\t\t\t\t<\/div>\n\t\t\t\t<\/div>\n\t\t\t\t<div class=\"elementor-element elementor-element-d06fe2a elementor-widget elementor-widget-text-editor\" data-id=\"d06fe2a\" data-element_type=\"widget\" data-e-type=\"widget\" data-widget_type=\"text-editor.default\">\n\t\t\t\t<div class=\"elementor-widget-container\">\n\t\t\t\t\t\t\t\t\t<h4>Sie k\u00f6nnen online buchen oder uns unter <a href=\"tel:97374069\">97374069<\/a> \/ <a href=\"mailto:info@skaven.dk\" target=\"_blank\" rel=\"noopener noreferrer\">info@skaven.dk<\/a> kontaktieren und wir werden Ihnen gerne weiterhelfen.<\/h4>\n<p>Wenn Sie eine Wegbeschreibung ben\u00f6tigen, k\u00f6nnen Sie <a href=\"https:\/\/www.google.com\/maps\/place\/Skavenvej%2032,%206880%20Tarm\" target=\"_blank\" rel=\"noopener\">hier klicken<\/a>.<\/p>\n\t\t\t\t\t\t\t\t<\/div>\n\t\t\t\t<\/div>\n\t\t\t\t\t<\/div>\n\t\t\t\t<\/div>\n\t\t<div class=\"elementor-element elementor-element-6ad6359f e-con-full e-flex e-con e-parent\" data-id=\"6ad6359f\" data-element_type=\"container\" data-e-type=\"container\">\n\t\t\t\t<div class=\"elementor-element elementor-element-7934f91f elementor-widget elementor-widget-template\" data-id=\"7934f91f\" data-element_type=\"widget\" data-e-type=\"widget\" data-widget_type=\"template.default\">\n\t\t\t\t<div class=\"elementor-widget-container\">\n\t\t\t\t\t\t\t<div class=\"elementor-template\">\n\t\t\t\t\t<div data-elementor-type=\"container\" data-elementor-id=\"10083\" class=\"elementor elementor-10083 elementor-5165\" data-elementor-post-type=\"elementor_library\">\n\t\t\t\t<div class=\"elementor-element elementor-element-293089d overlay white e-flex e-con-boxed e-con e-parent\" data-id=\"293089d\" data-element_type=\"container\" data-e-type=\"container\" data-settings=\"{&quot;background_background&quot;:&quot;classic&quot;}\">\n\t\t\t\t\t<div class=\"e-con-inner\">\n\t\t\t\t<div class=\"elementor-element elementor-element-cb9870c elementor-widget__width-initial elementor-widget elementor-widget-text-editor\" data-id=\"cb9870c\" data-element_type=\"widget\" data-e-type=\"widget\" data-widget_type=\"text-editor.default\">\n\t\t\t\t<div class=\"elementor-widget-container\">\n\t\t\t\t\t\t\t\t\t<h6 style=\"text-align: center;\">Kontaktieren Sie uns heute<\/h6>\n<h3 style=\"text-align: center;\">M\u00f6chten Sie mehr erfahren?<\/h3>\n<p style=\"text-align: center;\">Wir helfen Ihnen gerne, den richtigen Stellplatz oder das richtige Ferienhaus f\u00fcr Ihren n\u00e4chsten Urlaub zu finden.<\/p>\n<p style=\"text-align: center;\">Rufen Sie uns an unter <a href=\"tel:+45 97 37 40 69\" aria-label=\"Telefon nummer\">+45 97 37 40 69<\/a> oder senden Sie eine E-Mail an <a href=\"mailto:info@skaven.dk\" aria-label=\"Email adresse\">info@skaven.dk<\/a>. Wir werden Ihre Anfrage so schnell wie m\u00f6glich beantworten. <\/p>\n\t\t\t\t\t\t\t\t<\/div>\n\t\t\t\t<\/div>\n\t\t\t\t<div class=\"elementor-element elementor-element-ffaa54e elementor-align-center cta elementor-widget elementor-widget-button\" data-id=\"ffaa54e\" data-element_type=\"widget\" data-e-type=\"widget\" data-widget_type=\"button.default\">\n\t\t\t\t<div class=\"elementor-widget-container\">\n\t\t\t\t\t\t\t\t\t<div class=\"elementor-button-wrapper\">\n\t\t\t\t\t<a class=\"elementor-button elementor-button-link elementor-size-sm\" href=\"https:\/\/skaven.dk\/kontakt\/\">\n\t\t\t\t\t\t<span class=\"elementor-button-content-wrapper\">\n\t\t\t\t\t\t\t\t\t<span class=\"elementor-button-text\">Kontaktieren Sie uns heute<\/span>\n\t\t\t\t\t<\/span>\n\t\t\t\t\t<\/a>\n\t\t\t\t<\/div>\n\t\t\t\t\t\t\t\t<\/div>\n\t\t\t\t<\/div>\n\t\t\t\t\t<\/div>\n\t\t\t\t<\/div>\n\t\t\t\t<\/div>\n\t\t\t\t<\/div>\n\t\t\t\t\t\t<\/div>\n\t\t\t\t<\/div>\n\t\t\t\t<\/div>\n\t\t\t\t<\/div>\n\t\t","protected":false},"excerpt":{"rendered":"<p>Camping &amp; Caravaning Sch\u00f6ner Familiencampingplatz direkt am Strand am Ringk\u00f8bing Fjord. Tolle Einrichtungen \u00fcberall, darunter. Sauna, Fernsehraum, Spielzimmer mit Billardtisch, Airhockey und Tischtennis. Die Lage am Fjord, einem der besten Surf- und Kite-Reviere in Nordeuropa, sowohl f\u00fcr Anf\u00e4nger als auch f\u00fcr Fortgeschrittene, und die kurze Entfernung zum neuen Nationalpark Skjern \u00c5 sorgen daf\u00fcr, dass wir &#8230; <a title=\"Camping Informationen\" class=\"read-more\" href=\"https:\/\/skaven.dk\/de\/camping-informationen\/\" aria-label=\"Mehr Informationen \u00fcber Camping Informationen\">Weiterlesen &#8230;<\/a><\/p>\n","protected":false},"author":5,"featured_media":0,"parent":0,"menu_order":1001,"comment_status":"closed","ping_status":"closed","template":"","meta":{"_acf_changed":false,"footnotes":""},"categories":[],"class_list":["post-9865","page","type-page","status-publish"],"acf":[],"yoast_head":"<!-- This site is optimized with the Yoast SEO plugin v27.5 - https:\/\/yoast.com\/product\/yoast-seo-wordpress\/ -->\n<title>Camping Informationen | Skaven Strand Camping og Sommerhusudlejning<\/title>\n<meta name=\"robots\" content=\"index, follow, max-snippet:-1, max-image-preview:large, max-video-preview:-1\" \/>\n<link rel=\"canonical\" href=\"https:\/\/skaven.dk\/de\/camping-informationen\/\" \/>\n<meta property=\"og:locale\" content=\"de_DE\" \/>\n<meta property=\"og:type\" content=\"article\" \/>\n<meta property=\"og:title\" content=\"Camping Informationen | Skaven Strand Camping og Sommerhusudlejning\" \/>\n<meta property=\"og:description\" content=\"Camping &amp; Caravaning Sch\u00f6ner Familiencampingplatz direkt am Strand am Ringk\u00f8bing Fjord. Tolle Einrichtungen \u00fcberall, darunter. Sauna, Fernsehraum, Spielzimmer mit Billardtisch, Airhockey und Tischtennis. Die Lage am Fjord, einem der besten Surf- und Kite-Reviere in Nordeuropa, sowohl f\u00fcr Anf\u00e4nger als auch f\u00fcr Fortgeschrittene, und die kurze Entfernung zum neuen Nationalpark Skjern \u00c5 sorgen daf\u00fcr, dass wir ... Weiterlesen ...\" \/>\n<meta property=\"og:url\" content=\"https:\/\/skaven.dk\/de\/camping-informationen\/\" \/>\n<meta property=\"og:site_name\" content=\"Skaven Strand Camping og Sommerhusudlejning\" \/>\n<meta property=\"article:modified_time\" content=\"2025-03-19T10:34:25+00:00\" \/>\n<meta name=\"twitter:card\" content=\"summary_large_image\" \/>\n<meta name=\"twitter:label1\" content=\"Gesch\u00e4tzte Lesezeit\" \/>\n\t<meta name=\"twitter:data1\" content=\"4\u00a0Minuten\" \/>\n<script type=\"application\/ld+json\" class=\"yoast-schema-graph\">{\"@context\":\"https:\\\/\\\/schema.org\",\"@graph\":[{\"@type\":\"WebPage\",\"@id\":\"https:\\\/\\\/skaven.dk\\\/de\\\/camping-informationen\\\/\",\"url\":\"https:\\\/\\\/skaven.dk\\\/de\\\/camping-informationen\\\/\",\"name\":\"Camping Informationen | Skaven Strand Camping og Sommerhusudlejning\",\"isPartOf\":{\"@id\":\"https:\\\/\\\/skaven.dk\\\/de\\\/#website\"},\"datePublished\":\"2024-11-21T13:21:37+00:00\",\"dateModified\":\"2025-03-19T10:34:25+00:00\",\"breadcrumb\":{\"@id\":\"https:\\\/\\\/skaven.dk\\\/de\\\/camping-informationen\\\/#breadcrumb\"},\"inLanguage\":\"de\",\"potentialAction\":[{\"@type\":\"ReadAction\",\"target\":[\"https:\\\/\\\/skaven.dk\\\/de\\\/camping-informationen\\\/\"]}]},{\"@type\":\"BreadcrumbList\",\"@id\":\"https:\\\/\\\/skaven.dk\\\/de\\\/camping-informationen\\\/#breadcrumb\",\"itemListElement\":[{\"@type\":\"ListItem\",\"position\":1,\"name\":\"Forside\",\"item\":\"https:\\\/\\\/skaven.dk\\\/de\\\/hauptseite\\\/\"},{\"@type\":\"ListItem\",\"position\":2,\"name\":\"Camping Informationen\"}]},{\"@type\":\"WebSite\",\"@id\":\"https:\\\/\\\/skaven.dk\\\/de\\\/#website\",\"url\":\"https:\\\/\\\/skaven.dk\\\/de\\\/\",\"name\":\"Skaven Strand Camping og Sommerhusudlejning\",\"description\":\"Skaven Strand Camping og Sommerhusudlejning: campinghytter p\u00e5 hyggelig campingpladsen smukt beliggende i Vestjylland\",\"publisher\":{\"@id\":\"https:\\\/\\\/skaven.dk\\\/de\\\/#organization\"},\"potentialAction\":[{\"@type\":\"SearchAction\",\"target\":{\"@type\":\"EntryPoint\",\"urlTemplate\":\"https:\\\/\\\/skaven.dk\\\/de\\\/?s={search_term_string}\"},\"query-input\":{\"@type\":\"PropertyValueSpecification\",\"valueRequired\":true,\"valueName\":\"search_term_string\"}}],\"inLanguage\":\"de\"},{\"@type\":\"Organization\",\"@id\":\"https:\\\/\\\/skaven.dk\\\/de\\\/#organization\",\"name\":\"Skaven Strand Camping og Sommerhusudlejning\",\"url\":\"https:\\\/\\\/skaven.dk\\\/de\\\/\",\"logo\":{\"@type\":\"ImageObject\",\"inLanguage\":\"de\",\"@id\":\"https:\\\/\\\/skaven.dk\\\/de\\\/#\\\/schema\\\/logo\\\/image\\\/\",\"url\":\"https:\\\/\\\/skaven.dk\\\/wp-content\\\/uploads\\\/2024\\\/11\\\/logo.svg\",\"contentUrl\":\"https:\\\/\\\/skaven.dk\\\/wp-content\\\/uploads\\\/2024\\\/11\\\/logo.svg\",\"width\":1592,\"height\":233,\"caption\":\"Skaven Strand Camping og Sommerhusudlejning\"},\"image\":{\"@id\":\"https:\\\/\\\/skaven.dk\\\/de\\\/#\\\/schema\\\/logo\\\/image\\\/\"}}]}<\/script>\n<!-- \/ Yoast SEO plugin. -->","yoast_head_json":{"title":"Camping Informationen | Skaven Strand Camping og Sommerhusudlejning","robots":{"index":"index","follow":"follow","max-snippet":"max-snippet:-1","max-image-preview":"max-image-preview:large","max-video-preview":"max-video-preview:-1"},"canonical":"https:\/\/skaven.dk\/de\/camping-informationen\/","og_locale":"de_DE","og_type":"article","og_title":"Camping Informationen | Skaven Strand Camping og Sommerhusudlejning","og_description":"Camping &amp; Caravaning Sch\u00f6ner Familiencampingplatz direkt am Strand am Ringk\u00f8bing Fjord. Tolle Einrichtungen \u00fcberall, darunter. Sauna, Fernsehraum, Spielzimmer mit Billardtisch, Airhockey und Tischtennis. Die Lage am Fjord, einem der besten Surf- und Kite-Reviere in Nordeuropa, sowohl f\u00fcr Anf\u00e4nger als auch f\u00fcr Fortgeschrittene, und die kurze Entfernung zum neuen Nationalpark Skjern \u00c5 sorgen daf\u00fcr, dass wir ... Weiterlesen ...","og_url":"https:\/\/skaven.dk\/de\/camping-informationen\/","og_site_name":"Skaven Strand Camping og Sommerhusudlejning","article_modified_time":"2025-03-19T10:34:25+00:00","twitter_card":"summary_large_image","twitter_misc":{"Gesch\u00e4tzte Lesezeit":"4\u00a0Minuten"},"schema":{"@context":"https:\/\/schema.org","@graph":[{"@type":"WebPage","@id":"https:\/\/skaven.dk\/de\/camping-informationen\/","url":"https:\/\/skaven.dk\/de\/camping-informationen\/","name":"Camping Informationen | Skaven Strand Camping og Sommerhusudlejning","isPartOf":{"@id":"https:\/\/skaven.dk\/de\/#website"},"datePublished":"2024-11-21T13:21:37+00:00","dateModified":"2025-03-19T10:34:25+00:00","breadcrumb":{"@id":"https:\/\/skaven.dk\/de\/camping-informationen\/#breadcrumb"},"inLanguage":"de","potentialAction":[{"@type":"ReadAction","target":["https:\/\/skaven.dk\/de\/camping-informationen\/"]}]},{"@type":"BreadcrumbList","@id":"https:\/\/skaven.dk\/de\/camping-informationen\/#breadcrumb","itemListElement":[{"@type":"ListItem","position":1,"name":"Forside","item":"https:\/\/skaven.dk\/de\/hauptseite\/"},{"@type":"ListItem","position":2,"name":"Camping Informationen"}]},{"@type":"WebSite","@id":"https:\/\/skaven.dk\/de\/#website","url":"https:\/\/skaven.dk\/de\/","name":"Skaven Strand Camping og Sommerhusudlejning","description":"Skaven Strand Camping og Sommerhusudlejning: campinghytter p\u00e5 hyggelig campingpladsen smukt beliggende i Vestjylland","publisher":{"@id":"https:\/\/skaven.dk\/de\/#organization"},"potentialAction":[{"@type":"SearchAction","target":{"@type":"EntryPoint","urlTemplate":"https:\/\/skaven.dk\/de\/?s={search_term_string}"},"query-input":{"@type":"PropertyValueSpecification","valueRequired":true,"valueName":"search_term_string"}}],"inLanguage":"de"},{"@type":"Organization","@id":"https:\/\/skaven.dk\/de\/#organization","name":"Skaven Strand Camping og Sommerhusudlejning","url":"https:\/\/skaven.dk\/de\/","logo":{"@type":"ImageObject","inLanguage":"de","@id":"https:\/\/skaven.dk\/de\/#\/schema\/logo\/image\/","url":"https:\/\/skaven.dk\/wp-content\/uploads\/2024\/11\/logo.svg","contentUrl":"https:\/\/skaven.dk\/wp-content\/uploads\/2024\/11\/logo.svg","width":1592,"height":233,"caption":"Skaven Strand Camping og Sommerhusudlejning"},"image":{"@id":"https:\/\/skaven.dk\/de\/#\/schema\/logo\/image\/"}}]}},"_links":{"self":[{"href":"https:\/\/skaven.dk\/de\/wp-json\/wp\/v2\/pages\/9865","targetHints":{"allow":["GET"]}}],"collection":[{"href":"https:\/\/skaven.dk\/de\/wp-json\/wp\/v2\/pages"}],"about":[{"href":"https:\/\/skaven.dk\/de\/wp-json\/wp\/v2\/types\/page"}],"author":[{"embeddable":true,"href":"https:\/\/skaven.dk\/de\/wp-json\/wp\/v2\/users\/5"}],"replies":[{"embeddable":true,"href":"https:\/\/skaven.dk\/de\/wp-json\/wp\/v2\/comments?post=9865"}],"version-history":[{"count":4,"href":"https:\/\/skaven.dk\/de\/wp-json\/wp\/v2\/pages\/9865\/revisions"}],"predecessor-version":[{"id":9922,"href":"https:\/\/skaven.dk\/de\/wp-json\/wp\/v2\/pages\/9865\/revisions\/9922"}],"wp:attachment":[{"href":"https:\/\/skaven.dk\/de\/wp-json\/wp\/v2\/media?parent=9865"}],"wp:term":[{"taxonomy":"category","embeddable":true,"href":"https:\/\/skaven.dk\/de\/wp-json\/wp\/v2\/categories?post=9865"}],"curies":[{"name":"wp","href":"https:\/\/api.w.org\/{rel}","templated":true}]}}