{"id":9872,"date":"2024-11-21T14:21:37","date_gmt":"2024-11-21T13:21:37","guid":{"rendered":"https:\/\/skaven.dk\/baden\/"},"modified":"2025-03-19T11:11:27","modified_gmt":"2025-03-19T10:11:27","slug":"baden","status":"publish","type":"page","link":"https:\/\/skaven.dk\/de\/baden\/","title":{"rendered":"Baden"},"content":{"rendered":"\t\t<div data-elementor-type=\"wp-page\" data-elementor-id=\"9872\" class=\"elementor elementor-9872 elementor-9054\" data-elementor-post-type=\"page\">\n\t\t\t\t<div class=\"elementor-element elementor-element-276dd0d e-con-full e-flex e-con e-parent\" data-id=\"276dd0d\" data-element_type=\"container\" data-e-type=\"container\">\n\t\t\t\t<div class=\"elementor-element elementor-element-6f6d58a3 elementor-widget elementor-widget-template\" data-id=\"6f6d58a3\" data-element_type=\"widget\" data-e-type=\"widget\" data-widget_type=\"template.default\">\n\t\t\t\t<div class=\"elementor-widget-container\">\n\t\t\t\t\t\t\t<div class=\"elementor-template\">\n\t\t\t\t\t<div data-elementor-type=\"container\" data-elementor-id=\"9929\" class=\"elementor elementor-9929 elementor-6542\" data-elementor-post-type=\"elementor_library\">\n\t\t\t\t<div class=\"elementor-element elementor-element-2bc4b5ab white e-flex e-con-boxed e-con e-parent\" data-id=\"2bc4b5ab\" data-element_type=\"container\" data-e-type=\"container\" data-settings=\"{&quot;background_background&quot;:&quot;classic&quot;}\">\n\t\t\t\t\t<div class=\"e-con-inner\">\n\t\t\t\t<div class=\"elementor-element elementor-element-1d645c29 elementor-icon-list--layout-inline elementor-align-center elementor-list-item-link-full_width elementor-widget elementor-widget-icon-list\" data-id=\"1d645c29\" data-element_type=\"widget\" data-e-type=\"widget\" data-widget_type=\"icon-list.default\">\n\t\t\t\t<div class=\"elementor-widget-container\">\n\t\t\t\t\t\t\t<ul class=\"elementor-icon-list-items elementor-inline-items\">\n\t\t\t\t\t\t\t<li class=\"elementor-icon-list-item elementor-inline-item\">\n\t\t\t\t\t\t\t\t\t\t<span class=\"elementor-icon-list-text\"><a href=\"tel:+45 97 37 40 69\" aria-label=\"Telefon nummer\">+45 97 37 40 69<\/a><\/span>\n\t\t\t\t\t\t\t\t\t<\/li>\n\t\t\t\t\t\t\t\t<li class=\"elementor-icon-list-item elementor-inline-item\">\n\t\t\t\t\t\t\t\t\t\t<span class=\"elementor-icon-list-text\"><a href=\"mailto:info@skaven.dk\" aria-label=\"Email adresse\">info@skaven.dk<\/a><\/span>\n\t\t\t\t\t\t\t\t\t<\/li>\n\t\t\t\t\t\t<\/ul>\n\t\t\t\t\t\t<\/div>\n\t\t\t\t<\/div>\n\t\t\t\t\t<\/div>\n\t\t\t\t<\/div>\n\t\t\t\t<\/div>\n\t\t\t\t<\/div>\n\t\t\t\t\t\t<\/div>\n\t\t\t\t<\/div>\n\t\t\t\t<\/div>\n\t\t<div class=\"elementor-element elementor-element-401dea3b e-flex e-con-boxed e-con e-parent\" data-id=\"401dea3b\" data-element_type=\"container\" data-e-type=\"container\">\n\t\t\t\t\t<div class=\"e-con-inner\">\n\t\t<div class=\"elementor-element elementor-element-5af73558 e-con-full e-flex e-con e-child\" data-id=\"5af73558\" data-element_type=\"container\" data-e-type=\"container\">\n\t\t\t\t<div class=\"elementor-element elementor-element-1e1d4765 elementor-widget elementor-widget-text-editor\" data-id=\"1e1d4765\" data-element_type=\"widget\" data-e-type=\"widget\" data-widget_type=\"text-editor.default\">\n\t\t\t\t<div class=\"elementor-widget-container\">\n\t\t\t\t\t\t\t\t\t<h2>Informationen zum Baden<\/h2>\n<p data-olk-copy-source=\"MessageBody\">Unser beheiztes Schwimmbad ist die perfekte Oase f\u00fcr Wasserliebhaber. Der Pool ist an einem Ende besonders f\u00fcr Kinder geeignet und l\u00e4dt die Kleinen zum Spielen ein. Der Pool bietet eine ruhige Atmosph\u00e4re, in der Kinder herumtollen k\u00f6nnen oder Erwachsene ein ruhiges Morgenbad im beheizten Wasser nehmen k\u00f6nnen. Ob Sie nun nach lustigen Wasserspielen oder einem entspannenden Moment suchen, dieser Pool ist die perfekte Wahl. Es gibt viele Liegest\u00fchle und mehrere Tischb\u00e4nke.    <\/p>\n<p>Der Pool ist vom 1. Juni bis zum 1. September ge\u00f6ffnet.<\/p>\n<p><span data-olk-copy-source=\"MessageBody\">Wenn Sie im Ringk\u00f8bing Fjord baden m\u00f6chten, ist dies ein sehr kinderfreundlicher Strand mit niedrigem Wasserstand.<\/span><\/p>\n<p>An der S\u00fcdseite des kleinen Hafens gibt es auch eine Anlegestelle.<\/p>\n\t\t\t\t\t\t\t\t<\/div>\n\t\t\t\t<\/div>\n\t\t\t\t<\/div>\n\t\t<div class=\"elementor-element elementor-element-5f1cc200 e-con-full e-flex e-con e-child\" data-id=\"5f1cc200\" data-element_type=\"container\" data-e-type=\"container\">\n\t\t\t\t<div class=\"elementor-element elementor-element-2f2f725d dark elementor-widget elementor-widget-sidebar\" data-id=\"2f2f725d\" data-element_type=\"widget\" data-e-type=\"widget\" data-widget_type=\"sidebar.default\">\n\t\t\t\t<div class=\"elementor-widget-container\">\n\t\t\t\t\t<aside id=\"text-10\" class=\"widget-odd widget-first widget-1 widget inner-padding widget_text\"><h2 class=\"widget-title\">Vil du h\u00f8re mere?<\/h2>\t\t\t<div class=\"textwidget\"><p>Udfyld formularen og vi vender tilbage til dig hurtigst muligt.<\/p>\n<\/div>\n\t\t<\/aside><aside id=\"forminator_widget-2\" class=\"widget-even widget-last widget-2 widget inner-padding widget_forminator_widget\"><form id=\"forminator-module-66\" class=\"forminator-custom-form forminator-custom-form-66\" method=\"post\" data-forminator-render=\"0\" data-uid=\"69f7626744217\"><div role=\"alert\" aria-live=\"polite\" class=\"forminator-response-message forminator-error\" aria-hidden=\"true\"><\/div><\/form><\/aside>\t\t\t\t<\/div>\n\t\t\t\t<\/div>\n\t\t\t\t<\/div>\n\t\t\t\t\t<\/div>\n\t\t\t\t<\/div>\n\t\t<div class=\"elementor-element elementor-element-6b7df21e light e-flex e-con-boxed e-con e-parent\" data-id=\"6b7df21e\" data-element_type=\"container\" data-e-type=\"container\">\n\t\t\t\t\t<div class=\"e-con-inner\">\n\t\t\t\t<div class=\"elementor-element elementor-element-6abacff5 elementor-widget elementor-widget-gallery\" data-id=\"6abacff5\" data-element_type=\"widget\" data-e-type=\"widget\" data-settings=\"{&quot;gap&quot;:{&quot;unit&quot;:&quot;px&quot;,&quot;size&quot;:15,&quot;sizes&quot;:[]},&quot;aspect_ratio&quot;:&quot;1:1&quot;,&quot;columns_tablet&quot;:3,&quot;columns_mobile&quot;:2,&quot;gap_tablet&quot;:{&quot;unit&quot;:&quot;px&quot;,&quot;size&quot;:15,&quot;sizes&quot;:[]},&quot;gap_mobile&quot;:{&quot;unit&quot;:&quot;px&quot;,&quot;size&quot;:15,&quot;sizes&quot;:[]},&quot;lazyload&quot;:&quot;yes&quot;,&quot;gallery_layout&quot;:&quot;grid&quot;,&quot;columns&quot;:4,&quot;gap_laptop&quot;:{&quot;unit&quot;:&quot;px&quot;,&quot;size&quot;:10,&quot;sizes&quot;:[]},&quot;link_to&quot;:&quot;file&quot;,&quot;content_hover_animation&quot;:&quot;fade-in&quot;}\" data-widget_type=\"gallery.default\">\n\t\t\t\t<div class=\"elementor-widget-container\">\n\t\t\t\t\t\t\t<div class=\"elementor-gallery__container\">\n\t\t\t\t\t\t\t<a class=\"e-gallery-item elementor-gallery-item elementor-animated-content\" href=\"https:\/\/skaven.dk\/wp-content\/uploads\/2024\/11\/IMG_1960.jpg\" data-elementor-open-lightbox=\"yes\" data-elementor-lightbox-slideshow=\"6abacff5\" data-e-action-hash=\"#elementor-action%3Aaction%3Dlightbox%26settings%3DeyJpZCI6OTI5NSwidXJsIjoiaHR0cHM6XC9cL3NrYXZlbi5ka1wvd3AtY29udGVudFwvdXBsb2Fkc1wvMjAyNFwvMTFcL0lNR18xOTYwLmpwZyIsInNsaWRlc2hvdyI6IjZhYmFjZmY1In0%3D\" data-rel=\"-image-0\" data-rl_title=\"\" data-rl_caption=\"\" title=\"\">\n\t\t\t\t\t<div class=\"e-gallery-image elementor-gallery-item__image\" data-thumbnail=\"https:\/\/skaven.dk\/wp-content\/uploads\/2024\/11\/IMG_1960.jpg\" data-width=\"1536\" data-height=\"2048\" aria-label=\"\" role=\"img\" ><\/div>\n\t\t\t\t\t\t\t\t\t\t\t\t\t\t<\/a>\n\t\t\t\t\t\t\t<a class=\"e-gallery-item elementor-gallery-item elementor-animated-content\" href=\"https:\/\/skaven.dk\/wp-content\/uploads\/2025\/01\/image00007.jpg\" data-elementor-open-lightbox=\"yes\" data-elementor-lightbox-slideshow=\"6abacff5\" data-e-action-hash=\"#elementor-action%3Aaction%3Dlightbox%26settings%3DeyJpZCI6OTYxNywidXJsIjoiaHR0cHM6XC9cL3NrYXZlbi5ka1wvd3AtY29udGVudFwvdXBsb2Fkc1wvMjAyNVwvMDFcL2ltYWdlMDAwMDcuanBnIiwic2xpZGVzaG93IjoiNmFiYWNmZjUifQ%3D%3D\" data-rel=\"-image-1\" data-rl_title=\"\" data-rl_caption=\"\" title=\"\">\n\t\t\t\t\t<div class=\"e-gallery-image elementor-gallery-item__image\" data-thumbnail=\"https:\/\/skaven.dk\/wp-content\/uploads\/2025\/01\/image00007.jpg\" data-width=\"1536\" data-height=\"2048\" aria-label=\"\" role=\"img\" ><\/div>\n\t\t\t\t\t\t\t\t\t\t\t\t\t\t<\/a>\n\t\t\t\t\t\t\t<a class=\"e-gallery-item elementor-gallery-item elementor-animated-content\" href=\"https:\/\/skaven.dk\/wp-content\/uploads\/2024\/11\/DJI_0347-Havn.jpg\" data-elementor-open-lightbox=\"yes\" data-elementor-lightbox-slideshow=\"6abacff5\" data-e-action-hash=\"#elementor-action%3Aaction%3Dlightbox%26settings%3DeyJpZCI6OTI0NSwidXJsIjoiaHR0cHM6XC9cL3NrYXZlbi5ka1wvd3AtY29udGVudFwvdXBsb2Fkc1wvMjAyNFwvMTFcL0RKSV8wMzQ3LUhhdm4uanBnIiwic2xpZGVzaG93IjoiNmFiYWNmZjUifQ%3D%3D\" data-rel=\"-image-2\" data-rl_title=\"\" data-rl_caption=\"\" title=\"\">\n\t\t\t\t\t<div class=\"e-gallery-image elementor-gallery-item__image\" data-thumbnail=\"https:\/\/skaven.dk\/wp-content\/uploads\/2024\/11\/DJI_0347-Havn.jpg\" data-width=\"2048\" data-height=\"1365\" aria-label=\"\" role=\"img\" ><\/div>\n\t\t\t\t\t\t\t\t\t\t\t\t\t\t<\/a>\n\t\t\t\t\t<\/div>\n\t\t\t\t\t<\/div>\n\t\t\t\t<\/div>\n\t\t\t\t\t<\/div>\n\t\t\t\t<\/div>\n\t\t<div class=\"elementor-element elementor-element-30a035d5 e-con-full e-flex e-con e-parent\" data-id=\"30a035d5\" data-element_type=\"container\" data-e-type=\"container\">\n\t\t\t\t<div class=\"elementor-element elementor-element-141d6878 elementor-widget elementor-widget-template\" data-id=\"141d6878\" data-element_type=\"widget\" data-e-type=\"widget\" data-widget_type=\"template.default\">\n\t\t\t\t<div class=\"elementor-widget-container\">\n\t\t\t\t\t\t\t<div class=\"elementor-template\">\n\t\t\t\t\t<div data-elementor-type=\"container\" data-elementor-id=\"10083\" class=\"elementor elementor-10083 elementor-5165\" data-elementor-post-type=\"elementor_library\">\n\t\t\t\t<div class=\"elementor-element elementor-element-293089d overlay white e-flex e-con-boxed e-con e-parent\" data-id=\"293089d\" data-element_type=\"container\" data-e-type=\"container\" data-settings=\"{&quot;background_background&quot;:&quot;classic&quot;}\">\n\t\t\t\t\t<div class=\"e-con-inner\">\n\t\t\t\t<div class=\"elementor-element elementor-element-cb9870c elementor-widget__width-initial elementor-widget elementor-widget-text-editor\" data-id=\"cb9870c\" data-element_type=\"widget\" data-e-type=\"widget\" data-widget_type=\"text-editor.default\">\n\t\t\t\t<div class=\"elementor-widget-container\">\n\t\t\t\t\t\t\t\t\t<h6 style=\"text-align: center;\">Kontaktieren Sie uns heute<\/h6>\n<h3 style=\"text-align: center;\">M\u00f6chten Sie mehr erfahren?<\/h3>\n<p style=\"text-align: center;\">Wir helfen Ihnen gerne, den richtigen Stellplatz oder das richtige Ferienhaus f\u00fcr Ihren n\u00e4chsten Urlaub zu finden.<\/p>\n<p style=\"text-align: center;\">Rufen Sie uns an unter <a href=\"tel:+45 97 37 40 69\" aria-label=\"Telefon nummer\">+45 97 37 40 69<\/a> oder senden Sie eine E-Mail an <a href=\"mailto:info@skaven.dk\" aria-label=\"Email adresse\">info@skaven.dk<\/a>. Wir werden Ihre Anfrage so schnell wie m\u00f6glich beantworten. <\/p>\n\t\t\t\t\t\t\t\t<\/div>\n\t\t\t\t<\/div>\n\t\t\t\t<div class=\"elementor-element elementor-element-ffaa54e elementor-align-center cta elementor-widget elementor-widget-button\" data-id=\"ffaa54e\" data-element_type=\"widget\" data-e-type=\"widget\" data-widget_type=\"button.default\">\n\t\t\t\t<div class=\"elementor-widget-container\">\n\t\t\t\t\t\t\t\t\t<div class=\"elementor-button-wrapper\">\n\t\t\t\t\t<a class=\"elementor-button elementor-button-link elementor-size-sm\" href=\"https:\/\/skaven.dk\/kontakt\/\">\n\t\t\t\t\t\t<span class=\"elementor-button-content-wrapper\">\n\t\t\t\t\t\t\t\t\t<span class=\"elementor-button-text\">Kontaktieren Sie uns heute<\/span>\n\t\t\t\t\t<\/span>\n\t\t\t\t\t<\/a>\n\t\t\t\t<\/div>\n\t\t\t\t\t\t\t\t<\/div>\n\t\t\t\t<\/div>\n\t\t\t\t\t<\/div>\n\t\t\t\t<\/div>\n\t\t\t\t<\/div>\n\t\t\t\t<\/div>\n\t\t\t\t\t\t<\/div>\n\t\t\t\t<\/div>\n\t\t\t\t<\/div>\n\t\t\t\t<\/div>\n\t\t","protected":false},"excerpt":{"rendered":"<p>Informationen zum Baden Unser beheiztes Schwimmbad ist die perfekte Oase f\u00fcr Wasserliebhaber. Der Pool ist an einem Ende besonders f\u00fcr Kinder geeignet und l\u00e4dt die Kleinen zum Spielen ein. Der Pool bietet eine ruhige Atmosph\u00e4re, in der Kinder herumtollen k\u00f6nnen oder Erwachsene ein ruhiges Morgenbad im beheizten Wasser nehmen k\u00f6nnen. Ob Sie nun nach lustigen &#8230; <a title=\"Baden\" class=\"read-more\" href=\"https:\/\/skaven.dk\/de\/baden\/\" aria-label=\"Mehr Informationen \u00fcber Baden\">Weiterlesen &#8230;<\/a><\/p>\n","protected":false},"author":5,"featured_media":9733,"parent":0,"menu_order":1002,"comment_status":"closed","ping_status":"closed","template":"","meta":{"_acf_changed":false,"footnotes":""},"categories":[],"class_list":["post-9872","page","type-page","status-publish","has-post-thumbnail"],"acf":[],"yoast_head":"<!-- This site is optimized with the Yoast SEO plugin v27.5 - https:\/\/yoast.com\/product\/yoast-seo-wordpress\/ -->\n<title>Baden | Skaven Strand Camping og Sommerhusudlejning<\/title>\n<meta name=\"robots\" content=\"index, follow, max-snippet:-1, max-image-preview:large, max-video-preview:-1\" \/>\n<link rel=\"canonical\" href=\"https:\/\/skaven.dk\/de\/baden\/\" \/>\n<meta property=\"og:locale\" content=\"de_DE\" \/>\n<meta property=\"og:type\" content=\"article\" \/>\n<meta property=\"og:title\" content=\"Baden | Skaven Strand Camping og Sommerhusudlejning\" \/>\n<meta property=\"og:description\" content=\"Informationen zum Baden Unser beheiztes Schwimmbad ist die perfekte Oase f\u00fcr Wasserliebhaber. Der Pool ist an einem Ende besonders f\u00fcr Kinder geeignet und l\u00e4dt die Kleinen zum Spielen ein. Der Pool bietet eine ruhige Atmosph\u00e4re, in der Kinder herumtollen k\u00f6nnen oder Erwachsene ein ruhiges Morgenbad im beheizten Wasser nehmen k\u00f6nnen. Ob Sie nun nach lustigen ... Weiterlesen ...\" \/>\n<meta property=\"og:url\" content=\"https:\/\/skaven.dk\/de\/baden\/\" \/>\n<meta property=\"og:site_name\" content=\"Skaven Strand Camping og Sommerhusudlejning\" \/>\n<meta property=\"article:modified_time\" content=\"2025-03-19T10:11:27+00:00\" \/>\n<meta property=\"og:image\" content=\"https:\/\/skaven.dk\/wp-content\/uploads\/2025\/01\/IMG_1991-scaled.jpg\" \/>\n\t<meta property=\"og:image:width\" content=\"1536\" \/>\n\t<meta property=\"og:image:height\" content=\"2048\" \/>\n\t<meta property=\"og:image:type\" content=\"image\/jpeg\" \/>\n<meta name=\"twitter:card\" content=\"summary_large_image\" \/>\n<meta name=\"twitter:label1\" content=\"Gesch\u00e4tzte Lesezeit\" \/>\n\t<meta name=\"twitter:data1\" content=\"1\u00a0Minute\" \/>\n<script type=\"application\/ld+json\" class=\"yoast-schema-graph\">{\"@context\":\"https:\\\/\\\/schema.org\",\"@graph\":[{\"@type\":\"WebPage\",\"@id\":\"https:\\\/\\\/skaven.dk\\\/de\\\/baden\\\/\",\"url\":\"https:\\\/\\\/skaven.dk\\\/de\\\/baden\\\/\",\"name\":\"Baden | Skaven Strand Camping og Sommerhusudlejning\",\"isPartOf\":{\"@id\":\"https:\\\/\\\/skaven.dk\\\/de\\\/#website\"},\"primaryImageOfPage\":{\"@id\":\"https:\\\/\\\/skaven.dk\\\/de\\\/baden\\\/#primaryimage\"},\"image\":{\"@id\":\"https:\\\/\\\/skaven.dk\\\/de\\\/baden\\\/#primaryimage\"},\"thumbnailUrl\":\"https:\\\/\\\/skaven.dk\\\/wp-content\\\/uploads\\\/2025\\\/01\\\/IMG_1991-scaled.jpg\",\"datePublished\":\"2024-11-21T13:21:37+00:00\",\"dateModified\":\"2025-03-19T10:11:27+00:00\",\"breadcrumb\":{\"@id\":\"https:\\\/\\\/skaven.dk\\\/de\\\/baden\\\/#breadcrumb\"},\"inLanguage\":\"de\",\"potentialAction\":[{\"@type\":\"ReadAction\",\"target\":[\"https:\\\/\\\/skaven.dk\\\/de\\\/baden\\\/\"]}]},{\"@type\":\"ImageObject\",\"inLanguage\":\"de\",\"@id\":\"https:\\\/\\\/skaven.dk\\\/de\\\/baden\\\/#primaryimage\",\"url\":\"https:\\\/\\\/skaven.dk\\\/wp-content\\\/uploads\\\/2025\\\/01\\\/IMG_1991-scaled.jpg\",\"contentUrl\":\"https:\\\/\\\/skaven.dk\\\/wp-content\\\/uploads\\\/2025\\\/01\\\/IMG_1991-scaled.jpg\",\"width\":1536,\"height\":2048},{\"@type\":\"BreadcrumbList\",\"@id\":\"https:\\\/\\\/skaven.dk\\\/de\\\/baden\\\/#breadcrumb\",\"itemListElement\":[{\"@type\":\"ListItem\",\"position\":1,\"name\":\"Forside\",\"item\":\"https:\\\/\\\/skaven.dk\\\/de\\\/hauptseite\\\/\"},{\"@type\":\"ListItem\",\"position\":2,\"name\":\"Baden\"}]},{\"@type\":\"WebSite\",\"@id\":\"https:\\\/\\\/skaven.dk\\\/de\\\/#website\",\"url\":\"https:\\\/\\\/skaven.dk\\\/de\\\/\",\"name\":\"Skaven Strand Camping og Sommerhusudlejning\",\"description\":\"Skaven Strand Camping og Sommerhusudlejning: campinghytter p\u00e5 hyggelig campingpladsen smukt beliggende i Vestjylland\",\"publisher\":{\"@id\":\"https:\\\/\\\/skaven.dk\\\/de\\\/#organization\"},\"potentialAction\":[{\"@type\":\"SearchAction\",\"target\":{\"@type\":\"EntryPoint\",\"urlTemplate\":\"https:\\\/\\\/skaven.dk\\\/de\\\/?s={search_term_string}\"},\"query-input\":{\"@type\":\"PropertyValueSpecification\",\"valueRequired\":true,\"valueName\":\"search_term_string\"}}],\"inLanguage\":\"de\"},{\"@type\":\"Organization\",\"@id\":\"https:\\\/\\\/skaven.dk\\\/de\\\/#organization\",\"name\":\"Skaven Strand Camping og Sommerhusudlejning\",\"url\":\"https:\\\/\\\/skaven.dk\\\/de\\\/\",\"logo\":{\"@type\":\"ImageObject\",\"inLanguage\":\"de\",\"@id\":\"https:\\\/\\\/skaven.dk\\\/de\\\/#\\\/schema\\\/logo\\\/image\\\/\",\"url\":\"https:\\\/\\\/skaven.dk\\\/wp-content\\\/uploads\\\/2024\\\/11\\\/logo.svg\",\"contentUrl\":\"https:\\\/\\\/skaven.dk\\\/wp-content\\\/uploads\\\/2024\\\/11\\\/logo.svg\",\"width\":1592,\"height\":233,\"caption\":\"Skaven Strand Camping og Sommerhusudlejning\"},\"image\":{\"@id\":\"https:\\\/\\\/skaven.dk\\\/de\\\/#\\\/schema\\\/logo\\\/image\\\/\"}}]}<\/script>\n<!-- \/ Yoast SEO plugin. -->","yoast_head_json":{"title":"Baden | Skaven Strand Camping og Sommerhusudlejning","robots":{"index":"index","follow":"follow","max-snippet":"max-snippet:-1","max-image-preview":"max-image-preview:large","max-video-preview":"max-video-preview:-1"},"canonical":"https:\/\/skaven.dk\/de\/baden\/","og_locale":"de_DE","og_type":"article","og_title":"Baden | Skaven Strand Camping og Sommerhusudlejning","og_description":"Informationen zum Baden Unser beheiztes Schwimmbad ist die perfekte Oase f\u00fcr Wasserliebhaber. Der Pool ist an einem Ende besonders f\u00fcr Kinder geeignet und l\u00e4dt die Kleinen zum Spielen ein. Der Pool bietet eine ruhige Atmosph\u00e4re, in der Kinder herumtollen k\u00f6nnen oder Erwachsene ein ruhiges Morgenbad im beheizten Wasser nehmen k\u00f6nnen. Ob Sie nun nach lustigen ... Weiterlesen ...","og_url":"https:\/\/skaven.dk\/de\/baden\/","og_site_name":"Skaven Strand Camping og Sommerhusudlejning","article_modified_time":"2025-03-19T10:11:27+00:00","og_image":[{"width":1536,"height":2048,"url":"https:\/\/skaven.dk\/wp-content\/uploads\/2025\/01\/IMG_1991-scaled.jpg","type":"image\/jpeg"}],"twitter_card":"summary_large_image","twitter_misc":{"Gesch\u00e4tzte Lesezeit":"1\u00a0Minute"},"schema":{"@context":"https:\/\/schema.org","@graph":[{"@type":"WebPage","@id":"https:\/\/skaven.dk\/de\/baden\/","url":"https:\/\/skaven.dk\/de\/baden\/","name":"Baden | Skaven Strand Camping og Sommerhusudlejning","isPartOf":{"@id":"https:\/\/skaven.dk\/de\/#website"},"primaryImageOfPage":{"@id":"https:\/\/skaven.dk\/de\/baden\/#primaryimage"},"image":{"@id":"https:\/\/skaven.dk\/de\/baden\/#primaryimage"},"thumbnailUrl":"https:\/\/skaven.dk\/wp-content\/uploads\/2025\/01\/IMG_1991-scaled.jpg","datePublished":"2024-11-21T13:21:37+00:00","dateModified":"2025-03-19T10:11:27+00:00","breadcrumb":{"@id":"https:\/\/skaven.dk\/de\/baden\/#breadcrumb"},"inLanguage":"de","potentialAction":[{"@type":"ReadAction","target":["https:\/\/skaven.dk\/de\/baden\/"]}]},{"@type":"ImageObject","inLanguage":"de","@id":"https:\/\/skaven.dk\/de\/baden\/#primaryimage","url":"https:\/\/skaven.dk\/wp-content\/uploads\/2025\/01\/IMG_1991-scaled.jpg","contentUrl":"https:\/\/skaven.dk\/wp-content\/uploads\/2025\/01\/IMG_1991-scaled.jpg","width":1536,"height":2048},{"@type":"BreadcrumbList","@id":"https:\/\/skaven.dk\/de\/baden\/#breadcrumb","itemListElement":[{"@type":"ListItem","position":1,"name":"Forside","item":"https:\/\/skaven.dk\/de\/hauptseite\/"},{"@type":"ListItem","position":2,"name":"Baden"}]},{"@type":"WebSite","@id":"https:\/\/skaven.dk\/de\/#website","url":"https:\/\/skaven.dk\/de\/","name":"Skaven Strand Camping og Sommerhusudlejning","description":"Skaven Strand Camping og Sommerhusudlejning: campinghytter p\u00e5 hyggelig campingpladsen smukt beliggende i Vestjylland","publisher":{"@id":"https:\/\/skaven.dk\/de\/#organization"},"potentialAction":[{"@type":"SearchAction","target":{"@type":"EntryPoint","urlTemplate":"https:\/\/skaven.dk\/de\/?s={search_term_string}"},"query-input":{"@type":"PropertyValueSpecification","valueRequired":true,"valueName":"search_term_string"}}],"inLanguage":"de"},{"@type":"Organization","@id":"https:\/\/skaven.dk\/de\/#organization","name":"Skaven Strand Camping og Sommerhusudlejning","url":"https:\/\/skaven.dk\/de\/","logo":{"@type":"ImageObject","inLanguage":"de","@id":"https:\/\/skaven.dk\/de\/#\/schema\/logo\/image\/","url":"https:\/\/skaven.dk\/wp-content\/uploads\/2024\/11\/logo.svg","contentUrl":"https:\/\/skaven.dk\/wp-content\/uploads\/2024\/11\/logo.svg","width":1592,"height":233,"caption":"Skaven Strand Camping og Sommerhusudlejning"},"image":{"@id":"https:\/\/skaven.dk\/de\/#\/schema\/logo\/image\/"}}]}},"_links":{"self":[{"href":"https:\/\/skaven.dk\/de\/wp-json\/wp\/v2\/pages\/9872","targetHints":{"allow":["GET"]}}],"collection":[{"href":"https:\/\/skaven.dk\/de\/wp-json\/wp\/v2\/pages"}],"about":[{"href":"https:\/\/skaven.dk\/de\/wp-json\/wp\/v2\/types\/page"}],"author":[{"embeddable":true,"href":"https:\/\/skaven.dk\/de\/wp-json\/wp\/v2\/users\/5"}],"replies":[{"embeddable":true,"href":"https:\/\/skaven.dk\/de\/wp-json\/wp\/v2\/comments?post=9872"}],"version-history":[{"count":1,"href":"https:\/\/skaven.dk\/de\/wp-json\/wp\/v2\/pages\/9872\/revisions"}],"predecessor-version":[{"id":9875,"href":"https:\/\/skaven.dk\/de\/wp-json\/wp\/v2\/pages\/9872\/revisions\/9875"}],"wp:featuredmedia":[{"embeddable":true,"href":"https:\/\/skaven.dk\/de\/wp-json\/wp\/v2\/media\/9733"}],"wp:attachment":[{"href":"https:\/\/skaven.dk\/de\/wp-json\/wp\/v2\/media?parent=9872"}],"wp:term":[{"taxonomy":"category","embeddable":true,"href":"https:\/\/skaven.dk\/de\/wp-json\/wp\/v2\/categories?post=9872"}],"curies":[{"name":"wp","href":"https:\/\/api.w.org\/{rel}","templated":true}]}}