{"id":9878,"date":"2024-11-21T14:21:37","date_gmt":"2024-11-21T13:21:37","guid":{"rendered":"https:\/\/skaven.dk\/informationen-zu-ferienhaeusern\/"},"modified":"2025-03-19T11:11:28","modified_gmt":"2025-03-19T10:11:28","slug":"informationen-zu-ferienhaeusern","status":"publish","type":"page","link":"https:\/\/skaven.dk\/de\/informationen-zu-ferienhaeusern\/","title":{"rendered":"Informationen zu Ferienh\u00e4usern"},"content":{"rendered":"\t\t<div data-elementor-type=\"wp-page\" data-elementor-id=\"9878\" class=\"elementor elementor-9878 elementor-9052\" data-elementor-post-type=\"page\">\n\t\t\t\t<div class=\"elementor-element elementor-element-50e092e e-con-full e-flex e-con e-parent\" data-id=\"50e092e\" data-element_type=\"container\" data-e-type=\"container\">\n\t\t\t\t<div class=\"elementor-element elementor-element-d892bcd elementor-widget elementor-widget-template\" data-id=\"d892bcd\" data-element_type=\"widget\" data-e-type=\"widget\" data-widget_type=\"template.default\">\n\t\t\t\t<div class=\"elementor-widget-container\">\n\t\t\t\t\t\t\t<div class=\"elementor-template\">\n\t\t\t\t\t<div data-elementor-type=\"container\" data-elementor-id=\"9929\" class=\"elementor elementor-9929 elementor-6542\" data-elementor-post-type=\"elementor_library\">\n\t\t\t\t<div class=\"elementor-element elementor-element-2bc4b5ab white e-flex e-con-boxed e-con e-parent\" data-id=\"2bc4b5ab\" data-element_type=\"container\" data-e-type=\"container\" data-settings=\"{&quot;background_background&quot;:&quot;classic&quot;}\">\n\t\t\t\t\t<div class=\"e-con-inner\">\n\t\t\t\t<div class=\"elementor-element elementor-element-1d645c29 elementor-icon-list--layout-inline elementor-align-center elementor-list-item-link-full_width elementor-widget elementor-widget-icon-list\" data-id=\"1d645c29\" data-element_type=\"widget\" data-e-type=\"widget\" data-widget_type=\"icon-list.default\">\n\t\t\t\t<div class=\"elementor-widget-container\">\n\t\t\t\t\t\t\t<ul class=\"elementor-icon-list-items elementor-inline-items\">\n\t\t\t\t\t\t\t<li class=\"elementor-icon-list-item elementor-inline-item\">\n\t\t\t\t\t\t\t\t\t\t<span class=\"elementor-icon-list-text\"><a href=\"tel:+45 97 37 40 69\" aria-label=\"Telefon nummer\">+45 97 37 40 69<\/a><\/span>\n\t\t\t\t\t\t\t\t\t<\/li>\n\t\t\t\t\t\t\t\t<li class=\"elementor-icon-list-item elementor-inline-item\">\n\t\t\t\t\t\t\t\t\t\t<span class=\"elementor-icon-list-text\"><a href=\"mailto:info@skaven.dk\" aria-label=\"Email adresse\">info@skaven.dk<\/a><\/span>\n\t\t\t\t\t\t\t\t\t<\/li>\n\t\t\t\t\t\t<\/ul>\n\t\t\t\t\t\t<\/div>\n\t\t\t\t<\/div>\n\t\t\t\t\t<\/div>\n\t\t\t\t<\/div>\n\t\t\t\t<\/div>\n\t\t\t\t<\/div>\n\t\t\t\t\t\t<\/div>\n\t\t\t\t<\/div>\n\t\t\t\t<\/div>\n\t\t<div class=\"elementor-element elementor-element-33ba67be e-flex e-con-boxed e-con e-parent\" data-id=\"33ba67be\" data-element_type=\"container\" data-e-type=\"container\">\n\t\t\t\t\t<div class=\"e-con-inner\">\n\t\t<div class=\"elementor-element elementor-element-2f9f0085 e-con-full e-flex e-con e-child\" data-id=\"2f9f0085\" data-element_type=\"container\" data-e-type=\"container\">\n\t\t\t\t<div class=\"elementor-element elementor-element-470c59a6 elementor-widget elementor-widget-text-editor\" data-id=\"470c59a6\" data-element_type=\"widget\" data-e-type=\"widget\" data-widget_type=\"text-editor.default\">\n\t\t\t\t<div class=\"elementor-widget-container\">\n\t\t\t\t\t\t\t\t\t<h2>Relevante Informationen<\/h2>\n<h3>Ferienhausgebiet<\/h3>\n<p>Skaven Strand liegt an der Ostseite des Ringk\u00f8bing Fjordes. Hier finden Sie frische Fjordluft, eine gem\u00fctliche Hafenumgebung und einen sch\u00f6nen Sandstrand. Skaven Strand ist bei vielen Menschen bekannt und beliebt, die ihren Urlaub in einer ruhigen Umgebung mit unber\u00fchrter Natur verbringen m\u00f6chten.  <\/p>\n<p>Die seichten Gew\u00e4sser des Fjords machen ihn zu einem idealen Ort f\u00fcr Windsurfer, sowohl f\u00fcr Anf\u00e4nger als auch f\u00fcr Fortgeschrittene. Die herrliche Natur bietet zahlreiche Erlebnisse f\u00fcr Naturliebhaber und es gibt viel Platz f\u00fcr Kinder zum Spielen. <\/p>\n\t\t\t\t\t\t\t\t<\/div>\n\t\t\t\t<\/div>\n\t\t\t\t<div class=\"elementor-element elementor-element-9557701 elementor-widget elementor-widget-button\" data-id=\"9557701\" data-element_type=\"widget\" data-e-type=\"widget\" data-widget_type=\"button.default\">\n\t\t\t\t<div class=\"elementor-widget-container\">\n\t\t\t\t\t\t\t\t\t<div class=\"elementor-button-wrapper\">\n\t\t\t\t\t<a class=\"elementor-button elementor-button-link elementor-size-sm\" href=\"https:\/\/feriehuse.skaven.dk\/daybooking\/step1?cId=248&#038;lc=da&#038;wid=2\">\n\t\t\t\t\t\t<span class=\"elementor-button-content-wrapper\">\n\t\t\t\t\t\t\t\t\t<span class=\"elementor-button-text\">Ferienhaus buchen<\/span>\n\t\t\t\t\t<\/span>\n\t\t\t\t\t<\/a>\n\t\t\t\t<\/div>\n\t\t\t\t\t\t\t\t<\/div>\n\t\t\t\t<\/div>\n\t\t\t\t<\/div>\n\t\t<div class=\"elementor-element elementor-element-7133250e e-con-full e-flex e-con e-child\" data-id=\"7133250e\" data-element_type=\"container\" data-e-type=\"container\">\n\t\t\t\t<div class=\"elementor-element elementor-element-32f911fa dark elementor-widget elementor-widget-sidebar\" data-id=\"32f911fa\" data-element_type=\"widget\" data-e-type=\"widget\" data-widget_type=\"sidebar.default\">\n\t\t\t\t<div class=\"elementor-widget-container\">\n\t\t\t\t\t<aside id=\"text-10\" class=\"widget-odd widget-first widget-1 widget inner-padding widget_text\"><h2 class=\"widget-title\">Vil du h\u00f8re mere?<\/h2>\t\t\t<div class=\"textwidget\"><p>Udfyld formularen og vi vender tilbage til dig hurtigst muligt.<\/p>\n<\/div>\n\t\t<\/aside><aside id=\"forminator_widget-2\" class=\"widget-even widget-last widget-2 widget inner-padding widget_forminator_widget\"><form id=\"forminator-module-66\" class=\"forminator-custom-form forminator-custom-form-66\" method=\"post\" data-forminator-render=\"0\" data-uid=\"69f7657844d28\"><div role=\"alert\" aria-live=\"polite\" class=\"forminator-response-message forminator-error\" aria-hidden=\"true\"><\/div><\/form><\/aside>\t\t\t\t<\/div>\n\t\t\t\t<\/div>\n\t\t\t\t<\/div>\n\t\t\t\t\t<\/div>\n\t\t\t\t<\/div>\n\t\t<div class=\"elementor-element elementor-element-18228b52 light e-flex e-con-boxed e-con e-parent\" data-id=\"18228b52\" data-element_type=\"container\" data-e-type=\"container\">\n\t\t\t\t\t<div class=\"e-con-inner\">\n\t\t\t\t<div class=\"elementor-element elementor-element-331bd84a elementor-widget elementor-widget-gallery\" data-id=\"331bd84a\" data-element_type=\"widget\" data-e-type=\"widget\" data-settings=\"{&quot;gap&quot;:{&quot;unit&quot;:&quot;px&quot;,&quot;size&quot;:15,&quot;sizes&quot;:[]},&quot;aspect_ratio&quot;:&quot;1:1&quot;,&quot;columns_tablet&quot;:3,&quot;columns_mobile&quot;:2,&quot;gap_tablet&quot;:{&quot;unit&quot;:&quot;px&quot;,&quot;size&quot;:15,&quot;sizes&quot;:[]},&quot;gap_mobile&quot;:{&quot;unit&quot;:&quot;px&quot;,&quot;size&quot;:15,&quot;sizes&quot;:[]},&quot;lazyload&quot;:&quot;yes&quot;,&quot;gallery_layout&quot;:&quot;grid&quot;,&quot;columns&quot;:4,&quot;gap_laptop&quot;:{&quot;unit&quot;:&quot;px&quot;,&quot;size&quot;:10,&quot;sizes&quot;:[]},&quot;link_to&quot;:&quot;file&quot;,&quot;content_hover_animation&quot;:&quot;fade-in&quot;}\" data-widget_type=\"gallery.default\">\n\t\t\t\t<div class=\"elementor-widget-container\">\n\t\t\t\t\t\t\t<div class=\"elementor-gallery__container\">\n\t\t\t\t\t\t\t<a class=\"e-gallery-item elementor-gallery-item elementor-animated-content\" href=\"https:\/\/skaven.dk\/wp-content\/uploads\/2025\/01\/img5019-12_1200x675-1.jpg\" data-elementor-open-lightbox=\"yes\" data-elementor-lightbox-slideshow=\"331bd84a\" data-e-action-hash=\"#elementor-action%3Aaction%3Dlightbox%26settings%3DeyJpZCI6OTY4MCwidXJsIjoiaHR0cHM6XC9cL3NrYXZlbi5ka1wvd3AtY29udGVudFwvdXBsb2Fkc1wvMjAyNVwvMDFcL2ltZzUwMTktMTJfMTIwMHg2NzUtMS5qcGciLCJzbGlkZXNob3ciOiIzMzFiZDg0YSJ9\" data-rel=\"-image-0\" data-rl_title=\"\" data-rl_caption=\"\" title=\"\">\n\t\t\t\t\t<div class=\"e-gallery-image elementor-gallery-item__image\" data-thumbnail=\"https:\/\/skaven.dk\/wp-content\/uploads\/2025\/01\/img5019-12_1200x675-1.jpg\" data-width=\"1200\" data-height=\"675\" aria-label=\"\" role=\"img\" ><\/div>\n\t\t\t\t\t\t\t\t\t\t\t\t\t\t<\/a>\n\t\t\t\t\t\t\t<a class=\"e-gallery-item elementor-gallery-item elementor-animated-content\" href=\"https:\/\/skaven.dk\/wp-content\/uploads\/2025\/01\/img5016-01_1200x675-1.jpg\" data-elementor-open-lightbox=\"yes\" data-elementor-lightbox-slideshow=\"331bd84a\" data-e-action-hash=\"#elementor-action%3Aaction%3Dlightbox%26settings%3DeyJpZCI6OTY4MywidXJsIjoiaHR0cHM6XC9cL3NrYXZlbi5ka1wvd3AtY29udGVudFwvdXBsb2Fkc1wvMjAyNVwvMDFcL2ltZzUwMTYtMDFfMTIwMHg2NzUtMS5qcGciLCJzbGlkZXNob3ciOiIzMzFiZDg0YSJ9\" data-rel=\"-image-1\" data-rl_title=\"\" data-rl_caption=\"\" title=\"\">\n\t\t\t\t\t<div class=\"e-gallery-image elementor-gallery-item__image\" data-thumbnail=\"https:\/\/skaven.dk\/wp-content\/uploads\/2025\/01\/img5016-01_1200x675-1.jpg\" data-width=\"1200\" data-height=\"675\" aria-label=\"\" role=\"img\" ><\/div>\n\t\t\t\t\t\t\t\t\t\t\t\t\t\t<\/a>\n\t\t\t\t\t\t\t<a class=\"e-gallery-item elementor-gallery-item elementor-animated-content\" href=\"https:\/\/skaven.dk\/wp-content\/uploads\/2025\/01\/img5006-06_1200x675.jpg\" data-elementor-open-lightbox=\"yes\" data-elementor-lightbox-slideshow=\"331bd84a\" data-e-action-hash=\"#elementor-action%3Aaction%3Dlightbox%26settings%3DeyJpZCI6OTU0NCwidXJsIjoiaHR0cHM6XC9cL3NrYXZlbi5ka1wvd3AtY29udGVudFwvdXBsb2Fkc1wvMjAyNVwvMDFcL2ltZzUwMDYtMDZfMTIwMHg2NzUuanBnIiwic2xpZGVzaG93IjoiMzMxYmQ4NGEifQ%3D%3D\" data-rel=\"-image-2\" data-rl_title=\"\" data-rl_caption=\"\" title=\"\">\n\t\t\t\t\t<div class=\"e-gallery-image elementor-gallery-item__image\" data-thumbnail=\"https:\/\/skaven.dk\/wp-content\/uploads\/2025\/01\/img5006-06_1200x675.jpg\" data-width=\"1200\" data-height=\"675\" aria-label=\"\" role=\"img\" ><\/div>\n\t\t\t\t\t\t\t\t\t\t\t\t\t\t<\/a>\n\t\t\t\t\t\t\t<a class=\"e-gallery-item elementor-gallery-item elementor-animated-content\" href=\"https:\/\/skaven.dk\/wp-content\/uploads\/2025\/01\/img5024-17_1200x675.jpg\" data-elementor-open-lightbox=\"yes\" data-elementor-lightbox-slideshow=\"331bd84a\" data-e-action-hash=\"#elementor-action%3Aaction%3Dlightbox%26settings%3DeyJpZCI6OTU0NywidXJsIjoiaHR0cHM6XC9cL3NrYXZlbi5ka1wvd3AtY29udGVudFwvdXBsb2Fkc1wvMjAyNVwvMDFcL2ltZzUwMjQtMTdfMTIwMHg2NzUuanBnIiwic2xpZGVzaG93IjoiMzMxYmQ4NGEifQ%3D%3D\" data-rel=\"-image-3\" data-rl_title=\"\" data-rl_caption=\"\" title=\"\">\n\t\t\t\t\t<div class=\"e-gallery-image elementor-gallery-item__image\" data-thumbnail=\"https:\/\/skaven.dk\/wp-content\/uploads\/2025\/01\/img5024-17_1200x675.jpg\" data-width=\"1200\" data-height=\"675\" aria-label=\"\" role=\"img\" ><\/div>\n\t\t\t\t\t\t\t\t\t\t\t\t\t\t<\/a>\n\t\t\t\t\t\t\t<a class=\"e-gallery-item elementor-gallery-item elementor-animated-content\" href=\"https:\/\/skaven.dk\/wp-content\/uploads\/2025\/01\/img5004-16_1200x675.jpg\" data-elementor-open-lightbox=\"yes\" data-elementor-lightbox-slideshow=\"331bd84a\" data-e-action-hash=\"#elementor-action%3Aaction%3Dlightbox%26settings%3DeyJpZCI6OTU1MCwidXJsIjoiaHR0cHM6XC9cL3NrYXZlbi5ka1wvd3AtY29udGVudFwvdXBsb2Fkc1wvMjAyNVwvMDFcL2ltZzUwMDQtMTZfMTIwMHg2NzUuanBnIiwic2xpZGVzaG93IjoiMzMxYmQ4NGEifQ%3D%3D\" data-rel=\"-image-4\" data-rl_title=\"\" data-rl_caption=\"\" title=\"\">\n\t\t\t\t\t<div class=\"e-gallery-image elementor-gallery-item__image\" data-thumbnail=\"https:\/\/skaven.dk\/wp-content\/uploads\/2025\/01\/img5004-16_1200x675.jpg\" data-width=\"1200\" data-height=\"675\" aria-label=\"\" role=\"img\" ><\/div>\n\t\t\t\t\t\t\t\t\t\t\t\t\t\t<\/a>\n\t\t\t\t\t\t\t<a class=\"e-gallery-item elementor-gallery-item elementor-animated-content\" href=\"https:\/\/skaven.dk\/wp-content\/uploads\/2025\/01\/img4909-01_1200x675.jpg\" data-elementor-open-lightbox=\"yes\" data-elementor-lightbox-slideshow=\"331bd84a\" data-e-action-hash=\"#elementor-action%3Aaction%3Dlightbox%26settings%3DeyJpZCI6OTU1OSwidXJsIjoiaHR0cHM6XC9cL3NrYXZlbi5ka1wvd3AtY29udGVudFwvdXBsb2Fkc1wvMjAyNVwvMDFcL2ltZzQ5MDktMDFfMTIwMHg2NzUuanBnIiwic2xpZGVzaG93IjoiMzMxYmQ4NGEifQ%3D%3D\" data-rel=\"-image-5\" data-rl_title=\"\" data-rl_caption=\"\" title=\"\">\n\t\t\t\t\t<div class=\"e-gallery-image elementor-gallery-item__image\" data-thumbnail=\"https:\/\/skaven.dk\/wp-content\/uploads\/2025\/01\/img4909-01_1200x675.jpg\" data-width=\"1200\" data-height=\"675\" aria-label=\"\" role=\"img\" ><\/div>\n\t\t\t\t\t\t\t\t\t\t\t\t\t\t<\/a>\n\t\t\t\t\t\t\t<a class=\"e-gallery-item elementor-gallery-item elementor-animated-content\" href=\"https:\/\/skaven.dk\/wp-content\/uploads\/2025\/01\/img4953-01_1200x675.jpg\" data-elementor-open-lightbox=\"yes\" data-elementor-lightbox-slideshow=\"331bd84a\" data-e-action-hash=\"#elementor-action%3Aaction%3Dlightbox%26settings%3DeyJpZCI6OTU2MiwidXJsIjoiaHR0cHM6XC9cL3NrYXZlbi5ka1wvd3AtY29udGVudFwvdXBsb2Fkc1wvMjAyNVwvMDFcL2ltZzQ5NTMtMDFfMTIwMHg2NzUuanBnIiwic2xpZGVzaG93IjoiMzMxYmQ4NGEifQ%3D%3D\" data-rel=\"-image-6\" data-rl_title=\"\" data-rl_caption=\"\" title=\"\">\n\t\t\t\t\t<div class=\"e-gallery-image elementor-gallery-item__image\" data-thumbnail=\"https:\/\/skaven.dk\/wp-content\/uploads\/2025\/01\/img4953-01_1200x675.jpg\" data-width=\"1200\" data-height=\"675\" aria-label=\"Camping in\u00e6r Skjern og Varde\" role=\"img\" ><\/div>\n\t\t\t\t\t\t\t\t\t\t\t\t\t\t<\/a>\n\t\t\t\t\t\t\t<a class=\"e-gallery-item elementor-gallery-item elementor-animated-content\" href=\"https:\/\/skaven.dk\/wp-content\/uploads\/2025\/01\/img4956-01_1200x675.jpg\" data-elementor-open-lightbox=\"yes\" data-elementor-lightbox-slideshow=\"331bd84a\" data-e-action-hash=\"#elementor-action%3Aaction%3Dlightbox%26settings%3DeyJpZCI6OTU2NSwidXJsIjoiaHR0cHM6XC9cL3NrYXZlbi5ka1wvd3AtY29udGVudFwvdXBsb2Fkc1wvMjAyNVwvMDFcL2ltZzQ5NTYtMDFfMTIwMHg2NzUuanBnIiwic2xpZGVzaG93IjoiMzMxYmQ4NGEifQ%3D%3D\" data-rel=\"-image-7\" data-rl_title=\"\" data-rl_caption=\"\" title=\"\">\n\t\t\t\t\t<div class=\"e-gallery-image elementor-gallery-item__image\" data-thumbnail=\"https:\/\/skaven.dk\/wp-content\/uploads\/2025\/01\/img4956-01_1200x675.jpg\" data-width=\"1200\" data-height=\"675\" aria-label=\"\" role=\"img\" ><\/div>\n\t\t\t\t\t\t\t\t\t\t\t\t\t\t<\/a>\n\t\t\t\t\t<\/div>\n\t\t\t\t\t<\/div>\n\t\t\t\t<\/div>\n\t\t\t\t\t<\/div>\n\t\t\t\t<\/div>\n\t\t<div class=\"elementor-element elementor-element-b949735 e-con-full e-flex e-con e-parent\" data-id=\"b949735\" data-element_type=\"container\" data-e-type=\"container\">\n\t\t\t\t<div class=\"elementor-element elementor-element-339c93b elementor-widget elementor-widget-template\" data-id=\"339c93b\" data-element_type=\"widget\" data-e-type=\"widget\" data-widget_type=\"template.default\">\n\t\t\t\t<div class=\"elementor-widget-container\">\n\t\t\t\t\t\t\t<div class=\"elementor-template\">\n\t\t\t\t\t<div data-elementor-type=\"container\" data-elementor-id=\"10083\" class=\"elementor elementor-10083 elementor-5165\" data-elementor-post-type=\"elementor_library\">\n\t\t\t\t<div class=\"elementor-element elementor-element-293089d overlay white e-flex e-con-boxed e-con e-parent\" data-id=\"293089d\" data-element_type=\"container\" data-e-type=\"container\" data-settings=\"{&quot;background_background&quot;:&quot;classic&quot;}\">\n\t\t\t\t\t<div class=\"e-con-inner\">\n\t\t\t\t<div class=\"elementor-element elementor-element-cb9870c elementor-widget__width-initial elementor-widget elementor-widget-text-editor\" data-id=\"cb9870c\" data-element_type=\"widget\" data-e-type=\"widget\" data-widget_type=\"text-editor.default\">\n\t\t\t\t<div class=\"elementor-widget-container\">\n\t\t\t\t\t\t\t\t\t<h6 style=\"text-align: center;\">Kontaktieren Sie uns heute<\/h6>\n<h3 style=\"text-align: center;\">M\u00f6chten Sie mehr erfahren?<\/h3>\n<p style=\"text-align: center;\">Wir helfen Ihnen gerne, den richtigen Stellplatz oder das richtige Ferienhaus f\u00fcr Ihren n\u00e4chsten Urlaub zu finden.<\/p>\n<p style=\"text-align: center;\">Rufen Sie uns an unter <a href=\"tel:+45 97 37 40 69\" aria-label=\"Telefon nummer\">+45 97 37 40 69<\/a> oder senden Sie eine E-Mail an <a href=\"mailto:info@skaven.dk\" aria-label=\"Email adresse\">info@skaven.dk<\/a>. Wir werden Ihre Anfrage so schnell wie m\u00f6glich beantworten. <\/p>\n\t\t\t\t\t\t\t\t<\/div>\n\t\t\t\t<\/div>\n\t\t\t\t<div class=\"elementor-element elementor-element-ffaa54e elementor-align-center cta elementor-widget elementor-widget-button\" data-id=\"ffaa54e\" data-element_type=\"widget\" data-e-type=\"widget\" data-widget_type=\"button.default\">\n\t\t\t\t<div class=\"elementor-widget-container\">\n\t\t\t\t\t\t\t\t\t<div class=\"elementor-button-wrapper\">\n\t\t\t\t\t<a class=\"elementor-button elementor-button-link elementor-size-sm\" href=\"https:\/\/skaven.dk\/kontakt\/\">\n\t\t\t\t\t\t<span class=\"elementor-button-content-wrapper\">\n\t\t\t\t\t\t\t\t\t<span class=\"elementor-button-text\">Kontaktieren Sie uns heute<\/span>\n\t\t\t\t\t<\/span>\n\t\t\t\t\t<\/a>\n\t\t\t\t<\/div>\n\t\t\t\t\t\t\t\t<\/div>\n\t\t\t\t<\/div>\n\t\t\t\t\t<\/div>\n\t\t\t\t<\/div>\n\t\t\t\t<\/div>\n\t\t\t\t<\/div>\n\t\t\t\t\t\t<\/div>\n\t\t\t\t<\/div>\n\t\t\t\t<\/div>\n\t\t\t\t<\/div>\n\t\t","protected":false},"excerpt":{"rendered":"<p>Relevante Informationen Ferienhausgebiet Skaven Strand liegt an der Ostseite des Ringk\u00f8bing Fjordes. Hier finden Sie frische Fjordluft, eine gem\u00fctliche Hafenumgebung und einen sch\u00f6nen Sandstrand. Skaven Strand ist bei vielen Menschen bekannt und beliebt, die ihren Urlaub in einer ruhigen Umgebung mit unber\u00fchrter Natur verbringen m\u00f6chten. Die seichten Gew\u00e4sser des Fjords machen ihn zu einem idealen &#8230; <a title=\"Informationen zu Ferienh\u00e4usern\" class=\"read-more\" href=\"https:\/\/skaven.dk\/de\/informationen-zu-ferienhaeusern\/\" aria-label=\"Mehr Informationen \u00fcber Informationen zu Ferienh\u00e4usern\">Weiterlesen &#8230;<\/a><\/p>\n","protected":false},"author":5,"featured_media":0,"parent":0,"menu_order":1000,"comment_status":"closed","ping_status":"closed","template":"","meta":{"_acf_changed":false,"footnotes":""},"categories":[],"class_list":["post-9878","page","type-page","status-publish"],"acf":[],"yoast_head":"<!-- This site is optimized with the Yoast SEO plugin v27.5 - https:\/\/yoast.com\/product\/yoast-seo-wordpress\/ -->\n<title>Informationen zu Ferienh\u00e4usern | Skaven Strand Camping og Sommerhusudlejning<\/title>\n<meta name=\"robots\" content=\"index, follow, max-snippet:-1, max-image-preview:large, max-video-preview:-1\" \/>\n<link rel=\"canonical\" href=\"https:\/\/skaven.dk\/de\/informationen-zu-ferienhaeusern\/\" \/>\n<meta property=\"og:locale\" content=\"de_DE\" \/>\n<meta property=\"og:type\" content=\"article\" \/>\n<meta property=\"og:title\" content=\"Informationen zu Ferienh\u00e4usern | Skaven Strand Camping og Sommerhusudlejning\" \/>\n<meta property=\"og:description\" content=\"Relevante Informationen Ferienhausgebiet Skaven Strand liegt an der Ostseite des Ringk\u00f8bing Fjordes. Hier finden Sie frische Fjordluft, eine gem\u00fctliche Hafenumgebung und einen sch\u00f6nen Sandstrand. Skaven Strand ist bei vielen Menschen bekannt und beliebt, die ihren Urlaub in einer ruhigen Umgebung mit unber\u00fchrter Natur verbringen m\u00f6chten. Die seichten Gew\u00e4sser des Fjords machen ihn zu einem idealen ... Weiterlesen ...\" \/>\n<meta property=\"og:url\" content=\"https:\/\/skaven.dk\/de\/informationen-zu-ferienhaeusern\/\" \/>\n<meta property=\"og:site_name\" content=\"Skaven Strand Camping og Sommerhusudlejning\" \/>\n<meta property=\"article:modified_time\" content=\"2025-03-19T10:11:28+00:00\" \/>\n<meta name=\"twitter:card\" content=\"summary_large_image\" \/>\n<script type=\"application\/ld+json\" class=\"yoast-schema-graph\">{\"@context\":\"https:\\\/\\\/schema.org\",\"@graph\":[{\"@type\":\"WebPage\",\"@id\":\"https:\\\/\\\/skaven.dk\\\/de\\\/informationen-zu-ferienhaeusern\\\/\",\"url\":\"https:\\\/\\\/skaven.dk\\\/de\\\/informationen-zu-ferienhaeusern\\\/\",\"name\":\"Informationen zu Ferienh\u00e4usern | Skaven Strand Camping og Sommerhusudlejning\",\"isPartOf\":{\"@id\":\"https:\\\/\\\/skaven.dk\\\/de\\\/#website\"},\"datePublished\":\"2024-11-21T13:21:37+00:00\",\"dateModified\":\"2025-03-19T10:11:28+00:00\",\"breadcrumb\":{\"@id\":\"https:\\\/\\\/skaven.dk\\\/de\\\/informationen-zu-ferienhaeusern\\\/#breadcrumb\"},\"inLanguage\":\"de\",\"potentialAction\":[{\"@type\":\"ReadAction\",\"target\":[\"https:\\\/\\\/skaven.dk\\\/de\\\/informationen-zu-ferienhaeusern\\\/\"]}]},{\"@type\":\"BreadcrumbList\",\"@id\":\"https:\\\/\\\/skaven.dk\\\/de\\\/informationen-zu-ferienhaeusern\\\/#breadcrumb\",\"itemListElement\":[{\"@type\":\"ListItem\",\"position\":1,\"name\":\"Forside\",\"item\":\"https:\\\/\\\/skaven.dk\\\/de\\\/hauptseite\\\/\"},{\"@type\":\"ListItem\",\"position\":2,\"name\":\"Informationen zu Ferienh\u00e4usern\"}]},{\"@type\":\"WebSite\",\"@id\":\"https:\\\/\\\/skaven.dk\\\/de\\\/#website\",\"url\":\"https:\\\/\\\/skaven.dk\\\/de\\\/\",\"name\":\"Skaven Strand Camping og Sommerhusudlejning\",\"description\":\"Skaven Strand Camping og Sommerhusudlejning: campinghytter p\u00e5 hyggelig campingpladsen smukt beliggende i Vestjylland\",\"publisher\":{\"@id\":\"https:\\\/\\\/skaven.dk\\\/de\\\/#organization\"},\"potentialAction\":[{\"@type\":\"SearchAction\",\"target\":{\"@type\":\"EntryPoint\",\"urlTemplate\":\"https:\\\/\\\/skaven.dk\\\/de\\\/?s={search_term_string}\"},\"query-input\":{\"@type\":\"PropertyValueSpecification\",\"valueRequired\":true,\"valueName\":\"search_term_string\"}}],\"inLanguage\":\"de\"},{\"@type\":\"Organization\",\"@id\":\"https:\\\/\\\/skaven.dk\\\/de\\\/#organization\",\"name\":\"Skaven Strand Camping og Sommerhusudlejning\",\"url\":\"https:\\\/\\\/skaven.dk\\\/de\\\/\",\"logo\":{\"@type\":\"ImageObject\",\"inLanguage\":\"de\",\"@id\":\"https:\\\/\\\/skaven.dk\\\/de\\\/#\\\/schema\\\/logo\\\/image\\\/\",\"url\":\"https:\\\/\\\/skaven.dk\\\/wp-content\\\/uploads\\\/2024\\\/11\\\/logo.svg\",\"contentUrl\":\"https:\\\/\\\/skaven.dk\\\/wp-content\\\/uploads\\\/2024\\\/11\\\/logo.svg\",\"width\":1592,\"height\":233,\"caption\":\"Skaven Strand Camping og Sommerhusudlejning\"},\"image\":{\"@id\":\"https:\\\/\\\/skaven.dk\\\/de\\\/#\\\/schema\\\/logo\\\/image\\\/\"}}]}<\/script>\n<!-- \/ Yoast SEO plugin. -->","yoast_head_json":{"title":"Informationen zu Ferienh\u00e4usern | Skaven Strand Camping og Sommerhusudlejning","robots":{"index":"index","follow":"follow","max-snippet":"max-snippet:-1","max-image-preview":"max-image-preview:large","max-video-preview":"max-video-preview:-1"},"canonical":"https:\/\/skaven.dk\/de\/informationen-zu-ferienhaeusern\/","og_locale":"de_DE","og_type":"article","og_title":"Informationen zu Ferienh\u00e4usern | Skaven Strand Camping og Sommerhusudlejning","og_description":"Relevante Informationen Ferienhausgebiet Skaven Strand liegt an der Ostseite des Ringk\u00f8bing Fjordes. Hier finden Sie frische Fjordluft, eine gem\u00fctliche Hafenumgebung und einen sch\u00f6nen Sandstrand. Skaven Strand ist bei vielen Menschen bekannt und beliebt, die ihren Urlaub in einer ruhigen Umgebung mit unber\u00fchrter Natur verbringen m\u00f6chten. Die seichten Gew\u00e4sser des Fjords machen ihn zu einem idealen ... Weiterlesen ...","og_url":"https:\/\/skaven.dk\/de\/informationen-zu-ferienhaeusern\/","og_site_name":"Skaven Strand Camping og Sommerhusudlejning","article_modified_time":"2025-03-19T10:11:28+00:00","twitter_card":"summary_large_image","schema":{"@context":"https:\/\/schema.org","@graph":[{"@type":"WebPage","@id":"https:\/\/skaven.dk\/de\/informationen-zu-ferienhaeusern\/","url":"https:\/\/skaven.dk\/de\/informationen-zu-ferienhaeusern\/","name":"Informationen zu Ferienh\u00e4usern | Skaven Strand Camping og Sommerhusudlejning","isPartOf":{"@id":"https:\/\/skaven.dk\/de\/#website"},"datePublished":"2024-11-21T13:21:37+00:00","dateModified":"2025-03-19T10:11:28+00:00","breadcrumb":{"@id":"https:\/\/skaven.dk\/de\/informationen-zu-ferienhaeusern\/#breadcrumb"},"inLanguage":"de","potentialAction":[{"@type":"ReadAction","target":["https:\/\/skaven.dk\/de\/informationen-zu-ferienhaeusern\/"]}]},{"@type":"BreadcrumbList","@id":"https:\/\/skaven.dk\/de\/informationen-zu-ferienhaeusern\/#breadcrumb","itemListElement":[{"@type":"ListItem","position":1,"name":"Forside","item":"https:\/\/skaven.dk\/de\/hauptseite\/"},{"@type":"ListItem","position":2,"name":"Informationen zu Ferienh\u00e4usern"}]},{"@type":"WebSite","@id":"https:\/\/skaven.dk\/de\/#website","url":"https:\/\/skaven.dk\/de\/","name":"Skaven Strand Camping og Sommerhusudlejning","description":"Skaven Strand Camping og Sommerhusudlejning: campinghytter p\u00e5 hyggelig campingpladsen smukt beliggende i Vestjylland","publisher":{"@id":"https:\/\/skaven.dk\/de\/#organization"},"potentialAction":[{"@type":"SearchAction","target":{"@type":"EntryPoint","urlTemplate":"https:\/\/skaven.dk\/de\/?s={search_term_string}"},"query-input":{"@type":"PropertyValueSpecification","valueRequired":true,"valueName":"search_term_string"}}],"inLanguage":"de"},{"@type":"Organization","@id":"https:\/\/skaven.dk\/de\/#organization","name":"Skaven Strand Camping og Sommerhusudlejning","url":"https:\/\/skaven.dk\/de\/","logo":{"@type":"ImageObject","inLanguage":"de","@id":"https:\/\/skaven.dk\/de\/#\/schema\/logo\/image\/","url":"https:\/\/skaven.dk\/wp-content\/uploads\/2024\/11\/logo.svg","contentUrl":"https:\/\/skaven.dk\/wp-content\/uploads\/2024\/11\/logo.svg","width":1592,"height":233,"caption":"Skaven Strand Camping og Sommerhusudlejning"},"image":{"@id":"https:\/\/skaven.dk\/de\/#\/schema\/logo\/image\/"}}]}},"_links":{"self":[{"href":"https:\/\/skaven.dk\/de\/wp-json\/wp\/v2\/pages\/9878","targetHints":{"allow":["GET"]}}],"collection":[{"href":"https:\/\/skaven.dk\/de\/wp-json\/wp\/v2\/pages"}],"about":[{"href":"https:\/\/skaven.dk\/de\/wp-json\/wp\/v2\/types\/page"}],"author":[{"embeddable":true,"href":"https:\/\/skaven.dk\/de\/wp-json\/wp\/v2\/users\/5"}],"replies":[{"embeddable":true,"href":"https:\/\/skaven.dk\/de\/wp-json\/wp\/v2\/comments?post=9878"}],"version-history":[{"count":1,"href":"https:\/\/skaven.dk\/de\/wp-json\/wp\/v2\/pages\/9878\/revisions"}],"predecessor-version":[{"id":9880,"href":"https:\/\/skaven.dk\/de\/wp-json\/wp\/v2\/pages\/9878\/revisions\/9880"}],"wp:attachment":[{"href":"https:\/\/skaven.dk\/de\/wp-json\/wp\/v2\/media?parent=9878"}],"wp:term":[{"taxonomy":"category","embeddable":true,"href":"https:\/\/skaven.dk\/de\/wp-json\/wp\/v2\/categories?post=9878"}],"curies":[{"name":"wp","href":"https:\/\/api.w.org\/{rel}","templated":true}]}}